{"id":1039,"date":"2026-02-02T07:11:25","date_gmt":"2026-02-02T07:11:25","guid":{"rendered":"https:\/\/visionkingscope.com\/?post_type=product&#038;p=1039"},"modified":"2026-02-02T07:11:25","modified_gmt":"2026-02-02T07:11:25","slug":"smart-cell-phone-adapter-for-spotting-scope-telescopes-binoculars-28-47mm-lens","status":"publish","type":"product","link":"https:\/\/visionkingscope.com\/pl\/smart-cell-phone-adapter-for-spotting-scope-telescopes-binoculars-28-47mm-lens\/","title":{"rendered":"cURL Too many subrequests."},"content":{"rendered":"<p>Ten adapter do telefonu kom\u00f3rkowego jest odpowiedni dla wi\u0119kszo\u015bci produkt\u00f3w Visionking z wyj\u0105tkiem Visionking 30-90x100SS oraz 15-45X60ED i 12-36X50SS lornetek obserwacyjnych (te trzy modele maj\u0105 okulary o \u015brednicy wi\u0119kszej ni\u017c 52 mm).<\/p>\n<p>Pasuje do wszystkich innych teleskop\u00f3w astronomicznych Visionking, lornetek, monokular\u00f3w i lornetek obserwacyjnych, kt\u00f3re maj\u0105 okulary o rozmiarze 28-47 mm.<\/p>\n<p style=\"font-weight: 900;\"><strong>Specifications:<\/strong><\/p>\n<ul>\n<li><strong>Materia\u0142 obudowy: g\u0142\u00f3wny aluminium<\/strong><\/li>\n<li><strong>Pasuje do soczewek: 28-47 mm<\/strong><\/li>\n<li><strong>Szeroko\u015b\u0107 telefonu: 54-92 mm<\/strong><\/li>\n<\/ul>","protected":false},"excerpt":{"rendered":"<p>This Cell Phone Adapter can be used for all cell phone which is 54-92mm width.<\/p>\n<p>&nbsp;<\/p>","protected":false},"featured_media":1041,"template":"","meta":[],"product_brand":[],"product_cat":[25],"product_tag":[],"class_list":{"0":"post-1039","1":"product","2":"type-product","3":"status-publish","4":"has-post-thumbnail","6":"product_cat-accessories","8":"first","9":"instock","10":"shipping-taxable","11":"product-type-simple"},"_links":{"self":[{"href":"https:\/\/visionkingscope.com\/pl\/wp-json\/wp\/v2\/product\/1039","targetHints":{"allow":["GET"]}}],"collection":[{"href":"https:\/\/visionkingscope.com\/pl\/wp-json\/wp\/v2\/product"}],"about":[{"href":"https:\/\/visionkingscope.com\/pl\/wp-json\/wp\/v2\/types\/product"}],"wp:featuredmedia":[{"embeddable":true,"href":"https:\/\/visionkingscope.com\/pl\/wp-json\/wp\/v2\/media\/1041"}],"wp:attachment":[{"href":"https:\/\/visionkingscope.com\/pl\/wp-json\/wp\/v2\/media?parent=1039"}],"wp:term":[{"taxonomy":"product_brand","embeddable":true,"href":"https:\/\/visionkingscope.com\/pl\/wp-json\/wp\/v2\/product_brand?post=1039"},{"taxonomy":"product_cat","embeddable":true,"href":"https:\/\/visionkingscope.com\/pl\/wp-json\/wp\/v2\/product_cat?post=1039"},{"taxonomy":"product_tag","embeddable":true,"href":"https:\/\/visionkingscope.com\/pl\/wp-json\/wp\/v2\/product_tag?post=1039"}],"curies":[{"name":"wp","href":"https:\/\/api.w.org\/{rel}","templated":true}]}}