{"id":1031,"date":"2026-02-02T07:04:17","date_gmt":"2026-02-02T07:04:17","guid":{"rendered":"https:\/\/visionkingscope.com\/?post_type=product&#038;p=1031"},"modified":"2026-02-02T07:04:17","modified_gmt":"2026-02-02T07:04:17","slug":"large-eye-lens-universal-camera-adapter-for-spotting-scope-telescope-44-mm-65-mm","status":"publish","type":"product","link":"https:\/\/visionkingscope.com\/pl\/large-eye-lens-universal-camera-adapter-for-spotting-scope-telescope-44-mm-65-mm\/","title":{"rendered":"cURL Too many subrequests."},"content":{"rendered":"<p><strong>Specifications:<\/strong><\/p>\n<ul>\n<li><strong>Body Material:\u00a0\u00a0 Aluminum<\/strong><\/li>\n<li><strong>Weight:\u00a0\u00a0 12.4 oz<\/strong><\/li>\n<li><strong>Wysoko\u015b\u0107: 7,8\u2033<\/strong><\/li>\n<li><strong>Odpowiedni rozmiar okular\u00f3w celowniczych: 44 mm-65 mm<\/strong><\/li>\n<\/ul>\n<p>&nbsp;<\/p>\n<p><strong>Packaging details<\/strong>:<\/p>\n<ul>\n<li><strong>Uniwersalny adapter do kamery z du\u017c\u0105 soczewk\u0105 oka Visionking.<br \/>\n(Aparat i lornetka nie s\u0105 do\u0142\u0105czone)<\/strong><\/li>\n<\/ul>","protected":false},"excerpt":{"rendered":"<p>This Visionking Universal Camera Adapter allows you to take digital pictures through the scope with large lens from 44 mm-65 mm,it suit for large lens spotting scope,rifle scope.<\/p>","protected":false},"featured_media":1032,"template":"","meta":[],"product_brand":[],"product_cat":[25],"product_tag":[],"class_list":{"0":"post-1031","1":"product","2":"type-product","3":"status-publish","4":"has-post-thumbnail","6":"product_cat-accessories","8":"first","9":"instock","10":"shipping-taxable","11":"product-type-simple"},"_links":{"self":[{"href":"https:\/\/visionkingscope.com\/pl\/wp-json\/wp\/v2\/product\/1031","targetHints":{"allow":["GET"]}}],"collection":[{"href":"https:\/\/visionkingscope.com\/pl\/wp-json\/wp\/v2\/product"}],"about":[{"href":"https:\/\/visionkingscope.com\/pl\/wp-json\/wp\/v2\/types\/product"}],"wp:featuredmedia":[{"embeddable":true,"href":"https:\/\/visionkingscope.com\/pl\/wp-json\/wp\/v2\/media\/1032"}],"wp:attachment":[{"href":"https:\/\/visionkingscope.com\/pl\/wp-json\/wp\/v2\/media?parent=1031"}],"wp:term":[{"taxonomy":"product_brand","embeddable":true,"href":"https:\/\/visionkingscope.com\/pl\/wp-json\/wp\/v2\/product_brand?post=1031"},{"taxonomy":"product_cat","embeddable":true,"href":"https:\/\/visionkingscope.com\/pl\/wp-json\/wp\/v2\/product_cat?post=1031"},{"taxonomy":"product_tag","embeddable":true,"href":"https:\/\/visionkingscope.com\/pl\/wp-json\/wp\/v2\/product_tag?post=1031"}],"curies":[{"name":"wp","href":"https:\/\/api.w.org\/{rel}","templated":true}]}}