{"id":1026,"date":"2026-02-02T07:00:41","date_gmt":"2026-02-02T07:00:41","guid":{"rendered":"https:\/\/visionkingscope.com\/?post_type=product&#038;p=1026"},"modified":"2026-02-02T07:00:41","modified_gmt":"2026-02-02T07:00:41","slug":"visionking-rifle-scope-rings-35-mm-mounting-223-308-50-cal-6061-picatinny","status":"publish","type":"product","link":"https:\/\/visionkingscope.com\/pl\/visionking-rifle-scope-rings-35-mm-mounting-223-308-50-cal-6061-picatinny\/","title":{"rendered":"Visionking rifle scope rings 35 mm mounting .223 .308 .50 cal 6061 picatinny"},"content":{"rendered":"<h3>Specifications:<\/h3>\n<ul>\n<li>Body Material: High quality 6061 aluminum<\/li>\n<li>Waga(g): 240 g (przed pakowaniem)<\/li>\n<li>\u015arednica pier\u015bcienia: 35 mm<\/li>\n<\/ul>\n<h3>\nPackaging details:<\/h3>\n<ul>\n<li>2 x rings<\/li>\n<li>klucz imbusowy<\/li>\n<\/ul>","protected":false},"excerpt":{"rendered":"<p>Ta monta\u017c na celownik do karabinu pasuje do celownika o \u015brednicy 35 mm. Pasuje do szyn Picatinny o szeroko\u015bci 21 mm. Wykonany z wysokiej jako\u015bci aluminium 6061 i sze\u015bcioma \u015brubami, mo\u017ce wytrzyma\u0107 obci\u0105\u017cenie do kalibru .50.<\/p>","protected":false},"featured_media":1028,"template":"","meta":[],"product_brand":[],"product_cat":[25],"product_tag":[],"class_list":{"0":"post-1026","1":"product","2":"type-product","3":"status-publish","4":"has-post-thumbnail","6":"product_cat-accessories","8":"first","9":"instock","10":"shipping-taxable","11":"product-type-simple"},"_links":{"self":[{"href":"https:\/\/visionkingscope.com\/pl\/wp-json\/wp\/v2\/product\/1026","targetHints":{"allow":["GET"]}}],"collection":[{"href":"https:\/\/visionkingscope.com\/pl\/wp-json\/wp\/v2\/product"}],"about":[{"href":"https:\/\/visionkingscope.com\/pl\/wp-json\/wp\/v2\/types\/product"}],"wp:featuredmedia":[{"embeddable":true,"href":"https:\/\/visionkingscope.com\/pl\/wp-json\/wp\/v2\/media\/1028"}],"wp:attachment":[{"href":"https:\/\/visionkingscope.com\/pl\/wp-json\/wp\/v2\/media?parent=1026"}],"wp:term":[{"taxonomy":"product_brand","embeddable":true,"href":"https:\/\/visionkingscope.com\/pl\/wp-json\/wp\/v2\/product_brand?post=1026"},{"taxonomy":"product_cat","embeddable":true,"href":"https:\/\/visionkingscope.com\/pl\/wp-json\/wp\/v2\/product_cat?post=1026"},{"taxonomy":"product_tag","embeddable":true,"href":"https:\/\/visionkingscope.com\/pl\/wp-json\/wp\/v2\/product_tag?post=1026"}],"curies":[{"name":"wp","href":"https:\/\/api.w.org\/{rel}","templated":true}]}}