{"id":997,"date":"2026-02-02T06:39:09","date_gmt":"2026-02-02T06:39:09","guid":{"rendered":"https:\/\/visionkingscope.com\/?post_type=product&#038;p=997"},"modified":"2026-02-02T06:39:09","modified_gmt":"2026-02-02T06:39:09","slug":"visionking-digital-night-vision-binoculars-7x31-infrared-scopes-hunting","status":"publish","type":"product","link":"https:\/\/visionkingscope.com\/de\/visionking-digital-night-vision-binoculars-7x31-infrared-scopes-hunting\/","title":{"rendered":"Visionking Digitales Nachtsicht-Binokulare 7\u00d731 Infrarot-Optiken Jagd"},"content":{"rendered":"<h3>Spezifikationen:<\/h3>\n<table width=\"648\">\n<tbody>\n<tr>\n<td data-spm-anchor-id=\"2114.12010108.1000023.i1.62ce7889oPDyEl\">Katalog<\/td>\n<td>Funktionsbeschreibung<\/td>\n<\/tr>\n<tr>\n<td rowspan=\"8\">Optische Leistung<\/td>\n<td>Vergr\u00f6\u00dferungsleistung  3,5 \u00d731  (MAX  7x)<\/td>\n<\/tr>\n<tr>\n<td>Digitaler Zoom  2 Stufen Vergr\u00f6\u00dferung, Max 2x<\/td>\n<\/tr>\n<tr>\n<td>Sichtfeldwinkel  9\u00b0<\/td>\n<\/tr>\n<tr>\n<td>Objektivblende  31mm<\/td>\n<\/tr>\n<tr>\n<td>Ausgangspupillenabstand  30mm<\/td>\n<\/tr>\n<tr>\n<td>F# f\u00fcr Objektivlinse  1.2<\/td>\n<\/tr>\n<tr>\n<td>3m~\u221e<span data-spm-anchor-id=\"2114.12010108.1000023.i2.62ce7889oPDyEl\">\u00a0tags\u00fcber; Sicht im Dunkeln bis zu 400M (monochrom)<\/span><\/td>\n<\/tr>\n<tr>\n<td>Okularvergr\u00f6\u00dferung  2x<\/td>\n<\/tr>\n<tr>\n<td rowspan=\"3\">Videoausgang<\/td>\n<td>320\u00d7240 Aufl\u00f6sung TFT LCD<\/td>\n<\/tr>\n<tr>\n<td>OSD-Men\u00fcanzeige<\/td>\n<\/tr>\n<tr>\n<td>CVBS immer mit VGA-Aufl\u00f6sung ausgegeben<\/td>\n<\/tr>\n<tr>\n<td rowspan=\"3\">Bildsensor<\/td>\n<td>Hohes Dynamikbereich  Hochsensitives CMOS-Sensor<\/td>\n<\/tr>\n<tr>\n<td>Gr\u00f6\u00dfe  1\/3\u201d<\/td>\n<\/tr>\n<tr>\n<td>Aufl\u00f6sung  640X480<\/td>\n<\/tr>\n<tr>\n<td>IR-LED<\/td>\n<td>3W Infrarot-LED mit 850nm<\/td>\n<\/tr>\n<tr>\n<td>Micro-SD-Karte<\/td>\n<td>Unterst\u00fctzt SDHC 4GB~32GB SD-Karte<\/td>\n<\/tr>\n<tr>\n<td rowspan=\"5\">Hardware-Tasten<\/td>\n<td>Ein\/Aus-Schalter<\/td>\n<\/tr>\n<tr>\n<td>Schnapp<\/td>\n<\/tr>\n<tr>\n<td>Modusauswahl<\/td>\n<\/tr>\n<tr>\n<td>Zoom<\/td>\n<\/tr>\n<tr>\n<td>IR-Schalter<\/td>\n<\/tr>\n<tr>\n<td rowspan=\"4\">Betrieb<\/td>\n<td>Vorschau<\/td>\n<\/tr>\n<tr>\n<td>JPEG-Datei in SD-Speicher aufnehmen<\/td>\n<\/tr>\n<tr>\n<td>JPEG-Datei in SD-Speicher erfassen<\/td>\n<\/tr>\n<tr>\n<td>Mediendatei aus SD-Speicher wiedergeben<\/td>\n<\/tr>\n<tr>\n<td rowspan=\"4\">Vergr\u00f6\u00dferung<\/td>\n<td>Externe Stromversorgung \u2013 DC 5V\/1A<\/td>\n<\/tr>\n<tr>\n<td>8 St\u00fcck AA-Batterien 4,5V-6V<\/td>\n<\/tr>\n<tr>\n<td>Batterielebensdauer: 6 Stunden Betriebszeit bei ausgeschaltetem IR<\/td>\n<\/tr>\n<tr>\n<td>Batterie schwach Warnung<\/td>\n<\/tr>\n<tr>\n<td rowspan=\"13\">System<\/td>\n<td>4 Modi (Aufnahme, Video, Wiedergabe)<\/td>\n<\/tr>\n<tr>\n<td data-spm-anchor-id=\"2114.12010108.1000023.i0.62ce7889oPDyEl\">Einzelbildaufnahme<\/td>\n<\/tr>\n<tr>\n<td>Video-Bildaufnahme<\/td>\n<\/tr>\n<tr>\n<td>Wiedergabebild<\/td>\n<\/tr>\n<tr>\n<td>Bild l\u00f6schen<\/td>\n<\/tr>\n<tr>\n<td>5-Stufen IR-Schalter<\/td>\n<\/tr>\n<tr>\n<td>SD-Kartenformatierung<\/td>\n<\/tr>\n<tr>\n<td>Stromsparmodus (Aus\/1 Min\/3 Min\/50 Min)<\/td>\n<\/tr>\n<tr>\n<td>Sprache: Englisch \/Trad. Chinesisch \/Simp. Chinesisch \/Japanisch \/<br \/>\nFranz\u00f6sisch \/Deutsch \/Koreanisch \/Italienisch \/Portugiesisch \/Russisch \/Spanisch \/Arabisch<\/td>\n<\/tr>\n<tr>\n<td>System zur\u00fccksetzen<\/td>\n<\/tr>\n<tr>\n<td>Lichtfrequenz 50\/60Hz<\/td>\n<\/tr>\n<tr>\n<td>Datum eingeben<\/td>\n<\/tr>\n<tr>\n<td>Version<\/td>\n<\/tr>\n<tr>\n<td rowspan=\"2\">Gr\u00f6\u00dfe<\/td>\n<td>Gr\u00f6\u00dfe 210mm x 145mm x 65mm<\/td>\n<\/tr>\n<tr>\n<td>Nettogewicht 750g (ohne Batterie)<\/td>\n<\/tr>\n<tr>\n<td>Verpackung<\/td>\n<td data-spm-anchor-id=\"2114.12010108.1000023.i3.62ce7889oPDyEl\">USB-Kabel \/ AV-Kabel \/ TF-Karte \/ Tasche \/ Bedienungsanleitung<\/td>\n<\/tr>\n<\/tbody>\n<\/table>\n<p>&nbsp;<\/p>\n<h3>Verpackungsdetails:<\/h3>\n<div><span class=\"Apple-style-span\"><span style=\"font-family: Times;\"><strong>A Visionking\u00a0<\/strong><\/span><\/span><span class=\"Apple-style-span\"><span style=\"font-family: Times;\"><strong><span style=\"font-size: large;\"><span style=\"font-family: Arial; font-size: small;\"><span lang=\"EN-US\"><b>Fernglas\u00a0<\/b><\/span><\/span><\/span><\/strong><\/span><strong>Digitale Nachtsichtger\u00e4te<\/strong><\/span><\/div>","protected":false},"excerpt":{"rendered":"<p>Visionking Digital Nachtsicht Ferngl\u00e4ser Vedio Fotografie J\u00e4ger<\/p>","protected":false},"featured_media":1000,"template":"","meta":[],"product_brand":[],"product_cat":[26],"product_tag":[],"class_list":{"0":"post-997","1":"product","2":"type-product","3":"status-publish","4":"has-post-thumbnail","6":"product_cat-night-vision","8":"first","9":"instock","10":"shipping-taxable","11":"product-type-simple"},"_links":{"self":[{"href":"https:\/\/visionkingscope.com\/de\/wp-json\/wp\/v2\/product\/997","targetHints":{"allow":["GET"]}}],"collection":[{"href":"https:\/\/visionkingscope.com\/de\/wp-json\/wp\/v2\/product"}],"about":[{"href":"https:\/\/visionkingscope.com\/de\/wp-json\/wp\/v2\/types\/product"}],"wp:featuredmedia":[{"embeddable":true,"href":"https:\/\/visionkingscope.com\/de\/wp-json\/wp\/v2\/media\/1000"}],"wp:attachment":[{"href":"https:\/\/visionkingscope.com\/de\/wp-json\/wp\/v2\/media?parent=997"}],"wp:term":[{"taxonomy":"product_brand","embeddable":true,"href":"https:\/\/visionkingscope.com\/de\/wp-json\/wp\/v2\/product_brand?post=997"},{"taxonomy":"product_cat","embeddable":true,"href":"https:\/\/visionkingscope.com\/de\/wp-json\/wp\/v2\/product_cat?post=997"},{"taxonomy":"product_tag","embeddable":true,"href":"https:\/\/visionkingscope.com\/de\/wp-json\/wp\/v2\/product_tag?post=997"}],"curies":[{"name":"wp","href":"https:\/\/api.w.org\/{rel}","templated":true}]}}