{"id":991,"date":"2026-02-02T06:34:36","date_gmt":"2026-02-02T06:34:36","guid":{"rendered":"https:\/\/visionkingscope.com\/?post_type=product&#038;p=991"},"modified":"2026-02-02T06:34:36","modified_gmt":"2026-02-02T06:34:36","slug":"portable-visionking-8x40-bak4-monocular-metal-body-glass-lens","status":"publish","type":"product","link":"https:\/\/visionkingscope.com\/de\/portable-visionking-8x40-bak4-monocular-metal-body-glass-lens\/","title":{"rendered":"Tragbares Visionking 8\u00d740 BAK4 Monokular Metallgeh\u00e4use Glaslinse"},"content":{"rendered":"<p style=\"font-weight: 900;\"><strong><u>Spezifikationen:<\/u><\/strong><\/p>\n<ul>\n<li style=\"font-weight: 900;\"><strong>\u00a0\u00a0<\/strong><strong>Vergr\u00f6\u00dferung: 8x<\/strong><\/li>\n<li style=\"font-weight: 900;\"><strong>\u00a0\u00a0<\/strong><strong>Objektiv: 40 mm<\/strong><\/li>\n<li style=\"font-weight: 900;\"><strong>\u00a0\u00a0<\/strong><strong>Fokussystem: Okularfokussierung<\/strong><strong>\u00a0<\/strong><\/li>\n<li style=\"font-weight: 900;\"><strong>\u00a0\u00a0<\/strong><strong>Prismensystem: Dach<\/strong><\/li>\n<li style=\"font-weight: 900;\"><strong>\u00a0\u00a0<\/strong><strong>Prismenklasse: BAK-4<\/strong><\/li>\n<li style=\"font-weight: 900;\"><strong>\u00a0\u00a0<\/strong><strong>Objektivbeschichtung: FMC<\/strong><\/li>\n<li style=\"font-weight: 900;\"><strong>\u00a0\u00a0<\/strong><strong>Sichtfeld, ft.\/1000 Yards: 342\u00a0<\/strong><\/li>\n<li style=\"font-weight: 900;\"><strong>\u00a0\u00a0<\/strong><strong>Ausgangspupille: 5 mm<\/strong><\/li>\n<li style=\"font-weight: 900;\"><strong>\u00a0\u00a0<\/strong><strong>Naheinstellung: 5 m<\/strong><\/li>\n<li style=\"font-weight: 900;\"><strong>\u00a0\u00a0<\/strong><strong>Verpackungsgewicht: 460 g<\/strong><\/li>\n<li style=\"font-weight: 900;\"><strong>\u00a0\u00a0<\/strong><strong>Abmessungen: 170x90x75 mm<\/strong><\/li>\n<\/ul>\n<p style=\"font-weight: 900;\"><strong>\u00a0<\/strong><\/p>\n<p style=\"font-weight: 900;\"><strong><u>Verpackungsdetails:\u00a0<\/u><\/strong><\/p>\n<p style=\"font-weight: 900;\"><strong>Visionking 8\u00d740 Monokular, Softtasche, Reinigungstuch, Anleitung, Trockenmittel, Karton<\/strong><\/p>\n<p style=\"font-weight: 900;\"><strong>\u00a0<\/strong><\/p>\n<p style=\"font-weight: 900;\"><strong><u>Merkmale:<\/u><\/strong><\/p>\n<ul>\n<li style=\"font-weight: 900;\">\u00a0<strong>Leichtgewicht, kompaktes Design;<\/strong><\/li>\n<li style=\"font-weight: 900;\">\u00a0<strong>Langlebiges Vollmetallgeh\u00e4use;<\/strong><\/li>\n<\/ul>","protected":false},"excerpt":{"rendered":"<p><b><span style=\"font-family: Malgun Gothic;\">Das neue Visionking Monokular, mini kompaktes Geh\u00e4use, tragbar und langlebiges Metallgeh\u00e4use, ideal f\u00fcr Jagd und Camping und so weiter<\/span><\/b><b><span style=\"font-family: Malgun Gothic;\">.<\/span><\/b><\/p>","protected":false},"featured_media":995,"template":"","meta":[],"product_brand":[],"product_cat":[23],"product_tag":[],"class_list":{"0":"post-991","1":"product","2":"type-product","3":"status-publish","4":"has-post-thumbnail","6":"product_cat-monocular","8":"first","9":"instock","10":"shipping-taxable","11":"product-type-simple"},"_links":{"self":[{"href":"https:\/\/visionkingscope.com\/de\/wp-json\/wp\/v2\/product\/991","targetHints":{"allow":["GET"]}}],"collection":[{"href":"https:\/\/visionkingscope.com\/de\/wp-json\/wp\/v2\/product"}],"about":[{"href":"https:\/\/visionkingscope.com\/de\/wp-json\/wp\/v2\/types\/product"}],"wp:featuredmedia":[{"embeddable":true,"href":"https:\/\/visionkingscope.com\/de\/wp-json\/wp\/v2\/media\/995"}],"wp:attachment":[{"href":"https:\/\/visionkingscope.com\/de\/wp-json\/wp\/v2\/media?parent=991"}],"wp:term":[{"taxonomy":"product_brand","embeddable":true,"href":"https:\/\/visionkingscope.com\/de\/wp-json\/wp\/v2\/product_brand?post=991"},{"taxonomy":"product_cat","embeddable":true,"href":"https:\/\/visionkingscope.com\/de\/wp-json\/wp\/v2\/product_cat?post=991"},{"taxonomy":"product_tag","embeddable":true,"href":"https:\/\/visionkingscope.com\/de\/wp-json\/wp\/v2\/product_tag?post=991"}],"curies":[{"name":"wp","href":"https:\/\/api.w.org\/{rel}","templated":true}]}}