{"id":986,"date":"2026-02-02T06:32:56","date_gmt":"2026-02-02T06:32:56","guid":{"rendered":"https:\/\/visionkingscope.com\/?post_type=product&#038;p=986"},"modified":"2026-02-02T06:32:56","modified_gmt":"2026-02-02T06:32:56","slug":"visionking-portable-powerful-zoom-bak4-k-10-25x42-zoom-monocular-mini-compact","status":"publish","type":"product","link":"https:\/\/visionkingscope.com\/de\/visionking-portable-powerful-zoom-bak4-k-10-25x42-zoom-monocular-mini-compact\/","title":{"rendered":"Visionking Tragbares Leistungsstarkes Zoom BAK4 K 10-25\u00d742 Zoom Monokular Mini Kompakt"},"content":{"rendered":"<p style=\"font-weight: 900;\"><strong>Spezifikationen:<\/strong><\/p>\n<ul>\n<li style=\"font-weight: 900;\"><strong>Leistung: 10x-25x<\/strong><\/li>\n<li style=\"font-weight: 900;\"><strong>Objektiv: 42 mm<\/strong><\/li>\n<li style=\"font-weight: 900;\"><strong>Gr\u00f6\u00dfenklasse, mm: 174\u00d750<\/strong><\/li>\n<li style=\"font-weight: 900;\"><strong>Fokussystem: Zentral<\/strong><\/li>\n<li style=\"font-weight: 900;\"><strong>Prismensystem: Dach<\/strong><\/li>\n<li style=\"font-weight: 900;\"><strong>Prismenklasse: BAK-4<\/strong><\/li>\n<li style=\"font-weight: 900;\"><strong>Objektivbeschichtung: FMC<\/strong><\/li>\n<li style=\"font-weight: 900;\"><strong>Sichtfeld, ft.\/1000yds: 170-128<\/strong><\/li>\n<li style=\"font-weight: 900;\"><strong>Ausgangspupille: 42-16,8 mm<\/strong><\/li>\n<li style=\"font-weight: 900;\"><strong>Naheinstellung: 0,5 m<\/strong><\/li>\n<li style=\"font-weight: 900;\"><strong>Verpackungsgewicht: 420 g<\/strong><\/li>\n<li style=\"font-weight: 900;\"><strong> Abmessungen: 70x70x190 mm<\/strong><\/li>\n<\/ul>\n<p style=\"font-weight: 900;\"><strong>\u00a0<\/strong><\/p>\n<p style=\"font-weight: 900;\"><strong>Verpackungsdetails<\/strong><strong>:<\/strong><strong>\u00a0<\/strong><\/p>\n<ul>\n<li style=\"font-weight: 900;\"><strong>Visionking 10-25\u00d742 Monokular, Softtasche, Reinigungstuch, Anleitung, Spiegelriemen, Trockenmittel, Karton<\/strong><\/li>\n<\/ul>\n<p style=\"font-weight: 900;\"><strong><em>Merkmale:<\/em><\/strong><\/p>\n<ul>\n<li style=\"font-weight: 900;\"><strong>Leichtgewicht, kompaktes Design;<\/strong><\/li>\n<li style=\"font-weight: 900;\"><strong>Langlebige Gummierung;<\/strong><\/li>\n<\/ul>","protected":false},"excerpt":{"rendered":"<p><b><span style=\"font-family: Malgun Gothic;\">Das neue Visionking Monokular, mini kompakter K\u00f6rper, tragbar und langlebig mit gummiertem Schutz, ideal f\u00fcr Jagd und Camping<\/span><\/b><b><span style=\"font-family: Malgun Gothic;\">.<\/span><\/b><\/p>","protected":false},"featured_media":988,"template":"","meta":[],"product_brand":[],"product_cat":[23],"product_tag":[],"class_list":{"0":"post-986","1":"product","2":"type-product","3":"status-publish","4":"has-post-thumbnail","6":"product_cat-monocular","8":"first","9":"instock","10":"shipping-taxable","11":"product-type-simple"},"_links":{"self":[{"href":"https:\/\/visionkingscope.com\/de\/wp-json\/wp\/v2\/product\/986","targetHints":{"allow":["GET"]}}],"collection":[{"href":"https:\/\/visionkingscope.com\/de\/wp-json\/wp\/v2\/product"}],"about":[{"href":"https:\/\/visionkingscope.com\/de\/wp-json\/wp\/v2\/types\/product"}],"wp:featuredmedia":[{"embeddable":true,"href":"https:\/\/visionkingscope.com\/de\/wp-json\/wp\/v2\/media\/988"}],"wp:attachment":[{"href":"https:\/\/visionkingscope.com\/de\/wp-json\/wp\/v2\/media?parent=986"}],"wp:term":[{"taxonomy":"product_brand","embeddable":true,"href":"https:\/\/visionkingscope.com\/de\/wp-json\/wp\/v2\/product_brand?post=986"},{"taxonomy":"product_cat","embeddable":true,"href":"https:\/\/visionkingscope.com\/de\/wp-json\/wp\/v2\/product_cat?post=986"},{"taxonomy":"product_tag","embeddable":true,"href":"https:\/\/visionkingscope.com\/de\/wp-json\/wp\/v2\/product_tag?post=986"}],"curies":[{"name":"wp","href":"https:\/\/api.w.org\/{rel}","templated":true}]}}