{"id":971,"date":"2026-02-02T06:13:25","date_gmt":"2026-02-02T06:13:25","guid":{"rendered":"https:\/\/visionkingscope.com\/?post_type=product&#038;p=971"},"modified":"2026-02-02T09:11:29","modified_gmt":"2026-02-02T09:11:29","slug":"portable-super-monocular-8x42-bak4-hd-large-lens-ideal-4-travelling","status":"publish","type":"product","link":"https:\/\/visionkingscope.com\/de\/portable-super-monocular-8x42-bak4-hd-large-lens-ideal-4-travelling\/","title":{"rendered":"Tragbares Super Monokular 8\u00d742 BAK4 HD Gro\u00dfes Objektiv Ideal f\u00fcr Reisen"},"content":{"rendered":"<p><strong>Spezifikationen:<\/strong><\/p>\n<ul>\n<li><strong>Vergr\u00f6\u00dferung: 8x<\/strong><\/li>\n<li><strong>Objektivdurchmesser: 42 mm<\/strong><\/li>\n<li><strong>Gr\u00f6\u00dfenklasse: 150\u00d750 mm<\/strong><\/li>\n<li><strong>Fokussystem: Zentral<\/strong><\/li>\n<li><strong>Prismensystem: Dach<\/strong><\/li>\n<li><strong>Prismenklasse: BAK-4<\/strong><\/li>\n<li><strong>Objektivbeschichtung: FMC<\/strong><\/li>\n<li><strong>Sichtfeld, ft.\/1000 Yards: 114<\/strong><\/li>\n<li><strong>Ausgangspupille: 5,2 mm<\/strong><\/li>\n<li><strong>Naheinstellung: 0,5 m<\/strong><\/li>\n<li><strong>Verpackungsgewicht: 400 g<\/strong><\/li>\n<li><strong>Abmessungen: 70x70x190 mm<\/strong><\/li>\n<\/ul>\n<p><strong>Verpackungsdetails<\/strong>:<\/p>\n<p>Visionking 8\u00d742 Monokular, Soft-Tasche, Reinigungstuch, Anleitung, Spiegelriemen, Trockenmittel, Karton<\/p>\n<p><strong><i>Merkmale:<\/i><\/strong><\/p>\n<ul>\n<li>Leichtgewicht, kompaktes Design;<\/li>\n<li>Langlebige Gummierung;<\/li>\n<\/ul>","protected":false},"excerpt":{"rendered":"<p>Das neue Monokular, kompakter Mini-K\u00f6rper, tragbar und langlebig mit gummiertem Schutz, ideal f\u00fcr Jagd und Camping.<\/p>","protected":false},"featured_media":1155,"template":"","meta":[],"product_brand":[],"product_cat":[23],"product_tag":[],"class_list":{"0":"post-971","1":"product","2":"type-product","3":"status-publish","4":"has-post-thumbnail","6":"product_cat-monocular","8":"first","9":"instock","10":"shipping-taxable","11":"product-type-simple"},"_links":{"self":[{"href":"https:\/\/visionkingscope.com\/de\/wp-json\/wp\/v2\/product\/971","targetHints":{"allow":["GET"]}}],"collection":[{"href":"https:\/\/visionkingscope.com\/de\/wp-json\/wp\/v2\/product"}],"about":[{"href":"https:\/\/visionkingscope.com\/de\/wp-json\/wp\/v2\/types\/product"}],"wp:featuredmedia":[{"embeddable":true,"href":"https:\/\/visionkingscope.com\/de\/wp-json\/wp\/v2\/media\/1155"}],"wp:attachment":[{"href":"https:\/\/visionkingscope.com\/de\/wp-json\/wp\/v2\/media?parent=971"}],"wp:term":[{"taxonomy":"product_brand","embeddable":true,"href":"https:\/\/visionkingscope.com\/de\/wp-json\/wp\/v2\/product_brand?post=971"},{"taxonomy":"product_cat","embeddable":true,"href":"https:\/\/visionkingscope.com\/de\/wp-json\/wp\/v2\/product_cat?post=971"},{"taxonomy":"product_tag","embeddable":true,"href":"https:\/\/visionkingscope.com\/de\/wp-json\/wp\/v2\/product_tag?post=971"}],"curies":[{"name":"wp","href":"https:\/\/api.w.org\/{rel}","templated":true}]}}