{"id":960,"date":"2026-02-02T03:50:16","date_gmt":"2026-02-02T03:50:16","guid":{"rendered":"https:\/\/visionkingscope.com\/?post_type=product&#038;p=960"},"modified":"2026-02-02T03:50:16","modified_gmt":"2026-02-02T03:50:16","slug":"visionking-6x25-laser-range-finder-600m-measure-angle-high-golf","status":"publish","type":"product","link":"https:\/\/visionkingscope.com\/de\/visionking-6x25-laser-range-finder-600m-measure-angle-high-golf\/","title":{"rendered":"Visionking 6\u00d725 Laser-Entfernungsmesser 600m Messwinkel Hoch Golf"},"content":{"rendered":"<h3>Spezifikationen:<\/h3>\n<div>\n<table border=\"0\" width=\"764\" cellspacing=\"0\" cellpadding=\"0\">\n<colgroup>\n<col width=\"205\" \/>\n<col width=\"559\" \/><\/colgroup>\n<tbody>\n<tr>\n<td class=\"xl24\" width=\"205\" height=\"24\"><span style=\"font-family: Arial;\">Artikel<\/span><\/td>\n<td class=\"xl25\" width=\"559\"><span style=\"font-family: Arial;\">6\u00d725 Entfernungsmesser<\/span><\/td>\n<\/tr>\n<tr>\n<td class=\"xl24\" width=\"205\" height=\"24\"><span style=\"font-family: Arial;\">Vergr\u00f6\u00dferung<\/span><\/td>\n<td class=\"xl25\" width=\"559\"><span style=\"font-family: Arial;\">6x<\/span><\/td>\n<\/tr>\n<tr>\n<td class=\"xl24\" width=\"205\" height=\"24\"><span style=\"font-family: Arial;\">Objektivlinse\u00a0\u00a0<\/span><\/td>\n<td class=\"xl25\" width=\"559\"><span style=\"font-family: Arial;\">25 mm<\/span><\/td>\n<\/tr>\n<tr>\n<td class=\"xl24\" width=\"205\" height=\"24\"><span style=\"font-family: Arial;\">Prisma<\/span><\/td>\n<td class=\"xl25\" width=\"559\"><span style=\"font-family: Arial;\">BAK4 Dachkantprisma<\/span><\/td>\n<\/tr>\n<tr>\n<td class=\"xl24\" width=\"205\" height=\"24\"><span style=\"font-family: Arial;\">Fokussystem<\/span><\/td>\n<td class=\"xl25\" width=\"559\"><span style=\"font-family: Arial;\">Okularlinse<\/span><\/td>\n<\/tr>\n<tr>\n<td class=\"xl24\" width=\"205\" height=\"24\"><span style=\"font-family: Arial;\">Beschichtung<\/span><\/td>\n<td class=\"xl25\" width=\"559\"><span style=\"font-family: Arial;\">Vollbeschichtung<\/span><\/td>\n<\/tr>\n<tr>\n<td class=\"xl24\" width=\"205\" height=\"24\"><span style=\"font-family: Arial;\">Ausgangspupille<\/span><\/td>\n<td class=\"xl25\" width=\"559\"><span style=\"font-family: Arial;\">3,8 mm<\/span><\/td>\n<\/tr>\n<tr>\n<td class=\"xl24\" width=\"205\" height=\"24\"><span style=\"font-family: Arial;\">Augenabstand<\/span><\/td>\n<td class=\"xl25\" width=\"559\"><span style=\"font-family: Arial;\">12 mm<\/span><\/td>\n<\/tr>\n<tr>\n<td class=\"xl24\" width=\"205\" height=\"24\"><span style=\"font-family: Arial;\">Sichtfeld bei 1000 m<\/span><\/td>\n<td class=\"xl25\" width=\"559\"><span style=\"font-family: Arial;\">122 m (7\u00b0 Sichtfeld)<\/span><\/td>\n<\/tr>\n<tr>\n<td class=\"xl24\" width=\"205\" height=\"24\"><span style=\"font-family: Arial;\">Gemessene Entfernung<\/span><\/td>\n<td class=\"xl25\" width=\"559\"><span style=\"font-family: Arial;\">15 m bis 600 m<\/span><\/td>\n<\/tr>\n<tr>\n<td class=\"xl24\" width=\"205\" height=\"24\"><span style=\"font-family: Arial;\">Genauigkeit<\/span><\/td>\n<td class=\"xl25\" width=\"559\"><span style=\"font-family: Arial;\">Normale Bedingungen +\/- 1 m +\/- 0,1%<\/span><\/td>\n<\/tr>\n<tr>\n<td class=\"xl24\" width=\"205\" height=\"24\"><span style=\"font-family: Arial;\">Anzeige<\/span><\/td>\n<td class=\"xl25\" width=\"559\"><span style=\"font-family: Arial;\">LCD-Anzeige<\/span><\/td>\n<\/tr>\n<tr>\n<td class=\"xl24\" width=\"205\" height=\"24\"><span style=\"font-family: Arial;\">Stromquelle<\/span><\/td>\n<td class=\"xl25\" width=\"559\"><span style=\"font-family: Arial;\">\u00a0CR-2 3 V (not included)<\/span><\/td>\n<\/tr>\n<tr>\n<td class=\"xl24\" width=\"205\" height=\"24\"><span style=\"font-family: Arial;\">Abmessungen<\/span><\/td>\n<td class=\"xl25\" width=\"559\"><span style=\"font-family: Arial;\">135x65x90 mm<\/span><\/td>\n<\/tr>\n<tr>\n<td class=\"xl24\" width=\"205\" height=\"24\"><span style=\"font-family: Arial;\">Verpackungsgewicht<\/span><\/td>\n<td class=\"xl25\" width=\"559\"><span style=\"font-family: Arial;\">320 g<\/span><\/td>\n<\/tr>\n<tr>\n<td class=\"xl24\" width=\"205\" height=\"24\"><span style=\"font-family: Arial;\">Messmuster<\/span><\/td>\n<td class=\"xl25\" width=\"559\"><span style=\"font-family: Arial;\">Halbleiterlaser-Messung (unsch\u00e4dlich f\u00fcr die Augen)<\/span><\/td>\n<\/tr>\n<tr>\n<td class=\"xl24\" width=\"205\" height=\"24\"><span style=\"font-family: Arial;\">Wasserfeste Funktion<\/span><\/td>\n<td class=\"xl25\" width=\"559\"><span style=\"font-family: Arial;\">Regen-Schutz<\/span><\/td>\n<\/tr>\n<\/tbody>\n<\/table>\n<p><strong>Verpackungsdetails<\/strong>:<\/p>\n<p>Ein VISIONKING 6\u00d725 Entfernungsmesser, eine weiche Tasche<\/p>\n<p><strong><i>Merkmale:<\/i><\/strong><\/p>\n<ul>\n<li><strong>Genauigkeit :+\/- 1 m<\/strong><\/li>\n<li><strong>Schnell und einfach zu zielen<\/strong><\/li>\n<li><strong>Regenschutz<\/strong><\/li>\n<li><strong>Ergebnisanzeige nach 10 Sekunden<\/strong><\/li>\n<li><strong>Kompakt und leicht<\/strong><\/li>\n<li><strong>Ergonomischer K\u00f6rper<\/strong><\/li>\n<li><strong>Automatisches Abschalten nach 10 Sekunden unbeaufsichtigt<\/strong><\/li>\n<li><strong>Unsichtbarer und augensicherer Laser<\/strong><\/li>\n<li><strong>Langlebig f\u00fcr den langfristigen Gebrauch<\/strong><\/li>\n<\/ul>\n<\/div>","protected":false},"excerpt":{"rendered":"<p><b><span style=\"font-family: Trebuchet MS;\"><span lang=\"EN-US\"><span style=\"color: #006535;\"><strong><span class=\"Apple-style-span\"><span class=\"Apple-style-span\" style=\"color: #000000; font-family: Times; font-size: large;\"><span style=\"font-size: medium;\">Dies\u00a0<\/span><span style=\"font-size: large;\">Dieses High-Tech professionelle Laser-Entfernungsmesser-Teleskop ist sehr robust und in der Lage, die Entfernung zum Ziel schnell und genau zu messen, indem es unsichtbare, augensichere und infrarote Energieimpulse aussendet. Abgesehen von den fortschrittlichen technischen Eigenschaften ist das Ger\u00e4t den \u00e4hnlichen Produkten aufgrund seiner kompakten, leichten und k\u00fcnstlerischen Bauweise \u00fcberlegen.<\/span><\/span><\/span><\/strong><\/span><\/span><\/span><\/b><\/p>","protected":false},"featured_media":961,"template":"","meta":[],"product_brand":[],"product_cat":[27],"product_tag":[],"class_list":{"0":"post-960","1":"product","2":"type-product","3":"status-publish","4":"has-post-thumbnail","6":"product_cat-range-finder","8":"first","9":"instock","10":"shipping-taxable","11":"product-type-simple"},"_links":{"self":[{"href":"https:\/\/visionkingscope.com\/de\/wp-json\/wp\/v2\/product\/960","targetHints":{"allow":["GET"]}}],"collection":[{"href":"https:\/\/visionkingscope.com\/de\/wp-json\/wp\/v2\/product"}],"about":[{"href":"https:\/\/visionkingscope.com\/de\/wp-json\/wp\/v2\/types\/product"}],"wp:featuredmedia":[{"embeddable":true,"href":"https:\/\/visionkingscope.com\/de\/wp-json\/wp\/v2\/media\/961"}],"wp:attachment":[{"href":"https:\/\/visionkingscope.com\/de\/wp-json\/wp\/v2\/media?parent=960"}],"wp:term":[{"taxonomy":"product_brand","embeddable":true,"href":"https:\/\/visionkingscope.com\/de\/wp-json\/wp\/v2\/product_brand?post=960"},{"taxonomy":"product_cat","embeddable":true,"href":"https:\/\/visionkingscope.com\/de\/wp-json\/wp\/v2\/product_cat?post=960"},{"taxonomy":"product_tag","embeddable":true,"href":"https:\/\/visionkingscope.com\/de\/wp-json\/wp\/v2\/product_tag?post=960"}],"curies":[{"name":"wp","href":"https:\/\/api.w.org\/{rel}","templated":true}]}}