{"id":948,"date":"2026-02-02T03:44:40","date_gmt":"2026-02-02T03:44:40","guid":{"rendered":"https:\/\/visionkingscope.com\/?post_type=product&#038;p=948"},"modified":"2026-02-02T03:44:40","modified_gmt":"2026-02-02T03:44:40","slug":"visionking-6x25-solar-power-range-finder-hunting-golf-600m-measure-scope-3-mode","status":"publish","type":"product","link":"https:\/\/visionkingscope.com\/de\/visionking-6x25-solar-power-range-finder-hunting-golf-600m-measure-scope-3-mode\/","title":{"rendered":"Visionking 6\u00d725 Solarenergie-Entfernungsmesser Jagd Golf 600m Messfeld 3 Modi"},"content":{"rendered":"<p style=\"font-weight: 900;\"><strong><u>Spezifikationen:<\/u><\/strong><\/p>\n<table style=\"font-weight: 900;\">\n<tbody>\n<tr>\n<td width=\"270\">Artikel<\/td>\n<td width=\"325\">6\u00d725 (Solarenergie) Entfernungsmesser<\/td>\n<\/tr>\n<tr>\n<td width=\"270\">Vergr\u00f6\u00dferung<\/td>\n<td width=\"325\">6x<\/td>\n<\/tr>\n<tr>\n<td width=\"270\">Objektivlinse<\/td>\n<td width=\"325\">25 mm<\/td>\n<\/tr>\n<tr>\n<td width=\"270\">Prisma<\/td>\n<td width=\"325\">Bak4 Dachkantprisma<\/td>\n<\/tr>\n<tr>\n<td width=\"270\">Fokussystem<\/td>\n<td width=\"325\">Okularlinse<\/td>\n<\/tr>\n<tr>\n<td width=\"270\">Beschichtung<\/td>\n<td width=\"325\">Vollbeschichtung<\/td>\n<\/tr>\n<tr>\n<td width=\"270\">Ausgangspupille<\/td>\n<td width=\"325\">3,8 mm<\/td>\n<\/tr>\n<tr>\n<td width=\"270\">Augenabstand<\/td>\n<td width=\"325\">12 mm<\/td>\n<\/tr>\n<tr>\n<td width=\"270\">Sichtfeld bei 1000 m<\/td>\n<td width=\"325\">122 m (7\u00b0 Sichtfeld)<\/td>\n<\/tr>\n<tr>\n<td width=\"270\">Gemessene Entfernung<\/td>\n<td width=\"325\">15 m bis 600 m: 16 Yards bis 660 Yards<\/td>\n<\/tr>\n<tr>\n<td width=\"270\">Genauigkeit<\/td>\n<td width=\"325\">Normale Bedingungen +\/- 1 m +\/- 0,1%<\/td>\n<\/tr>\n<tr>\n<td width=\"270\">Anzeige<\/td>\n<td width=\"325\">LCD-Anzeige<\/td>\n<\/tr>\n<tr>\n<td width=\"270\">Stromquelle<\/td>\n<td width=\"325\">\u00a0CR-2 3 V (nicht enthalten) und Solarenergie<\/td>\n<\/tr>\n<tr>\n<td width=\"270\">Abmessungen<\/td>\n<td width=\"325\">135x65x90 mm<\/td>\n<\/tr>\n<tr>\n<td width=\"270\">Verpackungsgewicht<\/td>\n<td width=\"325\">320 g<\/td>\n<\/tr>\n<tr>\n<td width=\"270\">Messmuster<\/td>\n<td width=\"325\">Halbleiterlaser-Messung (unsch\u00e4dlich f\u00fcr die Augen)<\/td>\n<\/tr>\n<tr>\n<td width=\"270\">Wasserfeste Funktion<\/td>\n<td width=\"325\">Regen-Schutz<\/td>\n<\/tr>\n<\/tbody>\n<\/table>\n<p style=\"font-weight: 900;\"><strong><u>Merkmale:<\/u><\/strong><\/p>\n<ul>\n<li style=\"font-weight: 900;\"><b><\/b><strong>Genauigkeit :+\/- 1 m<\/strong><\/li>\n<li style=\"font-weight: 900;\"><b><\/b><strong>Schnell und einfach zu zielen<\/strong><\/li>\n<li style=\"font-weight: 900;\"><b><\/b><strong>Regenschutz<\/strong><\/li>\n<li style=\"font-weight: 900;\"><b><\/b><strong>Ergebnisanzeige nach 10 Sekunden<\/strong><\/li>\n<li style=\"font-weight: 900;\"><b><\/b><strong>Kompakt und leicht<\/strong><\/li>\n<li style=\"font-weight: 900;\"><b><\/b><strong>Ergonomischer K\u00f6rper<\/strong><\/li>\n<li style=\"font-weight: 900;\"><b><\/b><strong>Automatisches Abschalten nach 10 Sekunden unbeaufsichtigt<\/strong><\/li>\n<li style=\"font-weight: 900;\"><b><\/b><strong>Unsichtbarer und augensicherer Laser<\/strong><\/li>\n<li style=\"font-weight: 900;\"><b><\/b><strong>Solarenergie (kann bei fehlender Batterie verwendet werden)<\/strong><\/li>\n<\/ul>\n<p style=\"font-weight: 900;\">\n<p style=\"font-weight: 900;\"><strong><u>Verpackungsdetails:\u00a0<\/u><\/strong><\/p>\n<ul>\n<li style=\"font-weight: 900;\"><strong>Ein VISIONKING 6\u00d725 Entfernungsmesser<\/strong><\/li>\n<li style=\"font-weight: 900;\"><strong>A<\/strong><strong>\u00a0Weiche Tasche<\/strong><\/li>\n<\/ul>","protected":false},"excerpt":{"rendered":"<p><b>Wenn Sie in der Wildnis jagen, ist es wirklich schlimm, wenn die Batterie Ihres Entfernungsmessers keinen Strom mehr hat!! Jetzt m\u00fcssen Sie sich keine Sorgen mehr machen. Der 6\u00d725 Solarenergie-Laser-Entfernungsmesser mit einem vollst\u00e4ndig revolution\u00e4ren Design \u2013 Solarenergie! Legen Sie den Entfernungsmesser einige Sekunden in die Sonne. Sie k\u00f6nnen ihn wieder normal verwenden. Auch ohne Batterie!<\/b><\/p>","protected":false},"featured_media":951,"template":"","meta":[],"product_brand":[],"product_cat":[27],"product_tag":[],"class_list":{"0":"post-948","1":"product","2":"type-product","3":"status-publish","4":"has-post-thumbnail","6":"product_cat-range-finder","8":"first","9":"instock","10":"shipping-taxable","11":"product-type-simple"},"_links":{"self":[{"href":"https:\/\/visionkingscope.com\/de\/wp-json\/wp\/v2\/product\/948","targetHints":{"allow":["GET"]}}],"collection":[{"href":"https:\/\/visionkingscope.com\/de\/wp-json\/wp\/v2\/product"}],"about":[{"href":"https:\/\/visionkingscope.com\/de\/wp-json\/wp\/v2\/types\/product"}],"wp:featuredmedia":[{"embeddable":true,"href":"https:\/\/visionkingscope.com\/de\/wp-json\/wp\/v2\/media\/951"}],"wp:attachment":[{"href":"https:\/\/visionkingscope.com\/de\/wp-json\/wp\/v2\/media?parent=948"}],"wp:term":[{"taxonomy":"product_brand","embeddable":true,"href":"https:\/\/visionkingscope.com\/de\/wp-json\/wp\/v2\/product_brand?post=948"},{"taxonomy":"product_cat","embeddable":true,"href":"https:\/\/visionkingscope.com\/de\/wp-json\/wp\/v2\/product_cat?post=948"},{"taxonomy":"product_tag","embeddable":true,"href":"https:\/\/visionkingscope.com\/de\/wp-json\/wp\/v2\/product_tag?post=948"}],"curies":[{"name":"wp","href":"https:\/\/api.w.org\/{rel}","templated":true}]}}