{"id":943,"date":"2026-02-02T03:42:32","date_gmt":"2026-02-02T03:42:32","guid":{"rendered":"https:\/\/visionkingscope.com\/?post_type=product&#038;p=943"},"modified":"2026-02-02T03:42:32","modified_gmt":"2026-02-02T03:42:32","slug":"visionking-6x25-laser-range-finder-hunting-golf-rain-model-600m-measure-hunter","status":"publish","type":"product","link":"https:\/\/visionkingscope.com\/de\/visionking-6x25-laser-range-finder-hunting-golf-rain-model-600m-measure-hunter\/","title":{"rendered":"Visionking 6\u00d725 Laser-Entfernungsmesser Jagd Golf Regenmodell 600m Messung J\u00e4ger"},"content":{"rendered":"<p style=\"font-weight: 900;\"><strong><u>Spezifikationen:<\/u><\/strong><\/p>\n<table style=\"font-weight: 900;\">\n<tbody>\n<tr>\n<td width=\"207\">Artikel<\/td>\n<td width=\"380\">6\u00d725 Entfernungsmesser<\/td>\n<\/tr>\n<tr>\n<td width=\"207\">Vergr\u00f6\u00dferung<\/td>\n<td width=\"380\">6x<\/td>\n<\/tr>\n<tr>\n<td width=\"207\">Objektivlinse<\/td>\n<td width=\"380\">25 mm<\/td>\n<\/tr>\n<tr>\n<td width=\"207\">Prisma<\/td>\n<td width=\"380\">BAk4 Roof Prism<\/td>\n<\/tr>\n<tr>\n<td width=\"207\">Fokussystem<\/td>\n<td width=\"380\">Okularlinse<\/td>\n<\/tr>\n<tr>\n<td width=\"207\">Beschichtung<\/td>\n<td width=\"380\">Vollbeschichtung<\/td>\n<\/tr>\n<tr>\n<td width=\"207\">Ausgangspupille<\/td>\n<td width=\"380\">3,8 mm<\/td>\n<\/tr>\n<tr>\n<td width=\"207\">Augenabstand<\/td>\n<td width=\"380\">12 mm<\/td>\n<\/tr>\n<tr>\n<td width=\"207\">Sichtfeld bei 1000 m<\/td>\n<td width=\"380\">122 m (7\u00b0 Sichtfeld)<\/td>\n<\/tr>\n<tr>\n<td width=\"207\">Gemessene Entfernung<\/td>\n<td width=\"380\">15 m bis 600 m<\/td>\n<\/tr>\n<tr>\n<td width=\"207\">Genauigkeit<\/td>\n<td width=\"380\">Normale Bedingungen +\/- 1 m +\/- 0,1%<\/td>\n<\/tr>\n<tr>\n<td width=\"207\">Anzeige<\/td>\n<td width=\"380\">LCD-Anzeige<\/td>\n<\/tr>\n<tr>\n<td width=\"207\">Stromquelle<\/td>\n<td width=\"380\">\u00a0CR-2 3 V<\/td>\n<\/tr>\n<tr>\n<td width=\"207\">Abmessungen<\/td>\n<td width=\"380\">125x73x40 mm<\/td>\n<\/tr>\n<tr>\n<td width=\"207\">Gewicht<\/td>\n<td width=\"380\">300 g<\/td>\n<\/tr>\n<tr>\n<td width=\"207\">Messmuster<\/td>\n<td width=\"380\">Halbleiterlaser-Messung (unsch\u00e4dlich f\u00fcr die Augen)<\/td>\n<\/tr>\n<tr>\n<td width=\"207\">Wasserfeste Funktion<\/td>\n<td width=\"380\">Regen-Schutz<\/td>\n<\/tr>\n<\/tbody>\n<\/table>\n<p><strong><u>Merkmale:<\/u><\/strong><\/p>\n<ul>\n<li><strong>Genauigkeit :+\/- 1 m<\/strong><\/li>\n<li><strong>Schnell und einfach zu zielen<\/strong><\/li>\n<li><strong>Regenschutz<\/strong><\/li>\n<li><strong>Ergebnisanzeige nach 10 Sekunden<\/strong><\/li>\n<li><strong>Kompakt und leicht<\/strong><\/li>\n<li><strong>Ergonomischer K\u00f6rper<\/strong><\/li>\n<li><strong>Automatisches Abschalten nach 10 Sekunden unbeaufsichtigt<\/strong><\/li>\n<li><strong>Unsichtbarer und augensicherer Laser<\/strong><\/li>\n<li><b><\/b><strong>Langlebig f\u00fcr lange Nutzung<\/strong><\/li>\n<\/ul>\n<p>&nbsp;<\/p>\n<p><strong><u>Verpackungsdetails:\u00a0<\/u><\/strong><\/p>\n<ul>\n<li>Ein VISIONKING 6\u00d725 Entfernungsmesser<\/li>\n<li>A\u00a0soft bag<\/li>\n<\/ul>","protected":false},"excerpt":{"rendered":"<p><b>Dies\u00a0<\/b><b>Hochtechnologischer professioneller Laser-Entfernungsmesser-Teleskop ist sehr langlebig und kann die Entfernung zum Ziel schnell und genau messen, indem er unsichtbare, augensichere und infrarote Energiesignale aussendet. Mit der neuen Laser-Technologie von Visionking verf\u00fcgt der Entfernungsmesser \u00fcber 3 Modi, aus denen der Benutzer beim Gebrauch w\u00e4hlen kann: Im Modus \u201cGolf\u201d wird die Golfmarke priorisiert gemessen, sodass die Entfernung schneller ermittelt wird, was besser ist als \u00e4ltere Entfernungsmesser ohne diese Funktion; Im Modus \u201cJagd\u201d wird die Priorit\u00e4t auf die Messung von Tieren gelegt.<\/b><\/p>","protected":false},"featured_media":945,"template":"","meta":[],"product_brand":[],"product_cat":[27],"product_tag":[],"class_list":{"0":"post-943","1":"product","2":"type-product","3":"status-publish","4":"has-post-thumbnail","6":"product_cat-range-finder","8":"first","9":"instock","10":"shipping-taxable","11":"product-type-simple"},"_links":{"self":[{"href":"https:\/\/visionkingscope.com\/de\/wp-json\/wp\/v2\/product\/943","targetHints":{"allow":["GET"]}}],"collection":[{"href":"https:\/\/visionkingscope.com\/de\/wp-json\/wp\/v2\/product"}],"about":[{"href":"https:\/\/visionkingscope.com\/de\/wp-json\/wp\/v2\/types\/product"}],"wp:featuredmedia":[{"embeddable":true,"href":"https:\/\/visionkingscope.com\/de\/wp-json\/wp\/v2\/media\/945"}],"wp:attachment":[{"href":"https:\/\/visionkingscope.com\/de\/wp-json\/wp\/v2\/media?parent=943"}],"wp:term":[{"taxonomy":"product_brand","embeddable":true,"href":"https:\/\/visionkingscope.com\/de\/wp-json\/wp\/v2\/product_brand?post=943"},{"taxonomy":"product_cat","embeddable":true,"href":"https:\/\/visionkingscope.com\/de\/wp-json\/wp\/v2\/product_cat?post=943"},{"taxonomy":"product_tag","embeddable":true,"href":"https:\/\/visionkingscope.com\/de\/wp-json\/wp\/v2\/product_tag?post=943"}],"curies":[{"name":"wp","href":"https:\/\/api.w.org\/{rel}","templated":true}]}}