{"id":938,"date":"2026-02-02T03:40:47","date_gmt":"2026-02-02T03:40:47","guid":{"rendered":"https:\/\/visionkingscope.com\/?post_type=product&#038;p=938"},"modified":"2026-02-02T03:40:47","modified_gmt":"2026-02-02T03:40:47","slug":"visionking-6x25-laser-range-finder-hunting-golf-rain-model-600-m-new-gift-4-u","status":"publish","type":"product","link":"https:\/\/visionkingscope.com\/de\/visionking-6x25-laser-range-finder-hunting-golf-rain-model-600-m-new-gift-4-u\/","title":{"rendered":"Visionking 6\u00d725 Laser-Entfernungsmesser Jagd Golf Regenmodell 600 m Neues Geschenk f\u00fcr Sie"},"content":{"rendered":"<p style=\"font-weight: 400;\"><strong><u>Spezifikationen:<\/u><\/strong><\/p>\n<table style=\"font-weight: 400;\">\n<tbody>\n<tr>\n<td width=\"204\">Artikel<\/td>\n<td width=\"272\">6\u00d725 Entfernungsmesser<\/td>\n<\/tr>\n<tr>\n<td width=\"204\">Vergr\u00f6\u00dferung<\/td>\n<td width=\"272\">6x<\/td>\n<\/tr>\n<tr>\n<td width=\"204\">Objektivlinse<\/td>\n<td width=\"272\">25 mm<\/td>\n<\/tr>\n<tr>\n<td width=\"204\">Prisma<\/td>\n<td width=\"272\">BAK4 Dachkantprisma<\/td>\n<\/tr>\n<tr>\n<td width=\"204\">Fokussystem<\/td>\n<td width=\"272\">Okularlinse<\/td>\n<\/tr>\n<tr>\n<td width=\"204\">Beschichtung<\/td>\n<td width=\"272\">Vollmultibeschichtung<\/td>\n<\/tr>\n<tr>\n<td width=\"204\">Ausgangspupille<\/td>\n<td width=\"272\">3,8 mm<\/td>\n<\/tr>\n<tr>\n<td width=\"204\">Augenabstand<\/td>\n<td width=\"272\">12 mm<\/td>\n<\/tr>\n<tr>\n<td width=\"204\">Sichtfeld bei 1000 m<\/td>\n<td width=\"272\">122 m (7\u00b0 Sichtfeld)<\/td>\n<\/tr>\n<tr>\n<td width=\"204\">Gemessene Entfernung<\/td>\n<td width=\"272\">15 m bis 600 m<\/td>\n<\/tr>\n<tr>\n<td width=\"204\">Genauigkeit<\/td>\n<td width=\"272\">Normale Bedingungen +\/- 1 m +\/- 0,1%<\/td>\n<\/tr>\n<tr>\n<td width=\"204\">Anzeige<\/td>\n<td width=\"272\">LCD-Anzeige<\/td>\n<\/tr>\n<tr>\n<td width=\"204\">Stromquelle<\/td>\n<td width=\"272\">\u00a0CR-2 3 V<\/td>\n<\/tr>\n<tr>\n<td width=\"204\">Abmessungen<\/td>\n<td width=\"272\">135x65x90 mm<\/td>\n<\/tr>\n<tr>\n<td width=\"204\">Verpackungsgewicht<\/td>\n<td width=\"272\">320 g<\/td>\n<\/tr>\n<tr>\n<td width=\"204\">Messmuster<\/td>\n<td width=\"272\">Halbleiterlaser-Messung (unsch\u00e4dlich f\u00fcr die Augen)<\/td>\n<\/tr>\n<tr>\n<td width=\"204\">Wasserfeste Funktion<\/td>\n<td width=\"272\">Regen-Schutz<\/td>\n<\/tr>\n<\/tbody>\n<\/table>\n<p style=\"font-weight: 400;\"><strong><u>Merkmale:<\/u><\/strong><\/p>\n<ul>\n<li style=\"font-weight: 400;\"><strong>Genauigkeit :+\/- 1 m<\/strong><\/li>\n<li style=\"font-weight: 400;\"><strong>Schnell und einfach zu zielen<\/strong><\/li>\n<li style=\"font-weight: 400;\"><strong>Regenschutz<\/strong><\/li>\n<li style=\"font-weight: 400;\"><strong>Ergebnisanzeige nach 10 Sekunden<\/strong><\/li>\n<li style=\"font-weight: 400;\"><strong>Kompakt und leicht<\/strong><\/li>\n<li style=\"font-weight: 400;\"><strong>Ergonomischer K\u00f6rper<\/strong><\/li>\n<li style=\"font-weight: 400;\"><strong>Automatisches Abschalten nach 10 Sekunden unbeaufsichtigt<\/strong><\/li>\n<li style=\"font-weight: 400;\"><strong>Unsichtbarer und augensicherer Laser<\/strong><\/li>\n<li style=\"font-weight: 400;\"><b><\/b><strong>Langlebig f\u00fcr lange Nutzung<\/strong><\/li>\n<\/ul>\n<p style=\"font-weight: 400;\"><strong><u>Verpackungsdetails:\u00a0<\/u><\/strong><\/p>\n<p style=\"font-weight: 400;\"><strong>Ein VISIONKING 6\u00d725 Entfernungsmesser<\/strong><\/p>\n<p style=\"font-weight: 400;\"><strong>Eine weiche Tasche<\/strong><\/p>","protected":false},"excerpt":{"rendered":"<p><b><span style=\"font-family: Malgun Gothic;\">Dies\u00a0<\/span><\/b><b><span style=\"font-family: Malgun Gothic;\">Hochtechnologischer professioneller Laser-Entfernungsmesser-Teleskop ist sehr langlebig und kann die Entfernung zum Ziel schnell und genau messen, indem er unsichtbare, augensichere und infrarote Energiesignale aussendet. Mit der neuen Laser-Technologie von Visionking verf\u00fcgt der Entfernungsmesser \u00fcber 3 Modi, aus denen der Benutzer beim Gebrauch w\u00e4hlen kann: Im Modus \u201cGolf\u201d wird die Golfmarke priorisiert gemessen, sodass die Entfernung schneller ermittelt wird, was besser ist als \u00e4ltere Entfernungsmesser ohne diese Funktion; Im Modus \u201cJagd\u201d wird die Priorit\u00e4t auf die Messung von Tieren gelegt.<\/span><\/b><\/p>","protected":false},"featured_media":939,"template":"","meta":[],"product_brand":[],"product_cat":[27],"product_tag":[],"class_list":{"0":"post-938","1":"product","2":"type-product","3":"status-publish","4":"has-post-thumbnail","6":"product_cat-range-finder","8":"first","9":"instock","10":"shipping-taxable","11":"product-type-simple"},"_links":{"self":[{"href":"https:\/\/visionkingscope.com\/de\/wp-json\/wp\/v2\/product\/938","targetHints":{"allow":["GET"]}}],"collection":[{"href":"https:\/\/visionkingscope.com\/de\/wp-json\/wp\/v2\/product"}],"about":[{"href":"https:\/\/visionkingscope.com\/de\/wp-json\/wp\/v2\/types\/product"}],"wp:featuredmedia":[{"embeddable":true,"href":"https:\/\/visionkingscope.com\/de\/wp-json\/wp\/v2\/media\/939"}],"wp:attachment":[{"href":"https:\/\/visionkingscope.com\/de\/wp-json\/wp\/v2\/media?parent=938"}],"wp:term":[{"taxonomy":"product_brand","embeddable":true,"href":"https:\/\/visionkingscope.com\/de\/wp-json\/wp\/v2\/product_brand?post=938"},{"taxonomy":"product_cat","embeddable":true,"href":"https:\/\/visionkingscope.com\/de\/wp-json\/wp\/v2\/product_cat?post=938"},{"taxonomy":"product_tag","embeddable":true,"href":"https:\/\/visionkingscope.com\/de\/wp-json\/wp\/v2\/product_tag?post=938"}],"curies":[{"name":"wp","href":"https:\/\/api.w.org\/{rel}","templated":true}]}}