{"id":933,"date":"2026-02-02T03:38:25","date_gmt":"2026-02-02T03:38:25","guid":{"rendered":"https:\/\/visionkingscope.com\/?post_type=product&#038;p=933"},"modified":"2026-02-02T03:38:25","modified_gmt":"2026-02-02T03:38:25","slug":"visionking-6x21-laser-range-finder-3-mode-hunting-golf-rain-1000m-usb-charging","status":"publish","type":"product","link":"https:\/\/visionkingscope.com\/de\/visionking-6x21-laser-range-finder-3-mode-hunting-golf-rain-1000m-usb-charging\/","title":{"rendered":"Visionking 6\u00d721 Laser Entfernungsmesser 3 Modi Jagd Golf Regen 1000m USB-Aufladung"},"content":{"rendered":"<h3>Spezifikationen:<\/h3>\n<table style=\"font-weight: 400;\" width=\"754\">\n<tbody>\n<tr>\n<td width=\"319\">Artikel<\/td>\n<td width=\"435\">6x21C2<\/td>\n<\/tr>\n<tr>\n<td width=\"319\">Vergr\u00f6\u00dferung<\/td>\n<td width=\"435\">6x<\/td>\n<\/tr>\n<tr>\n<td width=\"319\">Entfernung<\/td>\n<td width=\"435\">5\u20131000m<\/td>\n<\/tr>\n<tr>\n<td width=\"319\">Genauigkeit<\/td>\n<td width=\"435\">Normal\u00a0<u>+<\/u>\u00a01m\u00a0<u>+<\/u>0.1%<\/td>\n<\/tr>\n<tr>\n<td width=\"319\">Messmuster<\/td>\n<td width=\"435\">Halbleiterlaser-Messung (unsch\u00e4dlich f\u00fcr die Augen)<\/td>\n<\/tr>\n<tr>\n<td width=\"319\">Anzeige<\/td>\n<td width=\"435\">LCD-Anzeige<\/td>\n<\/tr>\n<tr>\n<td width=\"319\">Objektivlinse<\/td>\n<td width=\"435\">21 mm<\/td>\n<\/tr>\n<tr>\n<td width=\"319\">Beschichtung<\/td>\n<td width=\"435\">Mehrfachbeschichtet<\/td>\n<\/tr>\n<tr>\n<td width=\"319\">Ausgangspupille<\/td>\n<td width=\"435\">3,3 mm<\/td>\n<\/tr>\n<tr>\n<td width=\"319\">Augenabstand<\/td>\n<td width=\"435\">12,5 mm<\/td>\n<\/tr>\n<tr>\n<td width=\"319\">Fokussystem<\/td>\n<td width=\"435\">Okularlinse<\/td>\n<\/tr>\n<tr>\n<td width=\"319\">Sichtfeld bei 1000 m\/1000 Yards<\/td>\n<td width=\"435\">140 m\/140 Yards (8\u00b0 Sichtfeld)<\/td>\n<\/tr>\n<tr>\n<td width=\"319\">Modus<\/td>\n<td width=\"435\">\u201cRegenmodus;\u201d \u201cGolfmodus;\u201d;<\/p>\n<p>\u201cJagdmodus; Standardmodus (keine Anzeige)\u201d<\/td>\n<\/tr>\n<tr>\n<td width=\"319\">Stromquelle<\/td>\n<td width=\"435\">Eingebaute wiederaufladbare Li-Batterie (mit USB-Anschluss)<\/td>\n<\/tr>\n<tr>\n<td width=\"319\">Abmessungen<\/td>\n<td width=\"435\">88X72X44 mm<\/td>\n<\/tr>\n<tr>\n<td width=\"319\">Gewicht<\/td>\n<td width=\"435\">146 g<\/td>\n<\/tr>\n<\/tbody>\n<\/table>\n<p style=\"font-weight: 400;\"><strong>Merkmale:<\/strong><\/p>\n<ul>\n<li>Genauigkeit: +\/- 1 m<\/li>\n<li>Schnell und einfach zu zielen<\/li>\n<li>Regenschutz<\/li>\n<li>Ergebnisanzeige nach 10 Sekunden<\/li>\n<li>Kompakt und leicht<\/li>\n<li>Ergonomischer K\u00f6rper<\/li>\n<li>Automatisches Abschalten nach 10 Sekunden unbeaufsichtigt<\/li>\n<li>Unsichtbarer und augensicherer Laser<\/li>\n<li><strong>Langlebig f\u00fcr den langfristigen Gebrauch<\/strong><\/li>\n<\/ul>\n<p style=\"font-weight: 400;\">\n<p style=\"font-weight: 400;\"><b><strong>Verpackungsdetails<\/strong>:\u00a0<\/b><\/p>\n<ul>\n<li style=\"font-weight: 400;\"><strong>Laser-Entfernungsmesser<\/strong><\/li>\n<li style=\"font-weight: 400;\"><strong>USB-Kabel<\/strong><\/li>\n<li style=\"font-weight: 400;\"><strong>Tragetasche<\/strong><\/li>\n<li style=\"font-weight: 400;\"><strong>Benutzerhandbuch<\/strong><\/li>\n<li style=\"font-weight: 400;\"><strong>Reinigungstuch<\/strong><\/li>\n<\/ul>","protected":false},"excerpt":{"rendered":"<p><b><span style=\"color: #006535;\"><strong><span class=\"Apple-style-span\"><span style=\"color: #000000; font-family: Trebuchet MS; font-size: large;\"><span style=\"font-size: medium;\">Dies <\/span><span style=\"font-size: large;\">Hochtechnologischer professioneller Laser-Entfernungsmesser-Teleskop ist sehr langlebig und kann die Entfernung zum Ziel schnell und genau messen, indem er unsichtbare, augensichere und infrarote Energiesignale aussendet. Mit der neuen Laser-Technologie von Visionking verf\u00fcgt der Entfernungsmesser \u00fcber 3 Modi, aus denen der Benutzer beim Gebrauch w\u00e4hlen kann: Im Modus \u201cGolf\u201d wird die Golfmarke priorisiert gemessen, sodass die Entfernung schneller ermittelt wird, was besser ist als \u00e4ltere Entfernungsmesser ohne diese Funktion; Im Modus \u201cJagd\u201d wird die Priorit\u00e4t auf die Messung von Tieren gelegt.<\/span><\/span><\/span><\/strong><\/span><\/b><\/p>","protected":false},"featured_media":934,"template":"","meta":[],"product_brand":[],"product_cat":[27],"product_tag":[],"class_list":{"0":"post-933","1":"product","2":"type-product","3":"status-publish","4":"has-post-thumbnail","6":"product_cat-range-finder","8":"first","9":"instock","10":"shipping-taxable","11":"product-type-simple"},"_links":{"self":[{"href":"https:\/\/visionkingscope.com\/de\/wp-json\/wp\/v2\/product\/933","targetHints":{"allow":["GET"]}}],"collection":[{"href":"https:\/\/visionkingscope.com\/de\/wp-json\/wp\/v2\/product"}],"about":[{"href":"https:\/\/visionkingscope.com\/de\/wp-json\/wp\/v2\/types\/product"}],"wp:featuredmedia":[{"embeddable":true,"href":"https:\/\/visionkingscope.com\/de\/wp-json\/wp\/v2\/media\/934"}],"wp:attachment":[{"href":"https:\/\/visionkingscope.com\/de\/wp-json\/wp\/v2\/media?parent=933"}],"wp:term":[{"taxonomy":"product_brand","embeddable":true,"href":"https:\/\/visionkingscope.com\/de\/wp-json\/wp\/v2\/product_brand?post=933"},{"taxonomy":"product_cat","embeddable":true,"href":"https:\/\/visionkingscope.com\/de\/wp-json\/wp\/v2\/product_cat?post=933"},{"taxonomy":"product_tag","embeddable":true,"href":"https:\/\/visionkingscope.com\/de\/wp-json\/wp\/v2\/product_tag?post=933"}],"curies":[{"name":"wp","href":"https:\/\/api.w.org\/{rel}","templated":true}]}}