{"id":925,"date":"2026-02-02T03:25:15","date_gmt":"2026-02-02T03:25:15","guid":{"rendered":"https:\/\/visionkingscope.com\/?post_type=product&#038;p=925"},"modified":"2026-02-02T03:25:47","modified_gmt":"2026-02-02T03:25:47","slug":"visionking-vs8x32-zoom-binoculars-german-military-goggle-hunting-phone-adapter","status":"publish","type":"product","link":"https:\/\/visionkingscope.com\/de\/visionking-vs8x32-zoom-binoculars-german-military-goggle-hunting-phone-adapter\/","title":{"rendered":"Visionking VS8x32 Zoom-Ferngl\u00e4ser Deutsche Milit\u00e4rbrille Jagd Telefonadapter"},"content":{"rendered":"<p style=\"font-weight: 400;\"><strong><u>Spezifikationen:<\/u><\/strong><\/p>\n<table style=\"font-weight: 400;\">\n<tbody>\n<tr>\n<td width=\"238\"><strong>Vergr\u00f6\u00dferung<\/strong><\/td>\n<td width=\"192\"><strong>8x<\/strong><\/td>\n<\/tr>\n<tr>\n<td><strong>Sichtfeldwinkel<\/strong><\/td>\n<td><strong>8\u00b0<\/strong><\/td>\n<\/tr>\n<tr>\n<td><strong>Objektivlinse<\/strong><\/td>\n<td><strong>32mm<\/strong><\/td>\n<\/tr>\n<tr>\n<td><strong>Sichtfeld<\/strong><\/td>\n<td width=\"192\"><strong>140m\/1000m\u00a0<\/strong><strong><br \/>\n<\/strong><strong>420ft\/1000YDS<\/strong><\/td>\n<\/tr>\n<tr>\n<td><strong>Ausgangspupillenabstand<\/strong><\/td>\n<td><strong>18mm<\/strong><\/td>\n<\/tr>\n<tr>\n<td><strong>Durchmesser der Austrittspupille<\/strong><\/td>\n<td><strong>4,3mm<\/strong><\/td>\n<\/tr>\n<tr>\n<td><strong>N\u00e4chste Entfernung<\/strong><\/td>\n<td><strong>2,9m<\/strong><\/td>\n<\/tr>\n<tr>\n<td><strong>Blenden-F-Wert<\/strong><\/td>\n<td><strong>3.4<\/strong><\/td>\n<\/tr>\n<tr>\n<td><strong>Relative Helligkeit<\/strong><\/td>\n<td><strong>21.16<\/strong><\/td>\n<\/tr>\n<tr>\n<td><strong>D\u00e4mmerungsindex<\/strong><\/td>\n<td><strong>13.96<\/strong><\/td>\n<\/tr>\n<tr>\n<td><strong>Nettogewicht\u00a0<\/strong><\/td>\n<td><strong>0.42<\/strong><\/td>\n<\/tr>\n<tr>\n<td><strong>Gr\u00f6\u00dfe<\/strong><\/td>\n<td><strong>133*117*49<\/strong><\/td>\n<\/tr>\n<tr>\n<td><strong>Wasserfest\u00a0\u00a0\u00a0<\/strong><\/td>\n<td><strong>Ja<\/strong><\/td>\n<\/tr>\n<tr>\n<td><strong>Nebelfest\u00a0<\/strong><\/td>\n<td><strong>Ja<\/strong><\/td>\n<\/tr>\n<tr>\n<td><strong>Prismen Glas\u00a0\u00a0\u00a0\u00a0<\/strong><\/td>\n<td><strong>BAK4<\/strong><\/td>\n<\/tr>\n<\/tbody>\n<\/table>\n<p style=\"font-weight: 400;\"><strong><u>Merkmale:<\/u><\/strong><\/p>\n<ul>\n<li><strong> Langlebig und sch\u00fctzend, gummiert <\/strong><\/li>\n<li><strong>Vollst\u00e4ndig mehrfachbeschichtete Glaslinsen bieten h\u00f6chste Helligkeit und Aufl\u00f6sung<\/strong><\/li>\n<li><strong>BaK-4 Prismen bieten klare, helle und scharfe Bilder\u00a0 <\/strong><\/li>\n<li><strong>Langer Augenabstand f\u00fcr Brillentr\u00e4ger <\/strong><\/li>\n<li><strong>Sanfter Zentralfokusknopf f\u00fcr schnelles Betrachten <\/strong><\/li>\n<li><strong>Mit Stickstoff gef\u00fcllt und O-Ring-versiegelt f\u00fcr wasserdicht\/nebelfest\u00a0<\/strong><\/li>\n<li><strong>Extra Weitwinkel-Binokulare<\/strong><\/li>\n<\/ul>\n<p style=\"font-weight: 400;\"><strong><u>Verpackungsdetails:\u00a0<\/u><\/strong><strong><u>\u00a0\u00a0<\/u><\/strong><\/p>\n<p style=\"font-weight: 400;\"><strong>Ein Visionking 8\u00d732\u00a0Binokular<\/strong><\/p>","protected":false},"excerpt":{"rendered":"<p><b>Das Visionking 8\u00d732 bietet ein Sichtfeld, das fast doppelt so breit ist wie bei herk\u00f6mmlichen Ferngl\u00e4sern. Bequeme Sicht. Es ist perfekt f\u00fcr Zuschauer bei Sportveranstaltungen, Theater- oder Konzertliebhaber, die das Geschehen ohne st\u00e4ndiges Bewegen sehen m\u00f6chten. Mit kompakter Bauweise, sehr leicht zu tragen f\u00fcr den Au\u00dfeneinsatz, und es verf\u00fcgt \u00fcber voll mehrschichtverg\u00fctete gr\u00fcne Linsen und Bak4-Prismen f\u00fcr Lichtdurchl\u00e4ssigkeit, sodass es eine hohe Aufl\u00f6sung und ein gutes Sichtfeld bietet. Es hat auch einen gummierten K\u00f6rper f\u00fcr langlebigen Gebrauch. Das Wichtigste ist, dass es mit supergro\u00dfen Linsen ausgestattet ist.<\/b><\/p>","protected":false},"featured_media":928,"template":"","meta":[],"product_brand":[],"product_cat":[22],"product_tag":[],"class_list":{"0":"post-925","1":"product","2":"type-product","3":"status-publish","4":"has-post-thumbnail","6":"product_cat-binoculars","8":"first","9":"instock","10":"shipping-taxable","11":"product-type-simple"},"_links":{"self":[{"href":"https:\/\/visionkingscope.com\/de\/wp-json\/wp\/v2\/product\/925","targetHints":{"allow":["GET"]}}],"collection":[{"href":"https:\/\/visionkingscope.com\/de\/wp-json\/wp\/v2\/product"}],"about":[{"href":"https:\/\/visionkingscope.com\/de\/wp-json\/wp\/v2\/types\/product"}],"wp:featuredmedia":[{"embeddable":true,"href":"https:\/\/visionkingscope.com\/de\/wp-json\/wp\/v2\/media\/928"}],"wp:attachment":[{"href":"https:\/\/visionkingscope.com\/de\/wp-json\/wp\/v2\/media?parent=925"}],"wp:term":[{"taxonomy":"product_brand","embeddable":true,"href":"https:\/\/visionkingscope.com\/de\/wp-json\/wp\/v2\/product_brand?post=925"},{"taxonomy":"product_cat","embeddable":true,"href":"https:\/\/visionkingscope.com\/de\/wp-json\/wp\/v2\/product_cat?post=925"},{"taxonomy":"product_tag","embeddable":true,"href":"https:\/\/visionkingscope.com\/de\/wp-json\/wp\/v2\/product_tag?post=925"}],"curies":[{"name":"wp","href":"https:\/\/api.w.org\/{rel}","templated":true}]}}