{"id":918,"date":"2026-02-02T03:22:33","date_gmt":"2026-02-02T03:22:33","guid":{"rendered":"https:\/\/visionkingscope.com\/?post_type=product&#038;p=918"},"modified":"2026-02-02T03:55:26","modified_gmt":"2026-02-02T03:55:26","slug":"visionking-7x50-military-marine-binoculars-compass-range-finder-phone-adapter","status":"publish","type":"product","link":"https:\/\/visionkingscope.com\/de\/visionking-7x50-military-marine-binoculars-compass-range-finder-phone-adapter\/","title":{"rendered":"Visionking 7\u00d750 Milit\u00e4r Marine Ferngl\u00e4ser Kompass Entfernungsmesser Telefonadapter"},"content":{"rendered":"<h2><span class=\"Apple-style-span\"><strong><span class=\"Apple-style-span\" style=\"font-family: Times;\"><span class=\"Apple-style-span\" style=\"color: #ff0010;\">Spezifikationen:<\/span><\/span><\/strong><\/span><\/h2>\n<div><\/div>\n<div><span style=\"font-family: Times; font-size: x-large;\">\u00a0\u2022 Leistung:                        7x<\/span><\/div>\n<div><span style=\"font-family: Times; font-size: x-large;\">\u00a0\u2022 Kaliber:                        50<br \/>\n\u2022 Prismen-System:            Porro<br \/>\n\u2022 Sichtfeld (m\/1000m):   132<br \/>\n\u2022 Austrittspupille:             6,8<br \/>\n\u2022 Augenabstand:               23,0 mm (Langer Augenabstand)<br \/>\n\u2022 Objektivbeschichtung:   Vollst\u00e4ndig mehrfachbeschichtet<br \/>\n\u2022 Wasserdicht:                   Ja<br \/>\n\u2022 Nebelbest\u00e4ndig:             Ja<br \/>\n\u2022 Prisma:                            BAK4<br \/>\n\u2022 Gewicht:                        1860 g<br \/>\n\u2022 Abmessungen:               220x110x240<\/span><\/div>\n<div><\/div>\n<div>\n<h2><span class=\"Apple-style-span\"><strong><span class=\"Apple-style-span\" style=\"font-family: Times;\"><span class=\"Apple-style-span\" style=\"color: #ff0010;\">Merkmale:<\/span><\/span><\/strong><\/span><\/h2>\n<div><\/div>\n<div><span style=\"font-family: Times; font-size: x-large;\">\u00a0\u2022 Schwimmf\u00e4hig, wasserdicht &amp; nebelbest\u00e4ndig<\/span><span style=\"font-family: Times; font-size: x-large;\"><br \/>\n\u2022 Minimale interne Lichtreflexion<br \/>\n\u2022 Hochaufl\u00f6sende, scharfe Bilder<br \/>\n\u2022 Langer Augenabstand<br \/>\n\u2022 Mit Kompass- und Entfernungsmessretikulum<br \/>\n\u2022 Trockener Stickstoff im Geh\u00e4use<br \/>\n\u2022 Sto\u00dffest<br \/>\n\u2022 Einfach zu bedienen<\/span><\/div>\n<div><span style=\"font-family: Times; font-size: x-large;\">\u00a0\u2022 Lieferung direkt von der professionellen Optikmarke \u201cVISIONKING\u201d, kaufen mit Vertrauen<\/span><\/div>\n<\/div>\n<div>\n<h2><\/h2>\n<h2><strong>Verpackungsdetails<\/strong>:<\/h2>\n<ul>\n<li>7\u00d750 Fernglas 1 St\u00fcck<\/li>\n<li>Tragegurt 1 St\u00fcck<\/li>\n<li>Okularkappe 1 St\u00fcck<\/li>\n<li>Objektiv-Reinigungstuch 1 St\u00fcck<\/li>\n<li>Anleitung 1 Exemplar<\/li>\n<li>Weiche Tasche mit Tragegurt 1 St\u00fcck<\/li>\n<li>Objektivdeckel 2 St\u00fcck<\/li>\n<\/ul>\n<\/div>","protected":false},"excerpt":{"rendered":"<p>Diese 7\u00d750 Ferngl\u00e4ser sind ein schwimmendes Modell mit beleuchtetem Kompass. Sie verf\u00fcgen \u00fcber zwei Entfernungsmesswerkzeuge. Das Okular Mils Retikulum-Skala und das Rechnerdial k\u00f6nnen verwendet werden, um Ihre Entfernung zu einem Objekt zu sch\u00e4tzen, wenn dessen Gr\u00f6\u00dfe bekannt ist, oder umgekehrt. Die Optik ist pr\u00e4zise gefertigt f\u00fcr Helligkeit und Klarheit des Bildes.<\/p>","protected":false},"featured_media":920,"template":"","meta":[],"product_brand":[],"product_cat":[22],"product_tag":[],"class_list":{"0":"post-918","1":"product","2":"type-product","3":"status-publish","4":"has-post-thumbnail","6":"product_cat-binoculars","8":"first","9":"instock","10":"shipping-taxable","11":"product-type-simple"},"_links":{"self":[{"href":"https:\/\/visionkingscope.com\/de\/wp-json\/wp\/v2\/product\/918","targetHints":{"allow":["GET"]}}],"collection":[{"href":"https:\/\/visionkingscope.com\/de\/wp-json\/wp\/v2\/product"}],"about":[{"href":"https:\/\/visionkingscope.com\/de\/wp-json\/wp\/v2\/types\/product"}],"wp:featuredmedia":[{"embeddable":true,"href":"https:\/\/visionkingscope.com\/de\/wp-json\/wp\/v2\/media\/920"}],"wp:attachment":[{"href":"https:\/\/visionkingscope.com\/de\/wp-json\/wp\/v2\/media?parent=918"}],"wp:term":[{"taxonomy":"product_brand","embeddable":true,"href":"https:\/\/visionkingscope.com\/de\/wp-json\/wp\/v2\/product_brand?post=918"},{"taxonomy":"product_cat","embeddable":true,"href":"https:\/\/visionkingscope.com\/de\/wp-json\/wp\/v2\/product_cat?post=918"},{"taxonomy":"product_tag","embeddable":true,"href":"https:\/\/visionkingscope.com\/de\/wp-json\/wp\/v2\/product_tag?post=918"}],"curies":[{"name":"wp","href":"https:\/\/api.w.org\/{rel}","templated":true}]}}