{"id":913,"date":"2026-02-02T03:20:03","date_gmt":"2026-02-02T03:20:03","guid":{"rendered":"https:\/\/visionkingscope.com\/?post_type=product&#038;p=913"},"modified":"2026-02-02T03:20:03","modified_gmt":"2026-02-02T03:20:03","slug":"visionking-8x36-bak4-binoculars-military-outdoor-hunting-birding-phone-adapter","status":"publish","type":"product","link":"https:\/\/visionkingscope.com\/de\/visionking-8x36-bak4-binoculars-military-outdoor-hunting-birding-phone-adapter\/","title":{"rendered":"Visionking 8\u00d736 BAK4 Ferngl\u00e4ser Milit\u00e4r Outdoor Jagd Vogelbeobachtung Telefonadapter"},"content":{"rendered":"<p><strong><u>Spezifikationen:<\/u><\/strong><\/p>\n<ul>\n<li>\u2013Vergr\u00f6\u00dferung: 8x<\/li>\n<li>\u2013Durchmesser: 36 mm<\/li>\n<li><strong>\u2013Prismen-System: Porro<\/strong><\/li>\n<li>\u2013Fokussystem: Zentral<\/li>\n<li>\u2013Sichtfeld (ft\/1000 Yards): 330<\/li>\n<li>\u2013Naheinstellgrenze: 6 m<\/li>\n<li>\u2013Ausgangspupille: 4,5 mm<\/li>\n<li>\u2013Augenabstand: 15 mm<\/li>\n<li>\u2013Augenmuscheltyp: Drehbar<\/li>\n<li>\u2013Stickstoffgef\u00fcllt: Ja<\/li>\n<li>\u2013Beschichtung: Voll mehrfachbeschichtet Gr\u00fcn<\/li>\n<li>\u00a0 \u00a0Paketgewicht: 980 g<\/li>\n<li>\u00a0 \u00a0Abmessungen: 195x85x180 mm<\/li>\n<\/ul>\n<p><strong><u>Merkmale:<\/u><\/strong><\/p>\n<ul>\n<li>\u00a0\u00a0Gro\u00dfes 22 mm Okular f\u00fcr komfortables Beobachten<\/li>\n<li>\u00a0Langlebig und sch\u00fctzend, gummiert<\/li>\n<li>\u00a0Vollst\u00e4ndig mehrfachbeschichtete Glaslinsen bieten h\u00f6chste Helligkeit und Aufl\u00f6sung<\/li>\n<li>\u00a0Langer Augenabstand f\u00fcr Brillentr\u00e4ger<\/li>\n<li>Sanfter Zentralfokusknopf f\u00fcr schnelles Betrachten<\/li>\n<li>\u00a0Mit Stickstoff gef\u00fcllt und O-Ring-versiegelt f\u00fcr wasserdicht\/nebelfest<\/li>\n<li>\u00a0Lieferung direkt von der professionellen Optikmarke \u201cVISIONKING\u201d, kaufen mit Vertrauen<\/li>\n<\/ul>\n<p>&nbsp;<\/p>\n<p><strong><u>Verpackungsdetails:\u00a0<\/u><\/strong><\/p>\n<ul>\n<li><strong>Ein Visionking 8\u00d736 Fernglas<\/strong><\/li>\n<li><strong>Weiche Tasche<\/strong><\/li>\n<li><strong>Objektiv-Reinigungstuch<\/strong><\/li>\n<li><strong>Benutzerhandbuch<\/strong><\/li>\n<li><strong>Spiegelseil<\/strong><\/li>\n<\/ul>","protected":false},"excerpt":{"rendered":"<p><b><span style=\"font-family: Malgun Gothic;\">Das Visionking 8\u00d736 Fernglas ist sehr hell, klar und scharf im Blickfeld. Vollst\u00e4ndig mehrfach beschichtete Optik garantiert maximale Lichtdurchl\u00e4ssigkeit. Es ist gummiert f\u00fcr Sto\u00dffestigkeit, sodass Sie es f\u00fcr anspruchsvolle Outdoor-Aktivit\u00e4ten verwenden k\u00f6nnen. Es ist \u00e4u\u00dferst ideal f\u00fcr Camping, Wandern, Jagen, Reisen usw.<\/span><\/b><\/p>","protected":false},"featured_media":915,"template":"","meta":[],"product_brand":[],"product_cat":[22],"product_tag":[],"class_list":{"0":"post-913","1":"product","2":"type-product","3":"status-publish","4":"has-post-thumbnail","6":"product_cat-binoculars","8":"first","9":"instock","10":"shipping-taxable","11":"product-type-simple"},"_links":{"self":[{"href":"https:\/\/visionkingscope.com\/de\/wp-json\/wp\/v2\/product\/913","targetHints":{"allow":["GET"]}}],"collection":[{"href":"https:\/\/visionkingscope.com\/de\/wp-json\/wp\/v2\/product"}],"about":[{"href":"https:\/\/visionkingscope.com\/de\/wp-json\/wp\/v2\/types\/product"}],"wp:featuredmedia":[{"embeddable":true,"href":"https:\/\/visionkingscope.com\/de\/wp-json\/wp\/v2\/media\/915"}],"wp:attachment":[{"href":"https:\/\/visionkingscope.com\/de\/wp-json\/wp\/v2\/media?parent=913"}],"wp:term":[{"taxonomy":"product_brand","embeddable":true,"href":"https:\/\/visionkingscope.com\/de\/wp-json\/wp\/v2\/product_brand?post=913"},{"taxonomy":"product_cat","embeddable":true,"href":"https:\/\/visionkingscope.com\/de\/wp-json\/wp\/v2\/product_cat?post=913"},{"taxonomy":"product_tag","embeddable":true,"href":"https:\/\/visionkingscope.com\/de\/wp-json\/wp\/v2\/product_tag?post=913"}],"curies":[{"name":"wp","href":"https:\/\/api.w.org\/{rel}","templated":true}]}}