{"id":908,"date":"2026-02-02T03:17:52","date_gmt":"2026-02-02T03:17:52","guid":{"rendered":"https:\/\/visionkingscope.com\/?post_type=product&#038;p=908"},"modified":"2026-02-02T03:17:52","modified_gmt":"2026-02-02T03:17:52","slug":"visionking-10x42-green-open-bridge-binocular-bird-watching-phone-adapter","status":"publish","type":"product","link":"https:\/\/visionkingscope.com\/de\/visionking-10x42-green-open-bridge-binocular-bird-watching-phone-adapter\/","title":{"rendered":"Visionking 10\u00d742 Gr\u00fcn offener Br\u00fcckenfernglas Vogelbeobachtung Telefonadapter"},"content":{"rendered":"<div><span class=\"Apple-style-span\"><strong><span class=\"Apple-style-span\" style=\"font-family: Times;\"><span class=\"Apple-style-span\" style=\"color: #ff0010;\">Spezifikationen:<\/span><\/span><\/strong><\/span><\/div>\n<p>\u2022 Vergr\u00f6\u00dferung 10x<br \/>\n\u2022 Durchmesser 42<br \/>\n\u2022 Prismensystem Dach<br \/>\n\u2022 Prismenglas BAK4<br \/>\n\u2022 Fokussystem Zentral<br \/>\n\u2022 Sichtfeld (ft\/1000 Yards) 283<br \/>\n\u2022 Nahfokusdistanz 4,5<br \/>\n\u2022 Austrittspupille 4,2<br \/>\n\u2022 Augenabstand 15<br \/>\n\u2022 Augenmuscheltyp Drehbar<br \/>\n\u2022 Beschichtung FMC-Gr\u00fcn<br \/>\n\u2022 Aufl\u00f6sung \u22645,4\u201d<br \/>\n\u2022 Nebelbest\u00e4ndig Ja<br \/>\n\u2022 Wasserdicht 1,5 m\/3 min<br \/>\n\u2022 Nitrogengef\u00fcllt Ja<br \/>\n\u2022 Paketgewicht 1050 g<br \/>\n\u2022 Abmessungen 160x80x182 mm<\/p>\n<p><strong>Merkmale:<\/strong><\/p>\n<p>\u2022 Gro\u00dfe 21mm Okularlinse f\u00fcr komfortables Betrachten<br \/>\n\u2022 Gro\u00dfe 42mm Objektivlinse f\u00fcr au\u00dfergew\u00f6hnliche Helligkeit<br \/>\n\u2022 Langlebig und Schutz, gummiert f\u00fcr Sto\u00dffestigkeit<br \/>\n\u2022 Neues offenes Br\u00fcckendesign, leichtgewichtig, ergonomisch, angenehm zu halten<br \/>\n\u2022 Vollst\u00e4ndig mehrfachbeschichtete Glaslinsen liefern ultimative Helligkeit und Aufl\u00f6sung<br \/>\n\u2022 Langer Augenabstand f\u00fcr Brillentr\u00e4ger<br \/>\n\u2022 Glatter zentraler Fokusring f\u00fcr schnelles Scharfstellen<br \/>\n\u2022 Mit Stickstoff gef\u00fcllt und O-Ring-verschlossen f\u00fcr Wasserdicht\/Beschlagfrei<br \/>\n\u2022 Klappbare Objektivdeckel sch\u00fctzen die Linsen vor Schmutz und Kratzern, langlebig<br \/>\n\u2022 Lieferung direkt von der professionellen Optikmarke \u201cVISIONKING\u201d, kaufen mit Vertrauen<\/p>\n<p><strong>Verpackungsdetails<\/strong>:<\/p>\n<p>Ein Visionking 10\u00d742 Fernglas, Soft-Tasche, Reinigungstuch, Anleitung, Spiegelriemen, Trockenmittel, Karton<\/p>\n<p>&nbsp;<\/p>","protected":false},"excerpt":{"rendered":"<p>Das Visionking 10\u00d742 Fernglas bietet ein ergonomisches, offenes Br\u00fcckendesign mit einem gro\u00dfen, gerippten, zentralen Fokusrad f\u00fcr weniger Gewicht und mehr Komfort. Die voll mehrfachbeschichteten Linsen sorgen f\u00fcr ein hochaufl\u00f6sendes Bild, erh\u00f6hte Lichtdurchl\u00e4ssigkeit, Kontrast und Klarheit. Bak4-Prismen bieten nahezu perfekte Lichtreflexion, was hellere, sch\u00e4rfere Bilder mit st\u00e4rkerem Kontrast erm\u00f6glicht.<br \/>\nWeitere Merkmale dieses Visionking 10\u00d742 Fernglases sind der weite Blickwinkel, das gro\u00dfe Fokusrad und die lange Augenabstand. Nitrogengef\u00fcllt und O-Ring-verschlossen ist das 10\u00d742 Fernglas wasserdicht und fog-proof, um anspruchsvolle Wetterbedingungen zu meistern. .<\/p>","protected":false},"featured_media":909,"template":"","meta":[],"product_brand":[],"product_cat":[22],"product_tag":[],"class_list":{"0":"post-908","1":"product","2":"type-product","3":"status-publish","4":"has-post-thumbnail","6":"product_cat-binoculars","8":"first","9":"instock","10":"shipping-taxable","11":"product-type-simple"},"_links":{"self":[{"href":"https:\/\/visionkingscope.com\/de\/wp-json\/wp\/v2\/product\/908","targetHints":{"allow":["GET"]}}],"collection":[{"href":"https:\/\/visionkingscope.com\/de\/wp-json\/wp\/v2\/product"}],"about":[{"href":"https:\/\/visionkingscope.com\/de\/wp-json\/wp\/v2\/types\/product"}],"wp:featuredmedia":[{"embeddable":true,"href":"https:\/\/visionkingscope.com\/de\/wp-json\/wp\/v2\/media\/909"}],"wp:attachment":[{"href":"https:\/\/visionkingscope.com\/de\/wp-json\/wp\/v2\/media?parent=908"}],"wp:term":[{"taxonomy":"product_brand","embeddable":true,"href":"https:\/\/visionkingscope.com\/de\/wp-json\/wp\/v2\/product_brand?post=908"},{"taxonomy":"product_cat","embeddable":true,"href":"https:\/\/visionkingscope.com\/de\/wp-json\/wp\/v2\/product_cat?post=908"},{"taxonomy":"product_tag","embeddable":true,"href":"https:\/\/visionkingscope.com\/de\/wp-json\/wp\/v2\/product_tag?post=908"}],"curies":[{"name":"wp","href":"https:\/\/api.w.org\/{rel}","templated":true}]}}