{"id":899,"date":"2026-02-02T03:15:21","date_gmt":"2026-02-02T03:15:21","guid":{"rendered":"https:\/\/visionkingscope.com\/?post_type=product&#038;p=899"},"modified":"2026-02-02T03:15:21","modified_gmt":"2026-02-02T03:15:21","slug":"visionking-10x42-zoom-hunting-outdoor-bak4-roof-binoculars-phone-adapter","status":"publish","type":"product","link":"https:\/\/visionkingscope.com\/de\/visionking-10x42-zoom-hunting-outdoor-bak4-roof-binoculars-phone-adapter\/","title":{"rendered":"Visionking 10\u00d742 Zoom-Jagd-Outdoor BAK4 Dachkant-Ferngl\u00e4ser Telefonadapter"},"content":{"rendered":"<p style=\"font-weight: 400;\"><strong><u>Spezifikationen:<\/u><\/strong><\/p>\n<ul>\n<li style=\"font-weight: 400;\"><strong> Vergr\u00f6\u00dferung                       10x\u00a0<\/strong><strong><br \/>\n<\/strong><strong>\u00a0\u2022 Kaliber                                42\u00a0<\/strong><strong><br \/>\n<\/strong><strong>\u00a0\u2022 Prismen-System                     Dach\u00a0<\/strong><strong><br \/>\n<\/strong><strong>\u00a0\u2022 Prismenglas                         BAK4\u00a0<\/strong><strong><br \/>\n<\/strong><strong>\u00a0\u2022 Fokussystem                        Zentral\u00a0<\/strong><strong><br \/>\n<\/strong><strong>\u00a0\u2022 Sichtfeld (ft\/1000 Yards)     330<\/strong><strong><br \/>\n<\/strong><strong>\u00a0\u2022 Nahfokusdistanz                  3\u00a0\u00a0<\/strong><strong><br \/>\n<\/strong><strong>\u00a0\u2022 Austrittspupille                     4,2<\/strong><strong><br \/>\n<\/strong><strong>\u00a0\u2022 Augenabstand                      18\u00a0<\/strong><strong><br \/>\n<\/strong><strong>\u00a0\u2022 Augenmuschelt Typ                Drehbar\u00a0<\/strong><strong><br \/>\n<\/strong><strong>\u00a0\u2022 Beschichtung                         FMC-Gr\u00fcn<\/strong><\/li>\n<\/ul>\n<p style=\"font-weight: 400;\"><strong>\u00a0\u00a0<\/strong><\/p>\n<p style=\"font-weight: 400;\"><strong><u>Merkmale:<\/u><\/strong><\/p>\n<ul>\n<li style=\"font-weight: 400;\"><strong>Langlebig und sch\u00fctzend, gummiert\u00a0<\/strong><strong><br \/>\n<\/strong><strong>\u00a0\u2022 Leichtes, ergonomisches Design, bequem zu halten\u00a0<\/strong><strong><br \/>\n<\/strong><strong>\u00a0\u2022 Mehrschichtverg\u00fctete Glaslinsen\u00a0\u00a0<\/strong><strong><br \/>\n<\/strong><strong>\u00a0\u2022 Langer Augenabstand f\u00fcr Brillentr\u00e4ger\u00a0<\/strong><strong><br \/>\n<\/strong><strong>\u00a0\u2022 Sanfter zentraler Fokusring f\u00fcr schnelles Beobachten\u00a0<\/strong><strong><br \/>\n<\/strong><strong>\u00a0\u2022 Nahfokussierung<\/strong><\/li>\n<\/ul>\n<p style=\"font-weight: 400;\"><strong><u>Verpackungsdetails:\u00a0<\/u><\/strong><\/p>\n<p style=\"font-weight: 400;\"><strong>Ein Visionking 10\u00d742 Fernglas<\/strong><\/p>\n<p style=\"font-weight: 400;\"><strong>S<\/strong><strong>oft Tasche<\/strong><\/p>\n<p style=\"font-weight: 400;\"><strong>L<\/strong><strong>ens\u00a0<\/strong><strong>Reinigung\u00a0<\/strong><strong>Stoff<\/strong><\/p>\n<p style=\"font-weight: 400;\"><strong>Benutzer\u00a0<\/strong><strong>Handbuch<\/strong><\/p>\n<p style=\"font-weight: 400;\"><strong>M<\/strong><strong>Irror-Seil\u00a0<\/strong><\/p>","protected":false},"excerpt":{"rendered":"<p><b>Das Visionking 10\u00d742 Jagd Dachkantprismen-Fernglas mit langlebigem Gummiarmierung, kompaktem Geh\u00e4use, ideal f\u00fcr Jagd und Camping.<\/b><b>\u00a0<\/b><\/p>","protected":false},"featured_media":903,"template":"","meta":[],"product_brand":[],"product_cat":[22],"product_tag":[],"class_list":{"0":"post-899","1":"product","2":"type-product","3":"status-publish","4":"has-post-thumbnail","6":"product_cat-binoculars","8":"first","9":"instock","10":"shipping-taxable","11":"product-type-simple"},"_links":{"self":[{"href":"https:\/\/visionkingscope.com\/de\/wp-json\/wp\/v2\/product\/899","targetHints":{"allow":["GET"]}}],"collection":[{"href":"https:\/\/visionkingscope.com\/de\/wp-json\/wp\/v2\/product"}],"about":[{"href":"https:\/\/visionkingscope.com\/de\/wp-json\/wp\/v2\/types\/product"}],"wp:featuredmedia":[{"embeddable":true,"href":"https:\/\/visionkingscope.com\/de\/wp-json\/wp\/v2\/media\/903"}],"wp:attachment":[{"href":"https:\/\/visionkingscope.com\/de\/wp-json\/wp\/v2\/media?parent=899"}],"wp:term":[{"taxonomy":"product_brand","embeddable":true,"href":"https:\/\/visionkingscope.com\/de\/wp-json\/wp\/v2\/product_brand?post=899"},{"taxonomy":"product_cat","embeddable":true,"href":"https:\/\/visionkingscope.com\/de\/wp-json\/wp\/v2\/product_cat?post=899"},{"taxonomy":"product_tag","embeddable":true,"href":"https:\/\/visionkingscope.com\/de\/wp-json\/wp\/v2\/product_tag?post=899"}],"curies":[{"name":"wp","href":"https:\/\/api.w.org\/{rel}","templated":true}]}}