{"id":894,"date":"2026-02-02T03:12:46","date_gmt":"2026-02-02T03:12:46","guid":{"rendered":"https:\/\/visionkingscope.com\/?post_type=product&#038;p=894"},"modified":"2026-02-02T03:12:46","modified_gmt":"2026-02-02T03:12:46","slug":"visionking-7x50-binoculars-black-hunting-bird-watching-phone-adapter","status":"publish","type":"product","link":"https:\/\/visionkingscope.com\/de\/visionking-7x50-binoculars-black-hunting-bird-watching-phone-adapter\/","title":{"rendered":"Visionking 7\u00d750 Fernglas Schwarz Jagd Vogelbeobachtung Telefonadapter"},"content":{"rendered":"<div><span class=\"Apple-style-span\"><strong><span class=\"Apple-style-span\" style=\"font-family: Times;\"><span class=\"Apple-style-span\" style=\"color: #ff0010;\">Spezifikationen:<\/span><\/span><\/strong><\/span><b><\/b><\/div>\n<ul>\n<li><span class=\"Apple-style-span\" style=\"font-family: Times;\"><b>Vergr\u00f6\u00dferung x Objektiv: 7\u00d750<\/b><\/span><\/li>\n<li><b><\/b><span class=\"Apple-style-span\" style=\"font-family: Times;\"><b>Gr\u00f6\u00dfenklasse: Standard<\/b><\/span><\/li>\n<li><span class=\"Apple-style-span\" style=\"font-family: Times;\"><b>Fokussystem: Zentral<\/b><\/span><\/li>\n<li><span class=\"Apple-style-span\" style=\"font-family: Times;\"><b>Prismen-System: Porro<\/b><\/span><\/li>\n<li><span class=\"Apple-style-span\" style=\"font-family: Times;\"><b>Prismen-Klasse: BK7<\/b><\/span><\/li>\n<li><span class=\"Apple-style-span\" style=\"font-family: Times;\"><b>Objektivbeschichtung: FMC<\/b><\/span><\/li>\n<li><span class=\"Apple-style-span\" style=\"font-family: Times;\"><b>Sichtfeld, ft.\/1000yds.  m\/1000m: 357\/119<\/b><\/span><\/li>\n<li><span class=\"Apple-style-span\" style=\"font-family: Times;\"><b>Naheinstellung, m: 6<\/b><\/span><\/li>\n<li><span class=\"Apple-style-span\" style=\"font-family: Times;\"><b>Ausgangspupille, mm: 7,2<\/b><\/span><\/li>\n<li><span class=\"Apple-style-span\" style=\"font-family: Times;\"><b>Augenabstand, mm: 12,5<\/b><\/span><\/li>\n<li><span class=\"Apple-style-span\" style=\"font-family: Times;\"><b>Nettogewicht, g: 880<\/b><\/span><b><\/b><\/li>\n<\/ul>\n<div><span class=\"Apple-style-span\"><span style=\"color: #fb0034;\"><strong><span class=\"Apple-style-span\" style=\"font-family: Times;\">Verpackungsdetails<\/span><\/strong><span class=\"Apple-style-span\" style=\"font-family: Times;\">:<\/span><span class=\"Apple-style-span\" style=\"font-family: verdana;\">\u00a0<\/span><\/span><\/span><\/div>\n<div><\/div>\n<div><span class=\"Apple-style-span\"><span class=\"Apple-style-span\" style=\"font-family: Times;\"><b>Ein Visionking 7\u00d750 Porro-Fernglas;\u00a0<\/b><\/span><\/span><\/div>\n<div><span class=\"Apple-style-span\"><span class=\"Apple-style-span\" style=\"font-family: Times;\"><b>Eine weiche Tragetasche<\/b><\/span><\/span><span class=\"Apple-style-span\"><span style=\"font-family: Times;\">.<\/span><\/span><\/div>\n<p>&nbsp;<\/p>","protected":false},"excerpt":{"rendered":"<p><b><span style=\"font-family: Trebuchet MS;\"><span lang=\"EN-US\"><span style=\"color: #006535;\"><strong><span class=\"Apple-style-span\"><span class=\"Apple-style-span\" style=\"color: #000000; font-family: Times;\">Das 7\u00d750 Fernglas ist vollst\u00e4ndig mit einem zuverl\u00e4ssigen 100%-Optikdesign gefertigt. Es ist einfach f\u00fcr den Au\u00dfeneinsatz zu tragen. Und das 7\u00d750 Fernglas bietet hohe Aufl\u00f6sung und ein gutes Sichtfeld. Dieses Fernglas ist ideal f\u00fcr Camper, J\u00e4ger, Sportbegeisterte und so weiter<\/span><\/span><\/strong><\/span><\/span>.<\/span><\/b><\/p>","protected":false},"featured_media":895,"template":"","meta":[],"product_brand":[],"product_cat":[22],"product_tag":[],"class_list":{"0":"post-894","1":"product","2":"type-product","3":"status-publish","4":"has-post-thumbnail","6":"product_cat-binoculars","8":"first","9":"instock","10":"shipping-taxable","11":"product-type-simple"},"_links":{"self":[{"href":"https:\/\/visionkingscope.com\/de\/wp-json\/wp\/v2\/product\/894","targetHints":{"allow":["GET"]}}],"collection":[{"href":"https:\/\/visionkingscope.com\/de\/wp-json\/wp\/v2\/product"}],"about":[{"href":"https:\/\/visionkingscope.com\/de\/wp-json\/wp\/v2\/types\/product"}],"wp:featuredmedia":[{"embeddable":true,"href":"https:\/\/visionkingscope.com\/de\/wp-json\/wp\/v2\/media\/895"}],"wp:attachment":[{"href":"https:\/\/visionkingscope.com\/de\/wp-json\/wp\/v2\/media?parent=894"}],"wp:term":[{"taxonomy":"product_brand","embeddable":true,"href":"https:\/\/visionkingscope.com\/de\/wp-json\/wp\/v2\/product_brand?post=894"},{"taxonomy":"product_cat","embeddable":true,"href":"https:\/\/visionkingscope.com\/de\/wp-json\/wp\/v2\/product_cat?post=894"},{"taxonomy":"product_tag","embeddable":true,"href":"https:\/\/visionkingscope.com\/de\/wp-json\/wp\/v2\/product_tag?post=894"}],"curies":[{"name":"wp","href":"https:\/\/api.w.org\/{rel}","templated":true}]}}