{"id":867,"date":"2026-02-02T02:39:06","date_gmt":"2026-02-02T02:39:06","guid":{"rendered":"https:\/\/visionkingscope.com\/?post_type=product&#038;p=867"},"modified":"2026-02-02T02:39:06","modified_gmt":"2026-02-02T02:39:06","slug":"visionking-20-60x60-waterproof-spotting-scope-nikon-dslr-camera-adapter","status":"publish","type":"product","link":"https:\/\/visionkingscope.com\/de\/visionking-20-60x60-waterproof-spotting-scope-nikon-dslr-camera-adapter\/","title":{"rendered":"Visionking 20-60\u00d760 Wasserdichter Spotting Scope + Nikon DSLR Kameraadapter"},"content":{"rendered":"<p><b><u>Spezifikationen:<\/u><\/b><b><u><\/u><\/b><\/p>\n<table style=\"font-weight: 400;\">\n<tbody>\n<tr>\n<td width=\"280\"><strong>Modell<\/strong><\/td>\n<td width=\"261\"><strong>Solitude 20-60x60SE<\/strong><strong><br \/>\n<\/strong><strong>Fernglas-Set<\/strong><\/td>\n<\/tr>\n<tr>\n<td width=\"280\"><strong>Vergr\u00f6\u00dferung<\/strong><\/td>\n<td width=\"261\"><strong>20-60<\/strong><\/td>\n<\/tr>\n<tr>\n<td width=\"280\"><strong>Objektivlinse (mm)<\/strong><\/td>\n<td width=\"261\"><strong>60<\/strong><\/td>\n<\/tr>\n<tr>\n<td width=\"280\"><strong>Prismenart<\/strong><\/td>\n<td width=\"261\"><strong>Porro BK-7<\/strong><\/td>\n<\/tr>\n<tr>\n<td width=\"280\"><strong>Prismenbeschichtung<\/strong><\/td>\n<td width=\"261\"><strong>ja<\/strong><\/td>\n<\/tr>\n<tr>\n<td width=\"280\"><strong>Objektivbeschichtung<\/strong><\/td>\n<td width=\"261\"><strong>Vollverg\u00fctet<\/strong><\/td>\n<\/tr>\n<tr>\n<td width=\"280\"><strong>Fokussystem<\/strong><\/td>\n<td width=\"261\"><strong>Zentral<\/strong><\/td>\n<\/tr>\n<tr>\n<td width=\"280\"><strong>Fokussierende Linse<\/strong><\/td>\n<td width=\"261\"><strong>Intern<\/strong><\/td>\n<\/tr>\n<tr>\n<td width=\"280\"><strong>Ausgangspupille (mm)<\/strong><\/td>\n<td width=\"261\"><strong>3-1<\/strong><\/td>\n<\/tr>\n<tr>\n<td width=\"280\"><strong>Augenabstand (in\/mm)<\/strong><\/td>\n<td width=\"261\"><strong>0.6-0.55 \/ 15.3-14<\/strong><\/td>\n<\/tr>\n<tr>\n<td width=\"280\"><strong>Sichtfeld (Grad)<\/strong><\/td>\n<td width=\"261\"><strong>2.05-1<\/strong><\/td>\n<\/tr>\n<tr>\n<td width=\"280\"><strong>Sichtfeld (ft\/1.000yds)<\/strong><\/td>\n<td width=\"261\"><strong>107.4-52.5<\/strong><\/td>\n<\/tr>\n<tr>\n<td width=\"280\"><strong>Sichtfeld (m\/1.000m)<\/strong><\/td>\n<td width=\"261\"><strong>35.8-17.5<\/strong><\/td>\n<\/tr>\n<tr>\n<td width=\"280\"><strong>Minimale Fokussierentfernung (ft\/m)<\/strong><\/td>\n<td width=\"261\"><strong>14\/4.2<\/strong><\/td>\n<\/tr>\n<tr>\n<td width=\"280\"><strong>Relative Helligkeit<\/strong><\/td>\n<td width=\"261\"><strong>9-1<\/strong><\/td>\n<\/tr>\n<tr>\n<td width=\"280\"><strong>D\u00e4mmerungsindex<\/strong><\/td>\n<td width=\"261\"><strong>34.6-60<\/strong><\/td>\n<\/tr>\n<tr>\n<td width=\"280\"><strong>Aufl\u00f6sung<\/strong><\/td>\n<td width=\"261\"><strong>2,7\u2033<\/strong><\/td>\n<\/tr>\n<tr>\n<td width=\"280\"><strong>Wasserdicht\/Nitrogen-gef\u00fcllt<\/strong><\/td>\n<td width=\"261\"><strong>Ja<\/strong><\/td>\n<\/tr>\n<tr>\n<td width=\"280\"><strong>Pogproof<\/strong><\/td>\n<td width=\"261\"><strong>Ja<\/strong><\/td>\n<\/tr>\n<tr>\n<td width=\"280\"><strong>IP-Bewertung<\/strong><\/td>\n<td width=\"261\"><strong>IP67-wasserdicht und Staubdicht<\/strong><\/td>\n<\/tr>\n<tr>\n<td width=\"280\"><strong>Okularkuppsystem(Typ)<\/strong><\/td>\n<td width=\"261\"><strong>Drehbar nach oben<\/strong><\/td>\n<\/tr>\n<tr>\n<td width=\"280\"><strong>Stativaufnahme(inch)<\/strong><\/td>\n<td width=\"261\"><strong>1\/4<\/strong><\/td>\n<\/tr>\n<tr>\n<td width=\"280\"><strong>Betriebstemperatur(\u00b0F\/\u00b0C)<\/strong><\/td>\n<td width=\"261\"><strong>0 bis 120\/-17 bis 49<\/strong><\/td>\n<\/tr>\n<tr>\n<td width=\"280\"><strong>L\u00e4nge(in\/mm)<\/strong><\/td>\n<td width=\"261\"><strong>13.9-353<\/strong><\/td>\n<\/tr>\n<tr>\n<td width=\"280\"><strong>Breite(in\/mm)<\/strong><\/td>\n<td width=\"261\"><strong>3.2\/81<\/strong><\/td>\n<\/tr>\n<tr>\n<td width=\"280\"><strong>H\u00f6he(in\/mm)<\/strong><\/td>\n<td width=\"261\"><strong>4.7-120<\/strong><\/td>\n<\/tr>\n<tr>\n<td width=\"280\"><strong>Wdight(oz)<\/strong><\/td>\n<td width=\"261\"><strong>36.3<\/strong><\/td>\n<\/tr>\n<\/tbody>\n<\/table>\n<p style=\"font-weight: 400;\"><strong><u>Merkmale:<\/u><\/strong><\/p>\n<ul>\n<li style=\"font-weight: 400;\"><strong>\u00a0O-Ring versiegelt, 100% wasserdicht<\/strong><\/li>\n<li style=\"font-weight: 400;\"><strong> \u00a0Trockengelegt mit Stickstoff und versiegelt, 100% fog-proof<\/strong><\/li>\n<li style=\"font-weight: 400;\"><strong> \u00a0BAK-4 Prismen<\/strong><\/li>\n<li style=\"font-weight: 400;\"><strong> \u00a0Vollst\u00e4ndig mehrfachbeschichtete Optik<\/strong><\/li>\n<li style=\"font-weight: 400;\"><strong> \u00a0Lange Augenabstand<\/strong><\/li>\n<li style=\"font-weight: 400;\"><strong> \u00a0Nahe Fokussierung<\/strong><\/li>\n<li style=\"font-weight: 400;\"><strong> \u00a020x-60x Zoom-Okular<\/strong><\/li>\n<li style=\"font-weight: 400;\"><strong> \u00a0Weiche Tasche und Stativ inklusive<\/strong><\/li>\n<li style=\"font-weight: 400;\"><strong> \u00a0Ausziehbarer Sonnenschutz<\/strong><\/li>\n<li style=\"font-weight: 400;\"><strong> \u00a0Kann an jedes Standard-Kamera-Stativ angebracht werden<\/strong><\/li>\n<\/ul>\n<p style=\"font-weight: 400;\"><strong>\u00a0<\/strong><\/p>\n<p style=\"font-weight: 400;\"><strong><u>Verpackungsdetails:<\/u><\/strong><strong><u>\u00a0<\/u><\/strong><\/p>\n<p style=\"font-weight: 400;\"><strong>Ein 20-60\u00d760 Spotting Scope;\u00a0<\/strong><\/p>\n<p style=\"font-weight: 400;\"><strong>Eine weiche Tragetasche<\/strong><\/p>\n<p style=\"font-weight: 400;\"><strong>Ein Visionking Kamera-Adapterrohr<\/strong><\/p>\n<p style=\"font-weight: 400;\"><strong>Ein Visionking NIKON-Ring<\/strong><\/p>","protected":false},"excerpt":{"rendered":"<p>Dieses 20-60\u00d760 gummierte Geh\u00e4use ist langlebig. Es kombiniert vollverg\u00fctete Optik mit BAK4-Prismen, die ein kristallklares Bild unter allen Bedingungen gew\u00e4hrleisten. Perfekt f\u00fcr die Jagd, Vogelbeobachtung und alle vergleichbaren Naturanwendungen. Es ist vollst\u00e4ndig wasserdicht und fog-proof, sodass es bei jedem Wetter verwendet werden kann.<\/p>","protected":false},"featured_media":869,"template":"","meta":[],"product_brand":[],"product_cat":[21],"product_tag":[],"class_list":{"0":"post-867","1":"product","2":"type-product","3":"status-publish","4":"has-post-thumbnail","6":"product_cat-spotting-scope","8":"first","9":"instock","10":"shipping-taxable","11":"product-type-simple"},"_links":{"self":[{"href":"https:\/\/visionkingscope.com\/de\/wp-json\/wp\/v2\/product\/867","targetHints":{"allow":["GET"]}}],"collection":[{"href":"https:\/\/visionkingscope.com\/de\/wp-json\/wp\/v2\/product"}],"about":[{"href":"https:\/\/visionkingscope.com\/de\/wp-json\/wp\/v2\/types\/product"}],"wp:featuredmedia":[{"embeddable":true,"href":"https:\/\/visionkingscope.com\/de\/wp-json\/wp\/v2\/media\/869"}],"wp:attachment":[{"href":"https:\/\/visionkingscope.com\/de\/wp-json\/wp\/v2\/media?parent=867"}],"wp:term":[{"taxonomy":"product_brand","embeddable":true,"href":"https:\/\/visionkingscope.com\/de\/wp-json\/wp\/v2\/product_brand?post=867"},{"taxonomy":"product_cat","embeddable":true,"href":"https:\/\/visionkingscope.com\/de\/wp-json\/wp\/v2\/product_cat?post=867"},{"taxonomy":"product_tag","embeddable":true,"href":"https:\/\/visionkingscope.com\/de\/wp-json\/wp\/v2\/product_tag?post=867"}],"curies":[{"name":"wp","href":"https:\/\/api.w.org\/{rel}","templated":true}]}}