{"id":864,"date":"2026-02-02T02:36:30","date_gmt":"2026-02-02T02:36:30","guid":{"rendered":"https:\/\/visionkingscope.com\/?post_type=product&#038;p=864"},"modified":"2026-02-02T08:54:56","modified_gmt":"2026-02-02T08:54:56","slug":"toten-universal-digital-camera-adapter-mount-for-spotting-scopes","status":"publish","type":"product","link":"https:\/\/visionkingscope.com\/de\/toten-universal-digital-camera-adapter-mount-for-spotting-scopes\/","title":{"rendered":"Toten Universal Digital Kameraadapterhalterung f\u00fcr Spotting Scopes"},"content":{"rendered":"<p><strong>Spezifikationen:<\/strong><\/p>\n<ul>\n<li><strong>Geh\u00e4usematerial: Aluminium<\/strong><\/li>\n<li><strong>Gewicht: 12,4 oz<\/strong><\/li>\n<li><strong>H\u00f6he: 8,7\u2033<\/strong><\/li>\n<li><strong>Paketgewicht: 0,460 kg<\/strong><\/li>\n<li><strong>Abmessungen: 225x125x115 mm<\/strong><\/li>\n<\/ul>\n<p>&nbsp;<\/p>\n<p><strong>Verpackungsdetails<\/strong>:\u00a0<strong>Ein universeller Digital-Kamera-Adapter.<\/strong><\/p>","protected":false},"excerpt":{"rendered":"<p>Dieser Universaladapter f\u00fcr Digitalkameras passt auf Spotting-Scopes und Teleskope. Er erm\u00f6glicht auch die Befestigung vieler anderer Spektive.<br \/>\nDer Adapter ist vollst\u00e4ndig verstellbar \u2013 3-Wege-Verstellung: oben-unten, links-rechts &amp; vorw\u00e4rts-r\u00fcckw\u00e4rts. Geeignete Okul\u00e4rgr\u00f6\u00dfe des Spektivs: 28 mm-45 mm.<\/p>","protected":false},"featured_media":1136,"template":"","meta":[],"product_brand":[],"product_cat":[21,25],"product_tag":[],"class_list":{"0":"post-864","1":"product","2":"type-product","3":"status-publish","4":"has-post-thumbnail","6":"product_cat-spotting-scope","7":"product_cat-accessories","9":"first","10":"instock","11":"shipping-taxable","12":"product-type-simple"},"_links":{"self":[{"href":"https:\/\/visionkingscope.com\/de\/wp-json\/wp\/v2\/product\/864","targetHints":{"allow":["GET"]}}],"collection":[{"href":"https:\/\/visionkingscope.com\/de\/wp-json\/wp\/v2\/product"}],"about":[{"href":"https:\/\/visionkingscope.com\/de\/wp-json\/wp\/v2\/types\/product"}],"wp:featuredmedia":[{"embeddable":true,"href":"https:\/\/visionkingscope.com\/de\/wp-json\/wp\/v2\/media\/1136"}],"wp:attachment":[{"href":"https:\/\/visionkingscope.com\/de\/wp-json\/wp\/v2\/media?parent=864"}],"wp:term":[{"taxonomy":"product_brand","embeddable":true,"href":"https:\/\/visionkingscope.com\/de\/wp-json\/wp\/v2\/product_brand?post=864"},{"taxonomy":"product_cat","embeddable":true,"href":"https:\/\/visionkingscope.com\/de\/wp-json\/wp\/v2\/product_cat?post=864"},{"taxonomy":"product_tag","embeddable":true,"href":"https:\/\/visionkingscope.com\/de\/wp-json\/wp\/v2\/product_tag?post=864"}],"curies":[{"name":"wp","href":"https:\/\/api.w.org\/{rel}","templated":true}]}}