{"id":860,"date":"2026-02-02T02:34:33","date_gmt":"2026-02-02T02:34:33","guid":{"rendered":"https:\/\/visionkingscope.com\/?post_type=product&#038;p=860"},"modified":"2026-02-02T08:56:20","modified_gmt":"2026-02-02T08:56:20","slug":"visionking-adapter-for-spotting-scopes-for-nikon-dslr-camera","status":"publish","type":"product","link":"https:\/\/visionkingscope.com\/de\/visionking-adapter-for-spotting-scopes-for-nikon-dslr-camera\/","title":{"rendered":"Visionking-Adapter f\u00fcr Spotting-Scopes f\u00fcr Nikon DSLR-Kamera"},"content":{"rendered":"<p><strong>Spezifikationen:<\/strong><\/p>\n<ul>\n<li><strong>Geh\u00e4usematerial: Aluminium<\/strong><\/li>\n<li><strong>Ringgr\u00f6\u00dfe (mm): 42x48x93<\/strong><\/li>\n<\/ul>\n<p><strong>Verpackungsdetails<\/strong>:<\/p>\n<p><strong>Ein Visionking Kamera-Adapterrohr<\/strong><\/p>\n<p>und ein Nikon-Ring<\/p>","protected":false},"excerpt":{"rendered":"<p>Dieser Visionking-Kameraadapter f\u00fcr Nikon DSLR.<br \/>\nEr ist geeignet f\u00fcr Visionking 25-75\u00d770 MAK und 25-75\u00d770 MAK (Neu) sowie 30-90\u00d7100 Spotting Scope (kann nicht auf 30-90x100SS verwendet werden \u2013 bitte beachten Sie, dass Visionking 30-90x100 und 30-90x100SS unterschiedliche Spotting Scopes sind). Wenn Sie ihn f\u00fcr ein anderes Teleskop kaufen, \u00fcberpr\u00fcfen Sie bitte zuerst die Gr\u00f6\u00dfe des Adapters oder kontaktieren Sie uns vor dem Kauf, wenn Sie Fragen haben.<\/p>","protected":false},"featured_media":1137,"template":"","meta":[],"product_brand":[],"product_cat":[25,21],"product_tag":[],"class_list":{"0":"post-860","1":"product","2":"type-product","3":"status-publish","4":"has-post-thumbnail","6":"product_cat-accessories","7":"product_cat-spotting-scope","9":"first","10":"instock","11":"shipping-taxable","12":"product-type-simple"},"_links":{"self":[{"href":"https:\/\/visionkingscope.com\/de\/wp-json\/wp\/v2\/product\/860","targetHints":{"allow":["GET"]}}],"collection":[{"href":"https:\/\/visionkingscope.com\/de\/wp-json\/wp\/v2\/product"}],"about":[{"href":"https:\/\/visionkingscope.com\/de\/wp-json\/wp\/v2\/types\/product"}],"wp:featuredmedia":[{"embeddable":true,"href":"https:\/\/visionkingscope.com\/de\/wp-json\/wp\/v2\/media\/1137"}],"wp:attachment":[{"href":"https:\/\/visionkingscope.com\/de\/wp-json\/wp\/v2\/media?parent=860"}],"wp:term":[{"taxonomy":"product_brand","embeddable":true,"href":"https:\/\/visionkingscope.com\/de\/wp-json\/wp\/v2\/product_brand?post=860"},{"taxonomy":"product_cat","embeddable":true,"href":"https:\/\/visionkingscope.com\/de\/wp-json\/wp\/v2\/product_cat?post=860"},{"taxonomy":"product_tag","embeddable":true,"href":"https:\/\/visionkingscope.com\/de\/wp-json\/wp\/v2\/product_tag?post=860"}],"curies":[{"name":"wp","href":"https:\/\/api.w.org\/{rel}","templated":true}]}}