{"id":854,"date":"2026-02-02T02:32:15","date_gmt":"2026-02-02T02:32:15","guid":{"rendered":"https:\/\/visionkingscope.com\/?post_type=product&#038;p=854"},"modified":"2026-02-02T02:55:38","modified_gmt":"2026-02-02T02:55:38","slug":"visionking-30-90x100-spotting-scope-tripod-phone-adapter-wifi-camera-eyepiece","status":"publish","type":"product","link":"https:\/\/visionkingscope.com\/de\/visionking-30-90x100-spotting-scope-tripod-phone-adapter-wifi-camera-eyepiece\/","title":{"rendered":"Visionking 30-90\u00d7100 Spotting Scope +Stativ Handy-Adapter Wifi-Kamera Okular"},"content":{"rendered":"<div><span class=\"Apple-style-span\"><strong><span class=\"Apple-style-span\" style=\"font-family: Times;\"><span class=\"Apple-style-span\" style=\"color: #ff0010;\">Spezifikationen:<\/span><\/span><\/strong><\/span><\/div>\n<div>\n<ul>\n<li>Objektivdurchmesser 100 mm<\/li>\n<li>Sichtfeld (m\/1000m) 29,3-14,6<\/li>\n<li>Ausgangspupille 4,2-1,4 mm<\/li>\n<li>Naheinstellgrenze 10 m<\/li>\n<li>Prismenmaterial BAK4<\/li>\n<li>Augenabstand 18-15 mm<\/li>\n<li>Netto<\/li>\n<li>Gewicht des Fernglases 2200 g<\/li>\n<li>Verpackung<\/li>\n<li>Gewicht 4000 g<\/li>\n<li>Abmessungen 550x150x200 mm<\/li>\n<li>Wasserdicht Ja<\/li>\n<li>Nebelfest Ja<\/li>\n<li>Beschichtung Voll mehrfachbeschichtet<\/li>\n<\/ul>\n<\/div>\n<div><strong><span style=\"font-family: Arial; font-size: large;\">\u00a0<\/span><\/strong><\/div>\n<div>\n<div><span class=\"Apple-style-span\"><span style=\"color: #fb0034;\"><strong><span class=\"Apple-style-span\" style=\"font-family: Times;\">Verpackungsdetails<\/span><\/strong><span class=\"Apple-style-span\" style=\"font-family: Times;\">:<\/span><span class=\"Apple-style-span\" style=\"font-family: verdana;\">\u00a0<\/span><\/span><\/span><\/div>\n<div><\/div>\n<div><span class=\"Apple-style-span\"><span class=\"Apple-style-span\" style=\"font-family: Times;\"><b>Visionking 30-90\u00d7100 Fernglas;\u00a0<\/b><\/span><\/span><\/div>\n<div><span class=\"Apple-style-span\"><span class=\"Apple-style-span\" style=\"font-family: Times;\"><b>Ein weicher Tragekoffer;<\/b><\/span><\/span><\/div>\n<div><span class=\"Apple-style-span\"><span style=\"font-family: Times;\">Ein Stativ.<\/span><\/span><\/div>\n<\/div>","protected":false},"excerpt":{"rendered":"<p><b><span lang=\"EN-US\"><strong><span style=\"font-family: Times;\">Ein brandneues, mit passendem Stativ, vollst\u00e4ndig mehrfachbeschichtete Optik kombiniert mit BAK4-Prismen sorgt f\u00fcr ein kristallklares Bild unter allen Bedingungen. Perfekt f\u00fcr Jagd, Vogelbeobachtung und alle vergleichbaren Naturanwendungen. Einfache Bedienung, erstklassige Qualit\u00e4t, vollst\u00e4ndig wasserdicht f\u00fcr den Einsatz bei jedem Wetter<\/span><\/strong><\/span>.<\/b><\/p>","protected":false},"featured_media":857,"template":"","meta":[],"product_brand":[],"product_cat":[21],"product_tag":[],"class_list":{"0":"post-854","1":"product","2":"type-product","3":"status-publish","4":"has-post-thumbnail","6":"product_cat-spotting-scope","8":"first","9":"instock","10":"shipping-taxable","11":"product-type-simple"},"_links":{"self":[{"href":"https:\/\/visionkingscope.com\/de\/wp-json\/wp\/v2\/product\/854","targetHints":{"allow":["GET"]}}],"collection":[{"href":"https:\/\/visionkingscope.com\/de\/wp-json\/wp\/v2\/product"}],"about":[{"href":"https:\/\/visionkingscope.com\/de\/wp-json\/wp\/v2\/types\/product"}],"wp:featuredmedia":[{"embeddable":true,"href":"https:\/\/visionkingscope.com\/de\/wp-json\/wp\/v2\/media\/857"}],"wp:attachment":[{"href":"https:\/\/visionkingscope.com\/de\/wp-json\/wp\/v2\/media?parent=854"}],"wp:term":[{"taxonomy":"product_brand","embeddable":true,"href":"https:\/\/visionkingscope.com\/de\/wp-json\/wp\/v2\/product_brand?post=854"},{"taxonomy":"product_cat","embeddable":true,"href":"https:\/\/visionkingscope.com\/de\/wp-json\/wp\/v2\/product_cat?post=854"},{"taxonomy":"product_tag","embeddable":true,"href":"https:\/\/visionkingscope.com\/de\/wp-json\/wp\/v2\/product_tag?post=854"}],"curies":[{"name":"wp","href":"https:\/\/api.w.org\/{rel}","templated":true}]}}