{"id":839,"date":"2026-02-02T02:28:34","date_gmt":"2026-02-02T02:28:34","guid":{"rendered":"https:\/\/visionkingscope.com\/?post_type=product&#038;p=839"},"modified":"2026-02-02T02:28:34","modified_gmt":"2026-02-02T02:28:34","slug":"visionking-30-90x90-waterproof-bak-4-spotting-scope-birding-wifi-camera-eyepiece","status":"publish","type":"product","link":"https:\/\/visionkingscope.com\/de\/visionking-30-90x90-waterproof-bak-4-spotting-scope-birding-wifi-camera-eyepiece\/","title":{"rendered":"Visionking 30-90\u00d790 Wasserdichter BAK 4 Spotting-Scope Birding Wifi-Kamera Okular"},"content":{"rendered":"<p style=\"font-weight: 400;\"><strong><u>Spezifikationen:<\/u><\/strong><\/p>\n<ul>\n<li style=\"font-weight: 400;\"><strong>Objektivdurchmesser \u00a0 \u00a0 \u00a0 \u00a0 \u00a0 \u00a0 \u00a0 \u00a0 \u00a0 \u00a0 \u00a0  90 mm<\/strong><\/li>\n<li style=\"font-weight: 400;\"><strong>\u00a0<\/strong><strong>Vergr\u00f6\u00dferung \u00a0 \u00a0 \u00a0 \u00a0 \u00a0 \u00a0 \u00a0 \u00a0 \u00a0 \u00a0 \u00a0 \u00a0 \u00a0 \u00a0 \u00a0  30-90x<\/strong><\/li>\n<li style=\"font-weight: 400;\"><strong>Sichtfeld (m\/1000m) \u00a0 \u00a0 \u00a0 \u00a0 \u00a0 \u00a0 \u00a0 \u00a0 \u00a0 \u00a0 \u00a0  26-13,4<\/strong><\/li>\n<li style=\"font-weight: 400;\"><strong>Ausgangspupille\u00a0 \u00a0 \u00a0 \u00a0 \u00a0 \u00a0 \u00a0 \u00a0 \u00a0 \u00a0 \u00a0 \u00a0 \u00a0 \u00a0 \u00a0 \u00a0 \u00a0<\/strong><strong>\u00a0 \u00a0 Augenabstand \u00a0 \u00a0 \u00a0 \u00a0 \u00a0 \u00a0 \u00a0 \u00a0 \u00a0 \u00a0 \u00a0 \u00a0 \u00a0 \u00a0 \u00a0  3,6-1,2 mm<\/strong><\/li>\n<li style=\"font-weight: 400;\"><strong>Naheinstellungsdistanz \u00a0 \u00a0 \u00a0 \u00a0 \u00a0 \u00a0 \u00a0 \u00a0 \u00a0  10 m<\/strong><\/li>\n<li style=\"font-weight: 400;\"><strong> Prismenglas \u00a0 \u00a0 \u00a0 \u00a0 \u00a0 \u00a0 \u00a0 \u00a0 \u00a0 \u00a0 \u00a0 \u00a0 \u00a0 \u00a0 \u00a0 \u00a0  BAK4<\/strong><\/li>\n<li style=\"font-weight: 400;\"><strong>Augenabstand \u00a0 \u00a0 \u00a0 \u00a0 \u00a0 \u00a0 \u00a0 \u00a0 \u00a0 \u00a0 \u00a0 \u00a0 \u00a0 \u00a0 \u00a0  17,8-14,8 mm<\/strong><\/li>\n<li style=\"font-weight: 400;\"><strong>Gewicht \u00a0 \u00a0 \u00a0 \u00a0 \u00a0 \u00a0 \u00a0 \u00a0 \u00a0 \u00a0 \u00a0 \u00a0 \u00a0 \u00a0 \u00a0 \u00a0 \u00a0 \u00a0 \u00a0  1400 g<\/strong><\/li>\n<li style=\"font-weight: 400;\"><strong>Wasserdicht \u00a0 \u00a0 \u00a0 \u00a0 \u00a0 \u00a0 \u00a0 \u00a0 \u00a0 \u00a0 \u00a0 \u00a0 \u00a0 \u00a0 \u00a0 \u00a0  Ja<\/strong><\/li>\n<li style=\"font-weight: 400;\"><strong>Fog-proof \u00a0 \u00a0 \u00a0 \u00a0 \u00a0 \u00a0 \u00a0 \u00a0 \u00a0 \u00a0 \u00a0 \u00a0 \u00a0 \u00a0 \u00a0 \u00a0 \u00a0 \u00a0 Ja<\/strong><\/li>\n<li style=\"font-weight: 400;\"><strong>Verg\u00fctung \u00a0 \u00a0 \u00a0 \u00a0 \u00a0 \u00a0 \u00a0 \u00a0 \u00a0 \u00a0 \u00a0 \u00a0 \u00a0 \u00a0 \u00a0 \u00a0 \u00a0 \u00a0 Vollverg\u00fctet<\/strong><\/li>\n<li style=\"font-weight: 400;\"><strong>Stickstoffgef\u00fcllt \u00a0 \u00a0 \u00a0 \u00a0 \u00a0 \u00a0 \u00a0 \u00a0 \u00a0 \u00a0 \u00a0 \u00a0 \u00a0  Ja<\/strong><\/li>\n<\/ul>\n<p style=\"font-weight: 400;\"><strong><u>Merkmale:<\/u><\/strong><\/p>\n<ul>\n<li style=\"font-weight: 400;\"><strong> \u00a0Gro\u00dfes 90 mm vollverg\u00fctetes Objektiv f\u00fcr helle, klare Bilder<\/strong><\/li>\n<li style=\"font-weight: 400;\"><strong> \u00a0O-Ring versiegelt, 100% wasserdicht<\/strong><\/li>\n<li style=\"font-weight: 400;\"><strong> \u00a0Trockengelegt mit Stickstoff und versiegelt, 100% fog-proof<\/strong><\/li>\n<li style=\"font-weight: 400;\"><strong> \u00a0BAK-4 Prismen<\/strong><\/li>\n<li style=\"font-weight: 400;\"><strong> \u00a0Vollst\u00e4ndig mehrfachbeschichtete Optik<\/strong><\/li>\n<li style=\"font-weight: 400;\"><strong> \u00a0Lange Augenabstand<\/strong><\/li>\n<li style=\"font-weight: 400;\"><strong> \u00a0Nahe Fokussierung<\/strong><\/li>\n<li style=\"font-weight: 400;\"><strong> \u00a030x-90x Zoom-Okular<\/strong><\/li>\n<li style=\"font-weight: 400;\"><strong> \u00a0Weiche Tasche und Stativ inklusive<\/strong><\/li>\n<li style=\"font-weight: 400;\"><strong> \u00a0Ausziehbarer Sonnenschutz<\/strong><\/li>\n<li style=\"font-weight: 400;\"><strong> \u00a0Kann an jedes Standard-Kamera-Stativ angebracht werden<\/strong><\/li>\n<\/ul>\n<p style=\"font-weight: 400;\"><strong><u>Verpackungsdetails:\u00a0<\/u><\/strong><strong><u>\u00a0<\/u><\/strong><\/p>\n<p style=\"font-weight: 400;\"><strong>Ein Visionking 30-90\u00d790 Spotting Scope;\u00a0<\/strong><\/p>\n<p style=\"font-weight: 400;\"><strong>Ein weicher Tragekoffer;<\/strong><\/p>\n<p style=\"font-weight: 400;\"><strong>Ein Stativ.<\/strong><\/p>","protected":false},"excerpt":{"rendered":"<p><b><span class=\"15\">Dies\u00a0<\/span><\/b><b>Visionking 30-90\u00d790 mit passendem Stativ, vollverg\u00fctete Optik kombiniert mit BAK4-Prismen sorgt f\u00fcr ein kristallklares Bild unter allen Bedingungen. Perfekt f\u00fcr Jagd, Vogelbeobachtung und alle vergleichbaren Naturanwendungen. Es ist vollst\u00e4ndig wasserdicht und fog-proof, sodass es bei jedem Wetter verwendet werden kann.<\/b><\/p>","protected":false},"featured_media":848,"template":"","meta":[],"product_brand":[],"product_cat":[21],"product_tag":[],"class_list":{"0":"post-839","1":"product","2":"type-product","3":"status-publish","4":"has-post-thumbnail","6":"product_cat-spotting-scope","8":"first","9":"instock","10":"shipping-taxable","11":"product-type-simple"},"_links":{"self":[{"href":"https:\/\/visionkingscope.com\/de\/wp-json\/wp\/v2\/product\/839","targetHints":{"allow":["GET"]}}],"collection":[{"href":"https:\/\/visionkingscope.com\/de\/wp-json\/wp\/v2\/product"}],"about":[{"href":"https:\/\/visionkingscope.com\/de\/wp-json\/wp\/v2\/types\/product"}],"wp:featuredmedia":[{"embeddable":true,"href":"https:\/\/visionkingscope.com\/de\/wp-json\/wp\/v2\/media\/848"}],"wp:attachment":[{"href":"https:\/\/visionkingscope.com\/de\/wp-json\/wp\/v2\/media?parent=839"}],"wp:term":[{"taxonomy":"product_brand","embeddable":true,"href":"https:\/\/visionkingscope.com\/de\/wp-json\/wp\/v2\/product_brand?post=839"},{"taxonomy":"product_cat","embeddable":true,"href":"https:\/\/visionkingscope.com\/de\/wp-json\/wp\/v2\/product_cat?post=839"},{"taxonomy":"product_tag","embeddable":true,"href":"https:\/\/visionkingscope.com\/de\/wp-json\/wp\/v2\/product_tag?post=839"}],"curies":[{"name":"wp","href":"https:\/\/api.w.org\/{rel}","templated":true}]}}