{"id":831,"date":"2026-02-02T02:22:51","date_gmt":"2026-02-02T02:22:51","guid":{"rendered":"https:\/\/visionkingscope.com\/?post_type=product&#038;p=831"},"modified":"2026-02-02T02:24:07","modified_gmt":"2026-02-02T02:24:07","slug":"visionking-25-75x70-mak-waterproof-spotting-scope-quality-power-phone-adapter","status":"publish","type":"product","link":"https:\/\/visionkingscope.com\/de\/visionking-25-75x70-mak-waterproof-spotting-scope-quality-power-phone-adapter\/","title":{"rendered":"Visionking 25-75\u00d770 MAK wasserdichter Spotting Scope Qualit\u00e4tsleistung Handy-Adapter"},"content":{"rendered":"<p style=\"font-weight: 900;\"><strong>Spezifikationen:<\/strong><strong><br \/>\n<\/strong><\/p>\n<ul>\n<li><strong>VERGR\u00d6SSERUNG\u00a0\u00a0\u00a0\u00a0\u00a0\u00a0\u00a0 \u00a0 \u00a0 \u00a0 \u00a0 \u00a0 \u00a0 \u00a0 \u00a0 \u00a0 \u00a0 \u00a0\u00a0<\/strong><strong>25x-75x<\/strong><\/li>\n<li><strong>OBJEKTDURCHMESSER\u00a0 \u00a0 \u00a0 \u00a0 \u00a0 \u00a0 \u00a0 \u00a0 \u00a0 \u00a0 \u00a0 \u00a0 \u00a0 \u00a0 \u00a0<\/strong><strong>70 mm<\/strong><\/li>\n<li><strong>BLICKFELD (m\/1000m)\u00a0 \u00a0 \u00a0 \u00a0 \u00a0 \u00a0 \u00a0\u00a0<\/strong><strong>29-15<\/strong><\/li>\n<li><strong>Austrittspupille\u00a0 \u00a0 \u00a0 \u00a0 \u00a0\u00a0\u00a0 \u00a0 \u00a0 \u00a0 \u00a0 \u00a0 \u00a0 \u00a0 \u00a0 \u00a0 \u00a0 \u00a0 \u00a0 \u00a0 \u00a0<\/strong><strong>2,8-0,9 mm<\/strong><\/li>\n<li><strong>NAHEFOKUSDISTANZ\u00a0 \u00a0 \u00a0 \u00a0 \u00a0 \u00a0 \u00a0<\/strong><strong>10 m<\/strong><\/li>\n<li><strong>AUGENABSTAND\u00a0 \u00a0 \u00a0 \u00a0 \u00a0 \u00a0 \u00a0 \u00a0 \u00a0 \u00a0 \u00a0 \u00a0 \u00a0 \u00a0 \u00a0 \u00a0 \u00a0 \u00a0 \u00a0<\/strong><strong>18-15 mm<\/strong><\/li>\n<li><strong>GEPAKKEGEWICHT                         150<\/strong><strong>0 g<\/strong><\/li>\n<li><strong>ABMESSUNGEN               340X105X170 mm<\/strong><\/li>\n<\/ul>\n<p><strong>Verpackungsdetails<\/strong>:<\/p>\n<p><strong>Ein Visionking 25-75\u00d770 MAK Fernglas;\u00a0<\/strong><\/p>\n<p><strong>Ein weicher Tragekoffer;<\/strong><\/p>\n<p><strong>Ein Stativ.<\/strong><\/p>\n<p>&nbsp;<\/p>","protected":false},"excerpt":{"rendered":"<p>Mit passendem Stativ, vollst\u00e4ndig mehrfach beschichtete Optik kombiniert mit BAK4-Prismen sorgt f\u00fcr ein kristallklares Bild unter allen Bedingungen. Perfekt f\u00fcr Jagd, Vogelbeobachtung und alle vergleichbaren Naturanwendungen. Einfache Bedienung, \u00fcberlegene Qualit\u00e4t, leichtgewichtig, kein harter Tragetasche. Vollst\u00e4ndig wasserdicht, erm\u00f6glicht den Einsatz bei allen Wetterbedingungen.<\/p>","protected":false},"featured_media":836,"template":"","meta":[],"product_brand":[],"product_cat":[21],"product_tag":[],"class_list":{"0":"post-831","1":"product","2":"type-product","3":"status-publish","4":"has-post-thumbnail","6":"product_cat-spotting-scope","8":"first","9":"instock","10":"shipping-taxable","11":"product-type-simple"},"_links":{"self":[{"href":"https:\/\/visionkingscope.com\/de\/wp-json\/wp\/v2\/product\/831","targetHints":{"allow":["GET"]}}],"collection":[{"href":"https:\/\/visionkingscope.com\/de\/wp-json\/wp\/v2\/product"}],"about":[{"href":"https:\/\/visionkingscope.com\/de\/wp-json\/wp\/v2\/types\/product"}],"wp:featuredmedia":[{"embeddable":true,"href":"https:\/\/visionkingscope.com\/de\/wp-json\/wp\/v2\/media\/836"}],"wp:attachment":[{"href":"https:\/\/visionkingscope.com\/de\/wp-json\/wp\/v2\/media?parent=831"}],"wp:term":[{"taxonomy":"product_brand","embeddable":true,"href":"https:\/\/visionkingscope.com\/de\/wp-json\/wp\/v2\/product_brand?post=831"},{"taxonomy":"product_cat","embeddable":true,"href":"https:\/\/visionkingscope.com\/de\/wp-json\/wp\/v2\/product_cat?post=831"},{"taxonomy":"product_tag","embeddable":true,"href":"https:\/\/visionkingscope.com\/de\/wp-json\/wp\/v2\/product_tag?post=831"}],"curies":[{"name":"wp","href":"https:\/\/api.w.org\/{rel}","templated":true}]}}