{"id":798,"date":"2026-01-31T09:02:50","date_gmt":"2026-01-31T09:02:50","guid":{"rendered":"https:\/\/visionkingscope.com\/?post_type=product&#038;p=798"},"modified":"2026-01-31T10:43:09","modified_gmt":"2026-01-31T10:43:09","slug":"visionking-10-40x56-hunting-rifle-scope-308-50-w-11mm-dovetaill-mounting-rings","status":"publish","type":"product","link":"https:\/\/visionkingscope.com\/de\/visionking-10-40x56-hunting-rifle-scope-308-50-w-11mm-dovetaill-mounting-rings\/","title":{"rendered":"Visionking 10-40\u00d756 Jagd-Repetierglas 308 50 mit 11mm Dovetail-Montageringen"},"content":{"rendered":"<p style=\"font-weight: 900;\"><strong>Merkmale:<\/strong><\/p>\n<ul>\n<li style=\"font-weight: 900;\"><strong> 35 mm Haupttubus und beleuchtetes Rot\/Gr\u00fcn bieten die klarste Sicht f\u00fcr eine einfache Zielerfassung sowohl bei hellen als auch bei schwachen Lichtverh\u00e4ltnissen.<br \/>\n\u2022 Stickstofff\u00fcllung zur Verhinderung von Beschlag auf den inneren Linsenoberfl\u00e4chen.<br \/>\n\u2022 Einteiliges hochwertiges Aluminiumgeh\u00e4use f\u00fcr \u00fcberlegene Robustheit.<br \/>\n\u2022 Seitenfokusbereich von 12 Yards bis unendlich.<br \/>\n\u2022 Super hohe Schockresistenz (3000 g), kann verwendet werden, um 12,7 mm (.50) Kugeln zu verschie\u00dfen<br \/>\n\u2022 Arretierbare Seiten- und H\u00f6henverstellt\u00fcrme mit 1\/8\u201d MOA-Klicks, die eine<\/strong><\/li>\n<\/ul>\n<p style=\"font-weight: 900;\"><strong>zus\u00e4tzliche Genauigkeit bieten und sicherstellen, dass das Zielfernrohr auf Null bleibt<br \/>\n\u2022 F\u00fcr genaueres Schie\u00dfen auf gro\u00dfe Entfernungen.<\/strong><\/p>\n<ul>\n<li style=\"font-weight: 900;\"><strong> 1\/8-Minuten-Klickverstellung f\u00fcr Seiten- und H\u00f6henverstellung.<\/strong><\/li>\n<li style=\"font-weight: 900;\"><strong> Eine robuste Zielfernrohrabdeckung ist im Lieferumfang enthalten, um das Zielfernrohr beim Transport oder bei Nichtgebrauch zu sch\u00fctzen.<\/strong><\/li>\n<li style=\"font-weight: 900;\"><strong> Robust und absolut wasserdicht unter allen Bedingungen.<\/strong><\/li>\n<li style=\"font-weight: 900;\"><strong> Abgedeckt durch die Visionking 2-Jahres-Garantie.<\/strong><\/li>\n<\/ul>\n<p style=\"font-weight: 900;\"><strong>Spezifikationen:<\/strong><\/p>\n<ul>\n<li style=\"list-style-type: none;\">\n<ul>\n<li><strong>Vergr\u00f6\u00dferung: 10-40\u00a0\u00a0<\/strong><\/li>\n<li><strong>Objektivlinse: 56 mm<\/strong><\/li>\n<li><strong>Verg\u00fctung: FMC Gr\u00fcn<\/strong><\/li>\n<li><strong>Sichtfeld(<\/strong><a href=\"https:\/\/itm.ebaydesc.com\/itmdesc\/267558656876?t=0&amp;category=383&amp;seller=visionking168&amp;excSoj=1&amp;ver=1&amp;excTrk=1&amp;lsite=0&amp;ittenable=true&amp;domain=ebay.com&amp;descgauge=1&amp;cspheader=1&amp;oneClk=2&amp;secureDesc=1\" target=\"_blank\" rel=\"noopener\"><strong>ft bei 100yds<\/strong><\/a><strong>):\u00a0\u00a010~ 2.5<\/strong><\/li>\n<li><strong>Augenabstand: 4,1~3,3<\/strong><\/li>\n<li><strong>Oberfl\u00e4che: Matt Schwarz<\/strong><\/li>\n<li><strong>Wasserdicht: Ja<\/strong><\/li>\n<li><strong>Nebelfest: Ja<\/strong><\/li>\n<li><strong>Sto\u00dffest: 3000 g<\/strong><\/li>\n<li><strong>Batterie: CR2032 3V (nicht enthalten)<\/strong><\/li>\n<li><strong>Stickstoff: Vollgef\u00fcllter Stickstoff<\/strong><\/li>\n<li><strong>Rohrdurchmesser: 35 mm<\/strong><\/li>\n<li><strong>Klickwert: 1\/8 MOA<\/strong><\/li>\n<li><strong>Parallaxe: +0,125SD ~ -0,125SD<\/strong><\/li>\n<li><strong>Seitenfokus: 12 ~ Unendlich<\/strong><\/li>\n<li><strong>Absehen: Glasgraviertes beleuchtetes Milit\u00e4rabsehen\u00a0<\/strong><\/li>\n<li><strong>Verpackungsgewicht: 1200 g<\/strong><\/li>\n<li><strong>Abmessungen: 490x110x90 g<\/strong><\/li>\n<\/ul>\n<\/li>\n<\/ul>","protected":false},"excerpt":{"rendered":"<h4>W\u00e4hrend die meisten anderen Zielfernrohre ein 25,4 mm oder 30 mm Tubus haben, fertigt Visionking einen revolution\u00e4ren 35 mm Haupttubus f\u00fcr extreme Entfernungen. Es ist ein 10x-40\u00d756, verf\u00fcgt \u00fcber einen 35 mm K\u00f6rper, 56 mm prim\u00e4res Objektiv, Seitenfokus, vollst\u00e4ndig mehrfach verg\u00fctete Optiken, arretierbare Seiten- und H\u00f6henverstellt\u00fcrme mit 1\/8\u201d MOA-Klicks, optimiert die \u00dcbertragung von Wellenl\u00e4ngen bei schwachem Licht, sodass Sie die Details von Szenen bei schwachem Licht in helleren Details sehen als mit jedem anderen Zielfernrohr. Das beleuchtete Absehen des Visionking 10-40\u00d756 hat einen guten Helligkeitsbereich, sodass Sie es bei schwachem Licht verwenden und es auch an einem hellen Tag sehen k\u00f6nnen. Visionking 10-40\u00d756 35 mm Zielfernrohr<strong>\u00a0wurde auf der IWA &amp; Outdoor classic 2011 ausgestellt.\u00a0<\/strong><strong>Es ist 100% wasserdicht und beschlagfrei.<\/strong><strong>Ein Paar hochwertige 6061 Aluminium 21 mm Picatinny Montageringe sind enthalten!<\/strong><\/h4>","protected":false},"featured_media":799,"template":"","meta":[],"product_brand":[],"product_cat":[20],"product_tag":[],"class_list":{"0":"post-798","1":"product","2":"type-product","3":"status-publish","4":"has-post-thumbnail","6":"product_cat-rifle-scope","8":"first","9":"instock","10":"shipping-taxable","11":"product-type-simple"},"_links":{"self":[{"href":"https:\/\/visionkingscope.com\/de\/wp-json\/wp\/v2\/product\/798","targetHints":{"allow":["GET"]}}],"collection":[{"href":"https:\/\/visionkingscope.com\/de\/wp-json\/wp\/v2\/product"}],"about":[{"href":"https:\/\/visionkingscope.com\/de\/wp-json\/wp\/v2\/types\/product"}],"wp:featuredmedia":[{"embeddable":true,"href":"https:\/\/visionkingscope.com\/de\/wp-json\/wp\/v2\/media\/799"}],"wp:attachment":[{"href":"https:\/\/visionkingscope.com\/de\/wp-json\/wp\/v2\/media?parent=798"}],"wp:term":[{"taxonomy":"product_brand","embeddable":true,"href":"https:\/\/visionkingscope.com\/de\/wp-json\/wp\/v2\/product_brand?post=798"},{"taxonomy":"product_cat","embeddable":true,"href":"https:\/\/visionkingscope.com\/de\/wp-json\/wp\/v2\/product_cat?post=798"},{"taxonomy":"product_tag","embeddable":true,"href":"https:\/\/visionkingscope.com\/de\/wp-json\/wp\/v2\/product_tag?post=798"}],"curies":[{"name":"wp","href":"https:\/\/api.w.org\/{rel}","templated":true}]}}