{"id":793,"date":"2026-01-31T10:19:15","date_gmt":"2026-01-31T10:19:15","guid":{"rendered":"https:\/\/visionkingscope.com\/?post_type=product&#038;p=793"},"modified":"2026-01-31T10:19:15","modified_gmt":"2026-01-31T10:19:15","slug":"visionking-1-5-6x42-rifle-scope-30mm-illuminated-mil-dot-reticle-sight-hunting","status":"publish","type":"product","link":"https:\/\/visionkingscope.com\/de\/visionking-1-5-6x42-rifle-scope-30mm-illuminated-mil-dot-reticle-sight-hunting\/","title":{"rendered":"Visionking 1,5-6\u00d742 Gewehrscope 30mm Illuminierter Mil-Dot-Visier Jagd"},"content":{"rendered":"<p class=\"17\"><b><u>Merkmale:<\/u><\/b><b><u><\/u><\/b><\/p>\n<p class=\"18\"><b>35 mm Haupttubus und beleuchtetes Rot\/Gr\u00fcn bieten die klarste Sicht f\u00fcr eine einfache Zielerfassung sowohl bei hellen als auch bei schwachen Lichtverh\u00e4ltnissen.<\/b><b><br \/>\n<\/b><b>\u2022 Stickstofff\u00fcllung zur Verhinderung von Beschlag auf den inneren Linsenoberfl\u00e4chen.<\/b><b><br \/>\n<\/b><b>\u2022 Einteiliges hochwertiges Aluminiumgeh\u00e4use f\u00fcr \u00fcberlegene Robustheit.<\/b><b><\/b><\/p>\n<p class=\"18\"><b>\u2022 0,25 MOA Justierung<\/b><b><\/b><\/p>\n<p class=\"18\"><b>\u2022 Beleuchteter Rot\/Gr\u00fcn-Punkt<\/b><b><\/b><\/p>\n<p class=\"18\"><b>\u2022 Schneller Fokussier-Augenmuschel<\/b><b><\/b><\/p>\n<p class=\"18\"><b>\u2022 Sehr langer Augenabstand<\/b><b>\u00a0<\/b><\/p>\n<p><b><u>Spezifikationen:<\/u><\/b><\/p>\n<table>\n<tbody>\n<tr>\n<td width=\"240\"><strong>Vergr\u00f6\u00dferung:<\/strong><\/td>\n<td width=\"205\"><strong>1,5-6x<\/strong><\/td>\n<\/tr>\n<tr>\n<td width=\"240\"><strong>Objektivlinse: \u00a0<\/strong><\/td>\n<td width=\"205\"><strong>42 mm<\/strong><\/td>\n<\/tr>\n<tr>\n<td width=\"240\"><strong>Beschichtung: \u00a0\u00a0\u00a0\u00a0\u00a0\u00a0\u00a0\u00a0\u00a0\u00a0\u00a0<\/strong><\/td>\n<td width=\"205\"><strong>FMC Gr\u00fcn<\/strong><\/td>\n<\/tr>\n<tr>\n<td width=\"240\"><strong>Sichtfeld: \u00a0\u00a0\u00a0<\/strong><\/td>\n<td width=\"205\"><strong>68,4-17,1 Fu\u00df<\/strong><\/td>\n<\/tr>\n<tr>\n<td width=\"240\"><strong>Ausgangspupille (mm):<\/strong><\/td>\n<td width=\"205\"><strong>28-7 mm<\/strong><\/td>\n<\/tr>\n<tr>\n<td width=\"240\"><strong>Augenabstand (Zoll):<\/strong><\/td>\n<td width=\"205\"><strong>4.8-3.6<\/strong><\/td>\n<\/tr>\n<tr>\n<td width=\"240\"><strong>Finish: \u00a0\u00a0\u00a0\u00a0\u00a0\u00a0\u00a0\u00a0\u00a0\u00a0\u00a0\u00a0\u00a0\u00a0<\/strong><\/td>\n<td width=\"205\"><strong>Matt-schwarz<\/strong><\/td>\n<\/tr>\n<tr>\n<td width=\"240\"><strong>Wasserfest: \u00a0\u00a0\u00a0\u00a0<\/strong><\/td>\n<td width=\"205\"><strong>Ja<\/strong><\/td>\n<\/tr>\n<tr>\n<td width=\"240\"><strong>Stickstoff: \u00a0\u00a0\u00a0\u00a0\u00a0\u00a0\u00a0\u00a0\u00a0<\/strong><\/td>\n<td width=\"205\"><strong>Vollgef\u00fcllter Stickstoff<\/strong><\/td>\n<\/tr>\n<tr>\n<td width=\"240\"><strong>Rohrdurchmesser:<\/strong><\/td>\n<td width=\"205\"><strong>30 mm<\/strong><\/td>\n<\/tr>\n<tr>\n<td width=\"240\"><strong>Abstimmwert: \u00a0\u00a0\u00a0\u00a0\u00a0\u00a0<\/strong><\/td>\n<td width=\"205\"><strong>0,25 MOA<\/strong><\/td>\n<\/tr>\n<tr>\n<td width=\"240\"><strong>Dioptrie: \u00a0\u00a0\u00a0\u00a0\u00a0\u00a0\u00a0\u00a0\u00a0\u00a0<\/strong><\/td>\n<td width=\"205\"><strong>+0,22SD ~ -0,22SD<\/strong><\/td>\n<\/tr>\n<tr>\n<td width=\"240\"><strong>Absehen: \u00a0\u00a0\u00a0\u00a0\u00a0\u00a0\u00a0\u00a0\u00a0\u00a0\u00a0\u00a0<\/strong><\/td>\n<td width=\"205\"><strong>Glassgraviertes Dual Illuminated Mil-Dot<\/strong><\/td>\n<\/tr>\n<tr>\n<td width=\"240\"><strong>Batterie: \u00a0\u00a0\u00a0\u00a0\u00a0\u00a0\u00a0\u00a0\u00a0\u00a0\u00a0<\/strong><\/td>\n<td width=\"205\"><strong>CR2032 3V (nicht enthalten)<\/strong><\/td>\n<\/tr>\n<tr>\n<td width=\"240\"><strong>Verpackungsgewicht: \u00a0\u00a0\u00a0\u00a0\u00a0\u00a0\u00a0\u00a0\u00a0\u00a0<\/strong><\/td>\n<td width=\"205\"><strong>880 g<\/strong><\/td>\n<\/tr>\n<tr>\n<td width=\"240\"><strong>Abmessungen:<\/strong><\/td>\n<td width=\"205\"><strong>320x90x90 mm<\/strong><\/td>\n<\/tr>\n<tr>\n<td width=\"240\"><strong>L\u00e4nge: \u00a0\u00a0\u00a0\u00a0\u00a0\u00a0\u00a0\u00a0\u00a0\u00a0\u00a0\u00a0<\/strong><\/td>\n<td width=\"205\"><strong>270 mm<\/strong><\/td>\n<\/tr>\n<tr>\n<td width=\"240\"><strong>Sto\u00dffest:<\/strong><\/td>\n<td width=\"205\"><strong>1200 g<\/strong><\/td>\n<\/tr>\n<\/tbody>\n<\/table>","protected":false},"excerpt":{"rendered":"<p><strong>Dieses Visionking 1,5-6\u00d742 mit supergutem optischem System, breitem Sichtfeld und extremer Robustheit verf\u00fcgt \u00fcber einen beleuchteten roten\/gr\u00fcnen Punkt in der Mitte, wird derzeit f\u00fcr milit\u00e4rische Zwecke verwendet und bietet in allen Bedingungen sehr gute Leistung.<\/strong><\/p>\n<table width=\"100%\">\n<tbody>\n<tr>\n<td><strong>Visionking 1,5-6\u00d742 Mil-Dot 30 mm Jagdgewehrglas<\/strong><\/p>\n<p><strong><u>Beschreibung:<\/u><\/strong><\/p>\n<p><strong>Dieses Visionking 1,5-6\u00d742 mit supergutem optischem System, breitem Sichtfeld und extremer Robustheit verf\u00fcgt \u00fcber einen beleuchteten roten\/gr\u00fcnen Punkt in der Mitte, wird derzeit f\u00fcr milit\u00e4rische Zwecke verwendet und bietet in allen Bedingungen sehr gute Leistung.<\/strong><\/p>\n<p><strong>\u00a0<\/strong><\/p>\n<p><strong><u>Spezifikationen:<\/u><\/strong><\/td>\n<\/tr>\n<\/tbody>\n<\/table>","protected":false},"featured_media":794,"template":"","meta":[],"product_brand":[],"product_cat":[20],"product_tag":[],"class_list":{"0":"post-793","1":"product","2":"type-product","3":"status-publish","4":"has-post-thumbnail","6":"product_cat-rifle-scope","8":"first","9":"instock","10":"shipping-taxable","11":"product-type-simple"},"_links":{"self":[{"href":"https:\/\/visionkingscope.com\/de\/wp-json\/wp\/v2\/product\/793","targetHints":{"allow":["GET"]}}],"collection":[{"href":"https:\/\/visionkingscope.com\/de\/wp-json\/wp\/v2\/product"}],"about":[{"href":"https:\/\/visionkingscope.com\/de\/wp-json\/wp\/v2\/types\/product"}],"wp:featuredmedia":[{"embeddable":true,"href":"https:\/\/visionkingscope.com\/de\/wp-json\/wp\/v2\/media\/794"}],"wp:attachment":[{"href":"https:\/\/visionkingscope.com\/de\/wp-json\/wp\/v2\/media?parent=793"}],"wp:term":[{"taxonomy":"product_brand","embeddable":true,"href":"https:\/\/visionkingscope.com\/de\/wp-json\/wp\/v2\/product_brand?post=793"},{"taxonomy":"product_cat","embeddable":true,"href":"https:\/\/visionkingscope.com\/de\/wp-json\/wp\/v2\/product_cat?post=793"},{"taxonomy":"product_tag","embeddable":true,"href":"https:\/\/visionkingscope.com\/de\/wp-json\/wp\/v2\/product_tag?post=793"}],"curies":[{"name":"wp","href":"https:\/\/api.w.org\/{rel}","templated":true}]}}