{"id":788,"date":"2026-01-31T10:01:33","date_gmt":"2026-01-31T10:01:33","guid":{"rendered":"https:\/\/visionkingscope.com\/?post_type=product&#038;p=788"},"modified":"2026-01-31T10:01:33","modified_gmt":"2026-01-31T10:01:33","slug":"visionking-2-16x44-side-focus-fmc-mil-dot-reticle-hunting-tactical","status":"publish","type":"product","link":"https:\/\/visionkingscope.com\/de\/visionking-2-16x44-side-focus-fmc-mil-dot-reticle-hunting-tactical\/","title":{"rendered":"Visionking 2-16\u00d744 Seitenfokus FMC Mil-Dot-Visier Jagd Taktisch"},"content":{"rendered":"<p style=\"font-weight: 900;\"><strong><u>Merkmale:<\/u><\/strong><\/p>\n<ul>\n<li style=\"font-weight: 900;\"><strong> 8-facher Zoom-Vergr\u00f6\u00dferungsbereich Zielfernrohr.<\/strong><\/li>\n<li style=\"font-weight: 900;\"><strong>Illuminierter Rot\/Gr\u00fcn bietet die klarste Sicht f\u00fcr eine einfache Zielerfassung bei hellem und schwachem Licht.<\/strong><strong><br \/>\n<\/strong><strong>\u00a0\u2022 Einteiliges hochwertiges Aluminiumgeh\u00e4use f\u00fcr \u00fcberlegene Robustheit.<\/strong><strong><br \/>\n<\/strong><strong>\u00a0\u2022 Hohe Sto\u00dffestigkeit gegen .338 Kaliber Kugeln.<\/strong><strong><br \/>\n<\/strong><strong>\u00a0\u2022 Stickstoffgef\u00fcllt, wasserdicht und fog-proof<\/strong><\/li>\n<li style=\"font-weight: 900;\"><strong> Das 30 mm Tubus mit \u201cFully Multi-Coated\u201d Kameraqualit\u00e4t Kristalllinsen f\u00fcr \u00fcberlegene Helligkeit, Klarheit und Kontrast bei schlechten Lichtverh\u00e4ltnissen<\/strong><\/li>\n<li style=\"font-weight: 900;\"><strong>Seitenfokus von 10 Yards bis unendlich<\/strong><\/li>\n<li style=\"font-weight: 900;\"><strong> \u00a0Direkt von Visionking geliefert, kaufen Sie mit Vertrauen.<\/strong><\/li>\n<\/ul>\n<p style=\"font-weight: 900;\"><strong><u>Spezifikationen:<\/u><\/strong><\/p>\n<p style=\"font-weight: 900;\"><strong>\u00a0 Vergr\u00f6\u00dferung:     2-16 x<\/strong><\/p>\n<p style=\"font-weight: 900;\"><strong>\u00a0 Objektivlinse:     44 mm<\/strong><\/p>\n<p style=\"font-weight: 900;\"><strong>\u00a0 Beschichtung:      FMC Gr\u00fcn<\/strong><\/p>\n<p style=\"font-weight: 900;\"><strong>\u00a0 Sichtfeld:        43,9-5,48 ft\/100 Yards\u00a0<\/strong><\/p>\n<p style=\"font-weight: 900;\"><strong>\u00a0 Ausgangspupille (mm):  22-3,2 mm<\/strong><\/p>\n<p style=\"font-weight: 900;\"><strong>\u00a0 Augenabstand (Zoll):  4,75-4,0<\/strong><\/p>\n<p style=\"font-weight: 900;\"><strong>\u00a0\u00a0Oberfl\u00e4che:        Matt Schwarz<\/strong><\/p>\n<p style=\"font-weight: 900;\"><strong>\u00a0 Wasserdicht:       Ja<\/strong><\/p>\n<p style=\"font-weight: 900;\"><strong>\u00a0 Stickstoff:        Vollgef\u00fcllt mit Stickstoff<\/strong><\/p>\n<p style=\"font-weight: 900;\"><strong>\u00a0 Rohrdurchmesser: 30 mm<\/strong><\/p>\n<p style=\"font-weight: 900;\"><strong>\u00a0 Abstimmwert: 0,25\u2032<\/strong><\/p>\n<p style=\"font-weight: 900;\"><strong>\u00a0 Parallaxe: +0,22SD ~ -0,22SD<\/strong><\/p>\n<p style=\"font-weight: 900;\"><strong>\u00a0 Retikel: Glas-graviertes Doppel-Illuminated Mil-Dot<\/strong><\/p>\n<p style=\"font-weight: 900;\"><strong>\u00a0 Batterie: CR2032 3 V (nicht enthalten)<\/strong><\/p>\n<p style=\"font-weight: 900;\"><strong>\u00a0 Gewicht: 900 g<\/strong><\/p>\n<p style=\"font-weight: 900;\"><strong>\u00a0 L\u00e4nge: 330 mm<\/strong><\/p>\n<p style=\"font-weight: 900;\"><strong>\u00a0 Sto\u00dffest: 2000 g<\/strong><\/p>","protected":false},"excerpt":{"rendered":"<p><b>Visionking 2-16\u00d744 Zielfernrohr ist ein 8-facher Vergr\u00f6\u00dferungsbereich<\/b><b><span class=\"15\">.Es verf\u00fcgt \u00fcber hohe Sto\u00dffestigkeit, und sein superoptisches System bietet extreme Leistung unter allen Bedingungen. Es ist wasserdicht nach IP67 und fog-proof<\/span><\/b><b><span class=\"15\">.<\/span><\/b><\/p>","protected":false},"featured_media":789,"template":"","meta":[],"product_brand":[],"product_cat":[20],"product_tag":[],"class_list":{"0":"post-788","1":"product","2":"type-product","3":"status-publish","4":"has-post-thumbnail","6":"product_cat-rifle-scope","8":"first","9":"instock","10":"shipping-taxable","11":"product-type-simple"},"_links":{"self":[{"href":"https:\/\/visionkingscope.com\/de\/wp-json\/wp\/v2\/product\/788","targetHints":{"allow":["GET"]}}],"collection":[{"href":"https:\/\/visionkingscope.com\/de\/wp-json\/wp\/v2\/product"}],"about":[{"href":"https:\/\/visionkingscope.com\/de\/wp-json\/wp\/v2\/types\/product"}],"wp:featuredmedia":[{"embeddable":true,"href":"https:\/\/visionkingscope.com\/de\/wp-json\/wp\/v2\/media\/789"}],"wp:attachment":[{"href":"https:\/\/visionkingscope.com\/de\/wp-json\/wp\/v2\/media?parent=788"}],"wp:term":[{"taxonomy":"product_brand","embeddable":true,"href":"https:\/\/visionkingscope.com\/de\/wp-json\/wp\/v2\/product_brand?post=788"},{"taxonomy":"product_cat","embeddable":true,"href":"https:\/\/visionkingscope.com\/de\/wp-json\/wp\/v2\/product_cat?post=788"},{"taxonomy":"product_tag","embeddable":true,"href":"https:\/\/visionkingscope.com\/de\/wp-json\/wp\/v2\/product_tag?post=788"}],"curies":[{"name":"wp","href":"https:\/\/api.w.org\/{rel}","templated":true}]}}