{"id":729,"date":"2026-01-31T09:53:41","date_gmt":"2026-01-31T09:53:41","guid":{"rendered":"https:\/\/visionkingscope.com\/?post_type=product&#038;p=729"},"modified":"2026-01-31T10:41:51","modified_gmt":"2026-01-31T10:41:51","slug":"visionking-1-25-5x26-rifle-scope-hunting-tactical-30-three-pin-reticle-223-rings","status":"publish","type":"product","link":"https:\/\/visionkingscope.com\/de\/visionking-1-25-5x26-rifle-scope-hunting-tactical-30-three-pin-reticle-223-rings\/","title":{"rendered":"Visionking 1,25-5\u00d726 Gewehrscope Jagd Taktisch 30 Drei-Pin-Visier 223 Ringe"},"content":{"rendered":"<p style=\"font-weight: 400;\"><strong><u>Merkmale:<\/u><\/strong><\/p>\n<ul>\n<li style=\"font-weight: 400;\"><strong>Die mehrschichtverg\u00fctete Optik gew\u00e4hrleistet maximale Lichtdurchl\u00e4ssigkeit f\u00fcr die sch\u00e4rfste Bildqualit\u00e4t.<\/strong><\/li>\n<li style=\"font-weight: 400;\"><strong> \u00a0Hochwertiger 6061 Aluminiumrohrk\u00f6rper f\u00fcr \u00fcberlegene Robustheit.<\/strong><\/li>\n<li style=\"font-weight: 400;\"><strong> \u00a0\u2022 Stickstofff\u00fcllung zur Verhinderung von Beschlag auf den inneren Linsenoberfl\u00e4chen.<\/strong><\/li>\n<li style=\"font-weight: 400;\"><strong> \u00a0Super sto\u00dffest<\/strong><strong>und 100% wasserdicht.<\/strong><\/li>\n<li style=\"font-weight: 400;\"><strong> \u00a0<\/strong><strong>Eingraviertes Glas-Visier bietet die M\u00f6glichkeit f\u00fcr komplexere und professionellere Visierungen und sorgt gleichzeitig f\u00fcr l\u00e4ngere Haltbarkeit und hohe Sto\u00dffestigkeit.<\/strong><\/li>\n<\/ul>\n<p style=\"font-weight: 400;\"><b><u><span style=\"font-family: Malgun Gothic;\">Spezifikationen:<\/span><\/u><\/b><\/p>\n<table style=\"font-weight: 400;\">\n<tbody>\n<tr>\n<td colspan=\"3\" width=\"573\"><strong>Spezifikationen: Visionking 1,25-5X26 Gewehrglas<\/strong><\/td>\n<\/tr>\n<tr>\n<td colspan=\"2\" width=\"277\">Modell<\/td>\n<td width=\"296\">1,25-5X26<\/td>\n<\/tr>\n<tr>\n<td colspan=\"2\" width=\"277\">Vergr\u00f6\u00dferung<\/td>\n<td width=\"296\">1,25-5x<\/td>\n<\/tr>\n<tr>\n<td rowspan=\"2\" width=\"125\">Sichtfeld<\/td>\n<td width=\"152\">ft@100yards<\/td>\n<td width=\"296\">26.0-6.47<\/td>\n<\/tr>\n<tr>\n<td width=\"152\">m@100m<\/td>\n<td width=\"296\">85.4-21.2<\/td>\n<\/tr>\n<tr>\n<td width=\"125\">Ausgangspupille<\/td>\n<td width=\"152\">mm<\/td>\n<td width=\"296\">16.4-5.2<\/td>\n<\/tr>\n<tr>\n<td rowspan=\"2\" width=\"125\">Augenabstand<\/td>\n<td width=\"152\">mm<\/td>\n<td width=\"296\">135-95.5<\/td>\n<\/tr>\n<tr>\n<td width=\"152\">Zoll<\/td>\n<td width=\"296\">5.31-3.76<\/td>\n<\/tr>\n<tr>\n<td width=\"125\">Haupt-<\/p>\n<p>Rohr<\/td>\n<td width=\"152\">mm<\/td>\n<td>30<\/td>\n<\/tr>\n<tr>\n<td rowspan=\"2\" width=\"125\">L\u00e4nge<\/td>\n<td width=\"152\">Zoll<\/td>\n<td>10.55<\/td>\n<\/tr>\n<tr>\n<td width=\"152\">mm<\/td>\n<td>268<\/td>\n<\/tr>\n<tr>\n<td rowspan=\"2\" width=\"125\">Gewicht<\/td>\n<td width=\"152\">oz<\/td>\n<td>\/<\/td>\n<\/tr>\n<tr>\n<td width=\"152\">g<\/td>\n<td>\/<\/td>\n<\/tr>\n<tr>\n<td colspan=\"2\" width=\"277\">Art des Absehens<\/td>\n<td width=\"296\">Beleuchtet,<\/p>\n<p>Eingraviertes Glas-Visier<\/td>\n<\/tr>\n<tr>\n<td colspan=\"2\" width=\"277\">Brennebene<\/td>\n<td width=\"296\">2.<\/td>\n<\/tr>\n<tr>\n<td colspan=\"2\" width=\"277\">Parallaxen Ausgleich<\/td>\n<td width=\"296\">100YDS<\/td>\n<\/tr>\n<tr>\n<td width=\"125\">H\u00f6henverstellung<\/p>\n<p>Justierung<\/td>\n<td width=\"152\">MOA<\/td>\n<td>80<\/td>\n<\/tr>\n<tr>\n<td width=\"125\">Windage<\/p>\n<p>Justierung<\/td>\n<td width=\"152\">MOA<\/td>\n<td>80<\/td>\n<\/tr>\n<tr>\n<td colspan=\"2\" width=\"277\">1 Klick Wert @100 Yards<\/td>\n<td width=\"296\">0,125MOA<\/td>\n<\/tr>\n<tr>\n<td colspan=\"2\" width=\"277\">Gasbef\u00fcllung<\/td>\n<td width=\"296\">Vollgef\u00fcllter Stickstoff<\/td>\n<\/tr>\n<tr>\n<td colspan=\"2\" width=\"277\">Material<\/td>\n<td width=\"296\">6061 Aluminium<\/td>\n<\/tr>\n<tr>\n<td colspan=\"2\" width=\"277\">Wasserfest @ 300mm Tiefe und 54\u2103<\/td>\n<td width=\"296\">Ja<\/td>\n<\/tr>\n<tr>\n<td colspan=\"2\" width=\"277\">Nebelproof<\/td>\n<td width=\"296\">Ja<\/td>\n<\/tr>\n<tr>\n<td colspan=\"2\" width=\"277\">Sto\u00dffestigkeit 1000G<\/td>\n<td width=\"296\">Ja<\/td>\n<\/tr>\n<tr>\n<td colspan=\"2\" width=\"277\">Farbfinish<\/td>\n<td width=\"296\">Matt Schwarz<\/td>\n<\/tr>\n<tr>\n<td colspan=\"2\" width=\"277\">Beschichtung<\/td>\n<td width=\"296\">FMC Gr\u00fcn<\/td>\n<\/tr>\n<\/tbody>\n<\/table>","protected":false},"excerpt":{"rendered":"<p>Das Visionking 1,25-5X26 Gewehrglas ist mit R\/B beleuchtetem Zielpunkt-Visier, standardem Klickwert und abklappbaren Abdeckungen ausgestattet. Das Visionking 1,25-5X26 Gewehrglas ist vollst\u00e4ndig mit Stickstoff gef\u00fcllt und 100% wasserdicht. Ein Paar hochwertiger 6061 Aluminium 21 mm Picatinny-Montageringe ist inklusive!<\/p>","protected":false},"featured_media":771,"template":"","meta":[],"product_brand":[],"product_cat":[20],"product_tag":[],"class_list":{"0":"post-729","1":"product","2":"type-product","3":"status-publish","4":"has-post-thumbnail","6":"product_cat-rifle-scope","8":"first","9":"instock","10":"shipping-taxable","11":"product-type-simple"},"_links":{"self":[{"href":"https:\/\/visionkingscope.com\/de\/wp-json\/wp\/v2\/product\/729","targetHints":{"allow":["GET"]}}],"collection":[{"href":"https:\/\/visionkingscope.com\/de\/wp-json\/wp\/v2\/product"}],"about":[{"href":"https:\/\/visionkingscope.com\/de\/wp-json\/wp\/v2\/types\/product"}],"wp:featuredmedia":[{"embeddable":true,"href":"https:\/\/visionkingscope.com\/de\/wp-json\/wp\/v2\/media\/771"}],"wp:attachment":[{"href":"https:\/\/visionkingscope.com\/de\/wp-json\/wp\/v2\/media?parent=729"}],"wp:term":[{"taxonomy":"product_brand","embeddable":true,"href":"https:\/\/visionkingscope.com\/de\/wp-json\/wp\/v2\/product_brand?post=729"},{"taxonomy":"product_cat","embeddable":true,"href":"https:\/\/visionkingscope.com\/de\/wp-json\/wp\/v2\/product_cat?post=729"},{"taxonomy":"product_tag","embeddable":true,"href":"https:\/\/visionkingscope.com\/de\/wp-json\/wp\/v2\/product_tag?post=729"}],"curies":[{"name":"wp","href":"https:\/\/api.w.org\/{rel}","templated":true}]}}