{"id":719,"date":"2026-01-31T09:26:46","date_gmt":"2026-01-31T09:26:46","guid":{"rendered":"https:\/\/visionkingscope.com\/?post_type=product&#038;p=719"},"modified":"2026-01-31T09:26:46","modified_gmt":"2026-01-31T09:26:46","slug":"visionking-1-10x28-rifle-scope-35mm-hunting-military-reticle-tactical-308-3006","status":"publish","type":"product","link":"https:\/\/visionkingscope.com\/de\/visionking-1-10x28-rifle-scope-35mm-hunting-military-reticle-tactical-308-3006\/","title":{"rendered":"Visionking 1-10\u00d728 Gewehrscope 35mm Jagd Milit\u00e4r Absehen Taktisch 308 3006"},"content":{"rendered":"<p>Merkmale:<\/p>\n<p>Robustes einst\u00fcckiges Hauptrohr, bietet die Grundlage f\u00fcr pr\u00e4zise Linsenjustierung und andere Komponenten.<\/p>\n<p>Trockene Stickstofff\u00fcllung, O-Ring-Dichtungen, wasserdicht und fog-proof.<\/p>\n<p>Zur\u00fccksetzbare Skalen sowohl f\u00fcr Seiten- als auch f\u00fcr H\u00f6henjustierung, um die Zielaufnahme zu erhalten und einfach auf Null zur\u00fcckzukehren.<\/p>\n<p>Die feinen Klicks sind abgestuft, um Korrekturen von 1\/2 Bogenminute zu erm\u00f6glichen, Genauigkeit der Turret.<\/p>\n<p>Die mehrschichtverg\u00fctete Optik gew\u00e4hrleistet maximale Lichtdurchl\u00e4ssigkeit f\u00fcr die sch\u00e4rfste Bildqualit\u00e4t.<\/p>\n<p>Spezifikationen:<\/p>\n<p>Vergr\u00f6\u00dferung: 1x-10x<br \/>\nObjektivlinse: 28 mm<br \/>\nVerg\u00fctung: FMC Gr\u00fcn<br \/>\nAusgangspupille (mm): 14,3-2,8 mm<br \/>\nSichtfeld: 100-10,1 Fu\u00df bei 100 Yards<br \/>\nAugenabstand: 5,5-3,6 Zoll<br \/>\nH\u00f6henbewegungsbereich: 120<br \/>\nSeitenbewegungsbereich: 110<br \/>\nOberfl\u00e4che: Matt Schwarz<br \/>\nWasserdicht: Ja<br \/>\nBatterie: CR2032 3 V (nicht enthalten)<br \/>\nStickstoff: Vollst\u00e4ndig gef\u00fclltes Stickstoff<br \/>\nRohrdurchmesser: 35MM<br \/>\nKlickwert: 0,5\u2032<br \/>\nFadenkreuz: Glas-graviertes Mil-Dot<br \/>\nStickstoffgef\u00fcllt: Ja<br \/>\nNebelfest: Ja<br \/>\nL\u00e4nge: 257 mm<br \/>\nSto\u00dffest: Ja<\/p>","protected":false},"excerpt":{"rendered":"<p>Das Visionking 1-10\u00d728 Gewehrglas ist einst\u00fcckiges Hauptrohr mit schwarzer Mattierung. Es verf\u00fcgt \u00fcber ein Mil-Dot-Absehen, mehrschichtverg\u00fctete Optik. Mit vollst\u00e4ndig gef\u00fclltem Stickstoff ist dieses 1-10\u00d728 Gewehrglas v\u00f6llig wasserdicht, fog-proof und sto\u00dffest. Es ist ideal f\u00fcr schnellere Zielerfassung bei schlechten Lichtverh\u00e4ltnissen und allen Wetterbedingungen. Daher ist es die beste Wahl f\u00fcr Zielschie\u00dfen, Jagd und sogar milit\u00e4rische Eins\u00e4tze.<\/p>","protected":false},"featured_media":720,"template":"","meta":[],"product_brand":[],"product_cat":[20],"product_tag":[],"class_list":{"0":"post-719","1":"product","2":"type-product","3":"status-publish","4":"has-post-thumbnail","6":"product_cat-rifle-scope","8":"first","9":"instock","10":"shipping-taxable","11":"product-type-simple"},"_links":{"self":[{"href":"https:\/\/visionkingscope.com\/de\/wp-json\/wp\/v2\/product\/719","targetHints":{"allow":["GET"]}}],"collection":[{"href":"https:\/\/visionkingscope.com\/de\/wp-json\/wp\/v2\/product"}],"about":[{"href":"https:\/\/visionkingscope.com\/de\/wp-json\/wp\/v2\/types\/product"}],"wp:featuredmedia":[{"embeddable":true,"href":"https:\/\/visionkingscope.com\/de\/wp-json\/wp\/v2\/media\/720"}],"wp:attachment":[{"href":"https:\/\/visionkingscope.com\/de\/wp-json\/wp\/v2\/media?parent=719"}],"wp:term":[{"taxonomy":"product_brand","embeddable":true,"href":"https:\/\/visionkingscope.com\/de\/wp-json\/wp\/v2\/product_brand?post=719"},{"taxonomy":"product_cat","embeddable":true,"href":"https:\/\/visionkingscope.com\/de\/wp-json\/wp\/v2\/product_cat?post=719"},{"taxonomy":"product_tag","embeddable":true,"href":"https:\/\/visionkingscope.com\/de\/wp-json\/wp\/v2\/product_tag?post=719"}],"curies":[{"name":"wp","href":"https:\/\/api.w.org\/{rel}","templated":true}]}}