{"id":711,"date":"2026-01-31T09:18:16","date_gmt":"2026-01-31T09:18:16","guid":{"rendered":"https:\/\/visionkingscope.com\/?post_type=product&#038;p=711"},"modified":"2026-01-31T09:20:25","modified_gmt":"2026-01-31T09:20:25","slug":"visionking-3-9x40-mil-dot-military-tactical","status":"publish","type":"product","link":"https:\/\/visionkingscope.com\/de\/visionking-3-9x40-mil-dot-military-tactical\/","title":{"rendered":"Visionking 3-9\u00d740 Mil-Dot Milit\u00e4r Taktisch"},"content":{"rendered":"<h2><b>Visionking 3-9\u00d740 Zielfernrohr\u00a0<\/b><\/h2>\n<p style=\"font-weight: 400;\"><strong><u>Merkmale:<\/u><\/strong><\/p>\n<ul>\n<li style=\"font-weight: 400;\"><strong> \u00a0<\/strong>Robustes einst\u00fcckiges Hauptrohr, bietet die Grundlage f\u00fcr pr\u00e4zise Linsenjustierung und andere Komponenten.<\/li>\n<li style=\"font-weight: 400;\">\u00a0Trockene Stickstofff\u00fcllung, O-Ring-Dichtungen, wasserdicht und fog-proof.<\/li>\n<li style=\"font-weight: 400;\">\u00a0Zur\u00fccksetzbare Skalen sowohl f\u00fcr Seiten- als auch f\u00fcr H\u00f6henjustierung, um die Zielaufnahme zu erhalten und einfach auf Null zur\u00fcckzukehren.<\/li>\n<li style=\"font-weight: 400;\">\u00a0Die feinen Klicks sind abgestuft, um Korrekturen von 1\/2 Bogenminute zu erm\u00f6glichen, Genauigkeit der Turret.<\/li>\n<li style=\"font-weight: 400;\">\u00a0Die mehrschichtverg\u00fctete Optik gew\u00e4hrleistet maximale Lichtdurchl\u00e4ssigkeit f\u00fcr die sch\u00e4rfste Bildqualit\u00e4t.<\/li>\n<li style=\"font-weight: 400;\">Hochwertiger 6061 Aluminiumrohrk\u00f6rper f\u00fcr \u00fcberlegene Robustheit.<\/li>\n<\/ul>\n<p><b><u>Spezifikationen:<\/u><\/b><\/p>\n<table style=\"font-weight: 400;\">\n<tbody>\n<tr>\n<td colspan=\"3\" width=\"595\"><strong>Spezifikationen: Visionking\u00a0<\/strong><strong>3-9\u00d740<\/strong><strong>\u00a0Gewehrscope<\/strong><\/td>\n<\/tr>\n<tr>\n<td colspan=\"2\" width=\"237\">Modell<\/td>\n<td width=\"358\">3-9X40<\/td>\n<\/tr>\n<tr>\n<td colspan=\"2\" width=\"237\">Vergr\u00f6\u00dferung<\/td>\n<td width=\"358\">3-9X<\/td>\n<\/tr>\n<tr>\n<td rowspan=\"2\" width=\"112\">Sichtfeld<\/td>\n<td width=\"125\">ft@100yards<\/td>\n<td width=\"358\">38.2-12.6<\/td>\n<\/tr>\n<tr>\n<td width=\"125\">m@100m<\/td>\n<td width=\"358\">12.80-4.2<\/td>\n<\/tr>\n<tr>\n<td width=\"112\">Ausgangspupille<\/td>\n<td width=\"125\">mm<\/td>\n<td width=\"358\">13.3-4.4<\/td>\n<\/tr>\n<tr>\n<td rowspan=\"2\" width=\"112\">Augenabstand<\/td>\n<td width=\"125\">mm<\/td>\n<td width=\"358\">115.5-91<\/td>\n<\/tr>\n<tr>\n<td width=\"125\">Zoll<\/td>\n<td width=\"358\">4.55-3.58<\/td>\n<\/tr>\n<tr>\n<td width=\"112\">Haupt-<br \/>\nRohr<\/td>\n<td width=\"125\">mm<\/td>\n<td width=\"358\">25.4<\/td>\n<\/tr>\n<tr>\n<td rowspan=\"2\" width=\"112\">L\u00e4nge<\/td>\n<td width=\"125\">Zoll<\/td>\n<td width=\"358\">13.11<\/td>\n<\/tr>\n<tr>\n<td width=\"125\">mm<\/td>\n<td width=\"358\">333<\/td>\n<\/tr>\n<tr>\n<td rowspan=\"2\" width=\"112\">Gewicht<\/td>\n<td width=\"125\">oz<\/td>\n<td width=\"358\">20.28<\/td>\n<\/tr>\n<tr>\n<td width=\"125\">g<\/td>\n<td width=\"358\">575<\/td>\n<\/tr>\n<tr>\n<td colspan=\"2\" width=\"237\">Art des Absehens<\/td>\n<td width=\"358\">Beleuchtet<\/td>\n<\/tr>\n<tr>\n<td colspan=\"2\" width=\"237\">Brennebene<\/td>\n<td width=\"358\">2.<\/td>\n<\/tr>\n<tr>\n<td colspan=\"2\" width=\"237\">Parallaxen Ausgleich<\/td>\n<td width=\"358\">100YDS<\/td>\n<\/tr>\n<tr>\n<td width=\"112\">H\u00f6henverstellung<br \/>\nJustierung<\/td>\n<td width=\"125\">MOA<\/td>\n<td width=\"358\">50<\/td>\n<\/tr>\n<tr>\n<td width=\"112\">Windage<br \/>\nJustierung<\/td>\n<td width=\"125\">MOA<\/td>\n<td width=\"358\">50<\/td>\n<\/tr>\n<tr>\n<td colspan=\"2\" width=\"237\">1 Klick Wert @100 Yards<\/td>\n<td width=\"358\">0,25MOA<\/td>\n<\/tr>\n<tr>\n<td colspan=\"2\" width=\"237\">Gasbef\u00fcllung<\/td>\n<td width=\"358\">Vollgef\u00fcllter Stickstoff<\/td>\n<\/tr>\n<tr>\n<td colspan=\"2\" width=\"237\">Material<\/td>\n<td width=\"358\">6061 Aluminium<\/td>\n<\/tr>\n<tr>\n<td colspan=\"2\" width=\"237\">Wasserfest @ 300mm Tiefe und 54\u2103<\/td>\n<td width=\"358\">Ja<\/td>\n<\/tr>\n<tr>\n<td colspan=\"2\" width=\"237\">Nebelproof<\/td>\n<td width=\"358\">Ja<\/td>\n<\/tr>\n<tr>\n<td colspan=\"2\" width=\"237\">Sto\u00dffestigkeit 1000G<\/td>\n<td width=\"358\">Ja<\/td>\n<\/tr>\n<tr>\n<td colspan=\"2\" width=\"237\">Farbfinish<\/td>\n<td width=\"358\">Matt Schwarz<\/td>\n<\/tr>\n<\/tbody>\n<\/table>","protected":false},"excerpt":{"rendered":"<p>Das Visionking 3-9\u00d740 Zielfernrohr hat ein einteiliges Hauptrohr mit schwarzer, matter Oberfl\u00e4che. Es verf\u00fcgt \u00fcber ein Mil-Dot-Absehen und mehrfach verg\u00fctete Optiken. Durch die vollst\u00e4ndige Stickstofff\u00fcllung ist dieses 3-9\u00d740 Zielfernrohr absolut wasserdicht, beschlagfrei und sto\u00dffest. Es ist ideal f\u00fcr eine schnellere Zielerfassung bei schlechten Lichtverh\u00e4ltnissen und bei jedem Wetter.<\/p>","protected":false},"featured_media":712,"template":"","meta":[],"product_brand":[],"product_cat":[20],"product_tag":[],"class_list":{"0":"post-711","1":"product","2":"type-product","3":"status-publish","4":"has-post-thumbnail","6":"product_cat-rifle-scope","8":"first","9":"instock","10":"shipping-taxable","11":"product-type-simple"},"_links":{"self":[{"href":"https:\/\/visionkingscope.com\/de\/wp-json\/wp\/v2\/product\/711","targetHints":{"allow":["GET"]}}],"collection":[{"href":"https:\/\/visionkingscope.com\/de\/wp-json\/wp\/v2\/product"}],"about":[{"href":"https:\/\/visionkingscope.com\/de\/wp-json\/wp\/v2\/types\/product"}],"wp:featuredmedia":[{"embeddable":true,"href":"https:\/\/visionkingscope.com\/de\/wp-json\/wp\/v2\/media\/712"}],"wp:attachment":[{"href":"https:\/\/visionkingscope.com\/de\/wp-json\/wp\/v2\/media?parent=711"}],"wp:term":[{"taxonomy":"product_brand","embeddable":true,"href":"https:\/\/visionkingscope.com\/de\/wp-json\/wp\/v2\/product_brand?post=711"},{"taxonomy":"product_cat","embeddable":true,"href":"https:\/\/visionkingscope.com\/de\/wp-json\/wp\/v2\/product_cat?post=711"},{"taxonomy":"product_tag","embeddable":true,"href":"https:\/\/visionkingscope.com\/de\/wp-json\/wp\/v2\/product_tag?post=711"}],"curies":[{"name":"wp","href":"https:\/\/api.w.org\/{rel}","templated":true}]}}