{"id":694,"date":"2026-01-31T09:05:29","date_gmt":"2026-01-31T09:05:29","guid":{"rendered":"https:\/\/visionkingscope.com\/?post_type=product&#038;p=694"},"modified":"2026-01-31T09:10:20","modified_gmt":"2026-01-31T09:10:20","slug":"visionking-1-25-5x26-rifle-scope-ir-hunting-30-mm-three-pin-german1-reticle-223","status":"publish","type":"product","link":"https:\/\/visionkingscope.com\/de\/visionking-1-25-5x26-rifle-scope-ir-hunting-30-mm-three-pin-german1-reticle-223\/","title":{"rendered":"Visionking 1,25-5\u00d726 Zielfernrohr IR Jagd 30 mm Drei-Pin-Fadenkreuz 223"},"content":{"rendered":"<h2>Visionking 1,25-5\u00d726 Gewehrglas IR Jagd-Optiken<\/h2>\n<h3>Spezifikationen:<\/h3>\n<p>Vergr\u00f6\u00dferung: 1,25-5<br \/>\nObjektivlinse: 26 mm<br \/>\nVerg\u00fctung: FMC Gr\u00fcn<br \/>\nSichtfeld: 14\u00b0~ 3,6\u00b0<br \/>\nAusgangspupille: 21-5,2 mm<br \/>\nAugenabstand: 4,3-3,0 Zoll<br \/>\nAufl\u00f6sung: 15\u2033<br \/>\nOberfl\u00e4che: Matt Schwarz<br \/>\nWasserdicht: Ja<br \/>\nStickstoff: Vollst\u00e4ndig gef\u00fclltes Stickstoff<br \/>\nRohrdurchmesser: 30 mm<br \/>\nKlickwert: 0,25\u2032<br \/>\nParallaxe: +0,22SD ~ -0,22SD<br \/>\nVisier: Glasgraviertes Dual-Illuminated-Drei-Pin<br \/>\nBatterie: CR2032 3V (nicht enthalten)<br \/>\nVerpackungsgewicht: 750 g<br \/>\nAbmessungen: 340x96x85 mm<br \/>\nL\u00e4nge: 280 mm<br \/>\nSto\u00dffest: 1000 g<\/p>","protected":false},"excerpt":{"rendered":"<p>Das Visionking 1,25-5X26 Gewehrglas ist mit R\/B beleuchtetem Zielpunkt-Visier, standardem Klickwert und Klappabdeckungen f\u00fcr das Gewehr. Kann auf echten Scharfsch\u00fctzengewehren oder .223 montiert und verwendet werden. Es ist f\u00fcr Scharfsch\u00fctzengewehre oder Airsoft geeignet. Das Visionking 1,25-5X26 Gewehrglas ist vollst\u00e4ndig mit Stickstoff gef\u00fcllt und 100% wasserdicht.<\/p>","protected":false},"featured_media":703,"template":"","meta":[],"product_brand":[],"product_cat":[20],"product_tag":[],"class_list":{"0":"post-694","1":"product","2":"type-product","3":"status-publish","4":"has-post-thumbnail","6":"product_cat-rifle-scope","8":"first","9":"instock","10":"shipping-taxable","11":"product-type-simple"},"_links":{"self":[{"href":"https:\/\/visionkingscope.com\/de\/wp-json\/wp\/v2\/product\/694","targetHints":{"allow":["GET"]}}],"collection":[{"href":"https:\/\/visionkingscope.com\/de\/wp-json\/wp\/v2\/product"}],"about":[{"href":"https:\/\/visionkingscope.com\/de\/wp-json\/wp\/v2\/types\/product"}],"wp:featuredmedia":[{"embeddable":true,"href":"https:\/\/visionkingscope.com\/de\/wp-json\/wp\/v2\/media\/703"}],"wp:attachment":[{"href":"https:\/\/visionkingscope.com\/de\/wp-json\/wp\/v2\/media?parent=694"}],"wp:term":[{"taxonomy":"product_brand","embeddable":true,"href":"https:\/\/visionkingscope.com\/de\/wp-json\/wp\/v2\/product_brand?post=694"},{"taxonomy":"product_cat","embeddable":true,"href":"https:\/\/visionkingscope.com\/de\/wp-json\/wp\/v2\/product_cat?post=694"},{"taxonomy":"product_tag","embeddable":true,"href":"https:\/\/visionkingscope.com\/de\/wp-json\/wp\/v2\/product_tag?post=694"}],"curies":[{"name":"wp","href":"https:\/\/api.w.org\/{rel}","templated":true}]}}