{"id":1089,"date":"2026-02-02T08:19:38","date_gmt":"2026-02-02T08:19:38","guid":{"rendered":"https:\/\/visionkingscope.com\/?post_type=product&#038;p=1089"},"modified":"2026-02-03T03:24:26","modified_gmt":"2026-02-03T03:24:26","slug":"visionking-60-350mm-refractor-astronomical-telescope-monocular-spotting-scope","status":"publish","type":"product","link":"https:\/\/visionkingscope.com\/de\/visionking-60-350mm-refractor-astronomical-telescope-monocular-spotting-scope\/","title":{"rendered":"Visionking 60 350mm Refraktor Astronomisches Teleskop Monokular Spotting Scope"},"content":{"rendered":"<h3>Spezifikationen:<\/h3>\n<ul>\n<li>Objektivdurchmesser: 60 mm<\/li>\n<li>Vergr\u00f6\u00dferung: 14x bis 120x<\/li>\n<li>Brennweite: 350 mm<\/li>\n<li>Verpackungsgewicht: 2,120 kg<\/li>\n<li>Abmessungen: 465x195x140 mm<\/li>\n<\/ul>\n<h3>Verpackungsdetails:<\/h3>\n<ul>\n<li>1 x 350\/60 mm Promo 120X Monokular-Weltraum-Astronomieteleskop<\/li>\n<li>1 x K9 mm Okular<\/li>\n<li>1 x K25 mm Okular<\/li>\n<li>1 x 3X Reichweitenverl\u00e4ngerung<\/li>\n<li>1 x Sucherfernrohr<\/li>\n<li>1 x Sucherfernrohrhalter<\/li>\n<li>1 x Bedienungsanleitung<\/li>\n<li>1 x Reinigungstuch<\/li>\n<li>1 x Metallstativ<\/li>\n<\/ul>","protected":false},"excerpt":{"rendered":"<p>Dieses Visionking 350\u00d760 Refraktor-Objektiv ist ein kompaktes und universelles Teleskop mit heller Bildqualit\u00e4t und hoher Vergr\u00f6\u00dferungskraft. Es eignet sich f\u00fcr astronomische Beobachtungen und f\u00fcr den terrestrischen Einsatz als leistungsstarker Beobachtungsfernrohr, mit 60 mm Objektivdurchmesser und vollverg\u00fctet, sodass es auch bei schlechten Lichtverh\u00e4ltnissen sehr klare Bilder liefert.<\/p>","protected":false},"featured_media":1144,"template":"","meta":[],"product_brand":[],"product_cat":[24],"product_tag":[],"class_list":{"0":"post-1089","1":"product","2":"type-product","3":"status-publish","4":"has-post-thumbnail","6":"product_cat-telescope","8":"first","9":"instock","10":"shipping-taxable","11":"product-type-simple"},"_links":{"self":[{"href":"https:\/\/visionkingscope.com\/de\/wp-json\/wp\/v2\/product\/1089","targetHints":{"allow":["GET"]}}],"collection":[{"href":"https:\/\/visionkingscope.com\/de\/wp-json\/wp\/v2\/product"}],"about":[{"href":"https:\/\/visionkingscope.com\/de\/wp-json\/wp\/v2\/types\/product"}],"wp:featuredmedia":[{"embeddable":true,"href":"https:\/\/visionkingscope.com\/de\/wp-json\/wp\/v2\/media\/1144"}],"wp:attachment":[{"href":"https:\/\/visionkingscope.com\/de\/wp-json\/wp\/v2\/media?parent=1089"}],"wp:term":[{"taxonomy":"product_brand","embeddable":true,"href":"https:\/\/visionkingscope.com\/de\/wp-json\/wp\/v2\/product_brand?post=1089"},{"taxonomy":"product_cat","embeddable":true,"href":"https:\/\/visionkingscope.com\/de\/wp-json\/wp\/v2\/product_cat?post=1089"},{"taxonomy":"product_tag","embeddable":true,"href":"https:\/\/visionkingscope.com\/de\/wp-json\/wp\/v2\/product_tag?post=1089"}],"curies":[{"name":"wp","href":"https:\/\/api.w.org\/{rel}","templated":true}]}}