{"id":1084,"date":"2026-02-02T08:13:18","date_gmt":"2026-02-02T08:13:18","guid":{"rendered":"https:\/\/visionkingscope.com\/?post_type=product&#038;p=1084"},"modified":"2026-02-02T08:13:18","modified_gmt":"2026-02-02T08:13:18","slug":"visionking-400-80mm-refractor-astronomical-telescope-camera-adapter","status":"publish","type":"product","link":"https:\/\/visionkingscope.com\/de\/visionking-400-80mm-refractor-astronomical-telescope-camera-adapter\/","title":{"rendered":"Visionking 400-80mm Refraktor Astronomisches Teleskop &amp; Kameraadapter"},"content":{"rendered":"<h3>Spezifikationen:<\/h3>\n<h4>Teleskop:<\/h4>\n<ul>\n<li>Objektivdurchmesser: 80 mm<\/li>\n<li>Vergr\u00f6\u00dferung: 16x bis 133x<\/li>\n<li>Brennweite: 400 mm<\/li>\n<li>Paketgewicht: 4 kg<\/li>\n<li>Abmessungen: 870x260x145 mm<\/li>\n<\/ul>\n<h4>Kamera-Adapter:<\/h4>\n<ul>\n<li>Universeller Adapter f\u00fcr normale Digitalkameras (nicht DSLR-Spiegelreflexkameras)<\/li>\n<\/ul>\n<h3>Verpackungsdetails:<\/h3>\n<ul>\n<li>1 x 400\/80 mm Promo 133X Monokulares Raum-Astronomieteleskop<\/li>\n<li>1 x K9 mm Okular<\/li>\n<li>1 x K25 mm Okular<\/li>\n<li>1 x 3X Reichweitenverl\u00e4ngerung<\/li>\n<li>1 x Sucherfernrohr<\/li>\n<li>1 x Sucherfernrohrhalter<\/li>\n<li>1 x Bedienungsanleitung<\/li>\n<li>1 x Reinigungstuch<\/li>\n<li>1 x Metallstativ<\/li>\n<li>1 x Transporttasche<\/li>\n<li>1 x Digitalkamera-Adapter<\/li>\n<\/ul>","protected":false},"excerpt":{"rendered":"<p>Dieses Visionking 400\u00d780 Refraktor ist ein kompaktes und universelles Teleskop mit heller Bildqualit\u00e4t und hoher Vergr\u00f6\u00dferungskraft. Es eignet sich f\u00fcr astronomische Beobachtungen und f\u00fcr den terrestrischen Einsatz als leistungsstarker Beobachtungsspotter, mit 80 mm Objektivdurchmesser und vollverg\u00fctet, sodass es auch bei schlechten Lichtverh\u00e4ltnissen sehr klare Bilder liefert. Visionking 80400 sammelt 30% Licht mehr als 70350, und 77% mehr Licht als 60350, sowie 156% mehr Licht als 50350. Mit Kamera-Adapter kann es eine normale Digitalkamera (nicht Spiegelreflexkamera) anschlie\u00dfen, um Fotos zu machen.<\/p>","protected":false},"featured_media":1085,"template":"","meta":[],"product_brand":[],"product_cat":[24],"product_tag":[],"class_list":{"0":"post-1084","1":"product","2":"type-product","3":"status-publish","4":"has-post-thumbnail","6":"product_cat-telescope","8":"first","9":"instock","10":"shipping-taxable","11":"product-type-simple"},"_links":{"self":[{"href":"https:\/\/visionkingscope.com\/de\/wp-json\/wp\/v2\/product\/1084","targetHints":{"allow":["GET"]}}],"collection":[{"href":"https:\/\/visionkingscope.com\/de\/wp-json\/wp\/v2\/product"}],"about":[{"href":"https:\/\/visionkingscope.com\/de\/wp-json\/wp\/v2\/types\/product"}],"wp:featuredmedia":[{"embeddable":true,"href":"https:\/\/visionkingscope.com\/de\/wp-json\/wp\/v2\/media\/1085"}],"wp:attachment":[{"href":"https:\/\/visionkingscope.com\/de\/wp-json\/wp\/v2\/media?parent=1084"}],"wp:term":[{"taxonomy":"product_brand","embeddable":true,"href":"https:\/\/visionkingscope.com\/de\/wp-json\/wp\/v2\/product_brand?post=1084"},{"taxonomy":"product_cat","embeddable":true,"href":"https:\/\/visionkingscope.com\/de\/wp-json\/wp\/v2\/product_cat?post=1084"},{"taxonomy":"product_tag","embeddable":true,"href":"https:\/\/visionkingscope.com\/de\/wp-json\/wp\/v2\/product_tag?post=1084"}],"curies":[{"name":"wp","href":"https:\/\/api.w.org\/{rel}","templated":true}]}}