{"id":1071,"date":"2026-02-02T08:07:59","date_gmt":"2026-02-02T08:07:59","guid":{"rendered":"https:\/\/visionkingscope.com\/?post_type=product&#038;p=1071"},"modified":"2026-02-02T08:07:59","modified_gmt":"2026-02-02T08:07:59","slug":"visionking-900-60-mm-monocular-equatorial-mount-space-astronomical-telescope","status":"publish","type":"product","link":"https:\/\/visionkingscope.com\/de\/visionking-900-60-mm-monocular-equatorial-mount-space-astronomical-telescope\/","title":{"rendered":"Visionking 900-60 mm Monokular \u00c4quatorialmontierung Weltraum, Astronomisches Teleskop"},"content":{"rendered":"<h3>Spezifikationen:<\/h3>\n<ul>\n<li>Brennweite: 900 mm<\/li>\n<li>Durchmesser: 60 mm<\/li>\n<li>Vergr\u00f6\u00dferung:K25mm: 36x; K10mm: 90x<\/li>\n<li>Farbe: Haupts\u00e4chlich Wei\u00df<\/li>\n<li>Gewicht: 6 kg (mit Verpackung)<\/li>\n<li>Abmessungen: 885x140x240 mm<\/li>\n<\/ul>\n<h3>\nVerpackungsdetails:<\/h3>\n<ul>\n<li>1 x 900\/60mm Monokular Weltraum-Astronomieteleskop<\/li>\n<li>1 x K10mm Okular<\/li>\n<li>1 x K25mm Okular<\/li>\n<li>1 x 3X Reichweitenverl\u00e4ngerung<\/li>\n<li>1 x Sucherfernrohr<\/li>\n<li>1 x Sucherfernrohrhalter<\/li>\n<li>1 x Bedienungsanleitung<\/li>\n<li>1 x Reinigungstuch<\/li>\n<li>1 x \u00c4quatorial<\/li>\n<li>1 x Metallstativ Weltraum-Astronomieteleskop<\/li>\n<\/ul>","protected":false},"excerpt":{"rendered":"<p>Visionking 60900 (900\/60mm) Monokular Weltraum-Astronomieteleskop Neu mit hellem Bildqualit\u00e4t und hoher Vergr\u00f6\u00dferungskraft. Mit 60 mm Objektivdurchmesser und voll mehrfachbeschichtet, sodass es auch bei schlechten Lichtverh\u00e4ltnissen sehr klare Bilder liefert.<\/p>","protected":false},"featured_media":1074,"template":"","meta":[],"product_brand":[],"product_cat":[24],"product_tag":[],"class_list":{"0":"post-1071","1":"product","2":"type-product","3":"status-publish","4":"has-post-thumbnail","6":"product_cat-telescope","8":"first","9":"instock","10":"shipping-taxable","11":"product-type-simple"},"_links":{"self":[{"href":"https:\/\/visionkingscope.com\/de\/wp-json\/wp\/v2\/product\/1071","targetHints":{"allow":["GET"]}}],"collection":[{"href":"https:\/\/visionkingscope.com\/de\/wp-json\/wp\/v2\/product"}],"about":[{"href":"https:\/\/visionkingscope.com\/de\/wp-json\/wp\/v2\/types\/product"}],"wp:featuredmedia":[{"embeddable":true,"href":"https:\/\/visionkingscope.com\/de\/wp-json\/wp\/v2\/media\/1074"}],"wp:attachment":[{"href":"https:\/\/visionkingscope.com\/de\/wp-json\/wp\/v2\/media?parent=1071"}],"wp:term":[{"taxonomy":"product_brand","embeddable":true,"href":"https:\/\/visionkingscope.com\/de\/wp-json\/wp\/v2\/product_brand?post=1071"},{"taxonomy":"product_cat","embeddable":true,"href":"https:\/\/visionkingscope.com\/de\/wp-json\/wp\/v2\/product_cat?post=1071"},{"taxonomy":"product_tag","embeddable":true,"href":"https:\/\/visionkingscope.com\/de\/wp-json\/wp\/v2\/product_tag?post=1071"}],"curies":[{"name":"wp","href":"https:\/\/api.w.org\/{rel}","templated":true}]}}