{"id":1062,"date":"2026-02-02T08:02:34","date_gmt":"2026-02-02T08:02:34","guid":{"rendered":"https:\/\/visionkingscope.com\/?post_type=product&#038;p=1062"},"modified":"2026-02-02T08:02:34","modified_gmt":"2026-02-02T08:02:34","slug":"visionking-6-inches-150-1400-mm-eq-newtonian-astronomical-telescope-motor","status":"publish","type":"product","link":"https:\/\/visionkingscope.com\/de\/visionking-6-inches-150-1400-mm-eq-newtonian-astronomical-telescope-motor\/","title":{"rendered":"Visionking 15 cm 150 \u2013 1400 mm EQ Newtonischer Astronomieteleskop+ Motor"},"content":{"rendered":"<h3>Spezifikationen:<\/h3>\n<ul>\n<li>Objektivdurchmesser: 150 mm<\/li>\n<li>Vergr\u00f6\u00dferung: 56x 112x 140x 280x<\/li>\n<li>Brennweite: 1400 mm<\/li>\n<li>Brennweitenverh\u00e4ltnis: f\/9.3<\/li>\n<li>Okular: 1,25\u201d PL10 mm PL25 mm<\/li>\n<li>\u00c4quatorial: EQ4<\/li>\n<li>Stativ: Schweres, gro\u00dfes klappbares Aluminiumstativ<\/li>\n<li>Maximale H\u00f6he: 135 cm<\/li>\n<li>Verpackungsgewicht: 15,5 kg<\/li>\n<li>Abmessungen: 880x460x335 mm<\/li>\n<\/ul>\n<h3>Verpackungsdetails:<\/h3>\n<ul>\n<li>1 x 150\/1400 mm Reflektor-Astronomieteleskop<\/li>\n<li>1 x PL10 mm Okular<\/li>\n<li>1 x PL25 mm Okular<\/li>\n<li>1 x 6\u00d730 Sucherfernrohr<\/li>\n<li>1 x Stativ und \u00c4quatorialmontierung<\/li>\n<li>1 x Bedienungsanleitung<\/li>\n<li>1 x Mondfilter<\/li>\n<li>1 x 2-fach Barlow-Okular<\/li>\n<li>1 x Motor<\/li>\n<\/ul>","protected":false},"excerpt":{"rendered":"<p>Visionking 150-1400 EQ Teleskop mit 150 mm gro\u00dfem Rohr und 1400 mm Brennweite. Es liefert Ihnen superscharfe Bilder vom Himmel bei Nacht. Mit der neuen optischen Technologie von Visionking k\u00f6nnen Sie herausragende Details beim Betrachten des Mondes sehen, und es ist nicht nur gro\u00dfartig f\u00fcr Planetenarbeit, sondern kann auch Details in schwachen, entfernten Galaxien erkennen, daher ist es die beste Wahl f\u00fcr Deep-Space-Beobachtungen.<\/p>","protected":false},"featured_media":1064,"template":"","meta":[],"product_brand":[],"product_cat":[24],"product_tag":[],"class_list":{"0":"post-1062","1":"product","2":"type-product","3":"status-publish","4":"has-post-thumbnail","6":"product_cat-telescope","8":"first","9":"instock","10":"shipping-taxable","11":"product-type-simple"},"_links":{"self":[{"href":"https:\/\/visionkingscope.com\/de\/wp-json\/wp\/v2\/product\/1062","targetHints":{"allow":["GET"]}}],"collection":[{"href":"https:\/\/visionkingscope.com\/de\/wp-json\/wp\/v2\/product"}],"about":[{"href":"https:\/\/visionkingscope.com\/de\/wp-json\/wp\/v2\/types\/product"}],"wp:featuredmedia":[{"embeddable":true,"href":"https:\/\/visionkingscope.com\/de\/wp-json\/wp\/v2\/media\/1064"}],"wp:attachment":[{"href":"https:\/\/visionkingscope.com\/de\/wp-json\/wp\/v2\/media?parent=1062"}],"wp:term":[{"taxonomy":"product_brand","embeddable":true,"href":"https:\/\/visionkingscope.com\/de\/wp-json\/wp\/v2\/product_brand?post=1062"},{"taxonomy":"product_cat","embeddable":true,"href":"https:\/\/visionkingscope.com\/de\/wp-json\/wp\/v2\/product_cat?post=1062"},{"taxonomy":"product_tag","embeddable":true,"href":"https:\/\/visionkingscope.com\/de\/wp-json\/wp\/v2\/product_tag?post=1062"}],"curies":[{"name":"wp","href":"https:\/\/api.w.org\/{rel}","templated":true}]}}