{"id":1057,"date":"2026-02-02T08:00:22","date_gmt":"2026-02-02T08:00:22","guid":{"rendered":"https:\/\/visionkingscope.com\/?post_type=product&#038;p=1057"},"modified":"2026-02-02T08:00:22","modified_gmt":"2026-02-02T08:00:22","slug":"visionking-700-60-1-25-refractor-astronomical-telescope","status":"publish","type":"product","link":"https:\/\/visionkingscope.com\/de\/visionking-700-60-1-25-refractor-astronomical-telescope\/","title":{"rendered":"Visionking 700-60 1,25\u2033 Refraktor-Astronomieteleskop"},"content":{"rendered":"<h3>Spezifikationen:<\/h3>\n<ul>\n<li>Objektivdurchmesser: 60 mm<\/li>\n<li>Vergr\u00f6\u00dferung: 28x bis 210x<\/li>\n<li>Brennweite: 700 mm<\/li>\n<li>Gewicht: 4 kg<\/li>\n<li>Okular: K 10 (1,25 Zoll), K 25 (1,25 Zoll)<\/li>\n<\/ul>\n<h3>Verpackungsdetails:<\/h3>\n<p>1 x 700\/60 mm Promo 120X Astronomieteleskop Geschenkset<br \/>\n1 x K10 mm Okular<br \/>\n1 x K25 mm Okular<br \/>\n1 x 3X Barlow-Okular<br \/>\n1 x Sucherfernrohr<br \/>\n1 x Sucherfernrohrhalter<br \/>\n1 x Bedienungsanleitung<br \/>\n1 x Reinigungstuch<br \/>\n1 x Metallstativ<br \/>\n1 x Diagonalspiegel<\/p>","protected":false},"excerpt":{"rendered":"<p>Dieses Visionking 700\u00d760 Refraktor ist ein kompaktes und universelles Teleskop mit hellem Bild und hoher Vergr\u00f6\u00dferungskraft. Es eignet sich f\u00fcr astronomische Beobachtungen und wird mit einem hohen Stativ geliefert.<\/p>","protected":false},"featured_media":1059,"template":"","meta":[],"product_brand":[],"product_cat":[24],"product_tag":[],"class_list":{"0":"post-1057","1":"product","2":"type-product","3":"status-publish","4":"has-post-thumbnail","6":"product_cat-telescope","8":"first","9":"instock","10":"shipping-taxable","11":"product-type-simple"},"_links":{"self":[{"href":"https:\/\/visionkingscope.com\/de\/wp-json\/wp\/v2\/product\/1057","targetHints":{"allow":["GET"]}}],"collection":[{"href":"https:\/\/visionkingscope.com\/de\/wp-json\/wp\/v2\/product"}],"about":[{"href":"https:\/\/visionkingscope.com\/de\/wp-json\/wp\/v2\/types\/product"}],"wp:featuredmedia":[{"embeddable":true,"href":"https:\/\/visionkingscope.com\/de\/wp-json\/wp\/v2\/media\/1059"}],"wp:attachment":[{"href":"https:\/\/visionkingscope.com\/de\/wp-json\/wp\/v2\/media?parent=1057"}],"wp:term":[{"taxonomy":"product_brand","embeddable":true,"href":"https:\/\/visionkingscope.com\/de\/wp-json\/wp\/v2\/product_brand?post=1057"},{"taxonomy":"product_cat","embeddable":true,"href":"https:\/\/visionkingscope.com\/de\/wp-json\/wp\/v2\/product_cat?post=1057"},{"taxonomy":"product_tag","embeddable":true,"href":"https:\/\/visionkingscope.com\/de\/wp-json\/wp\/v2\/product_tag?post=1057"}],"curies":[{"name":"wp","href":"https:\/\/api.w.org\/{rel}","templated":true}]}}