{"id":1055,"date":"2026-02-02T07:56:55","date_gmt":"2026-02-02T07:56:55","guid":{"rendered":"https:\/\/visionkingscope.com\/?post_type=product&#038;p=1055"},"modified":"2026-02-02T09:06:08","modified_gmt":"2026-02-02T09:06:08","slug":"visionking-700x90mm-scf-astronomical-telescope-refractor-finder-3-head-tripod","status":"publish","type":"product","link":"https:\/\/visionkingscope.com\/de\/visionking-700x90mm-scf-astronomical-telescope-refractor-finder-3-head-tripod\/","title":{"rendered":"Visionking 700x90mm SCF Astronomieteleskop Refraktor Sucher 3 Kopf + Stativ"},"content":{"rendered":"<h3>Spezifikationen:<\/h3>\n<ul>\n<li>Objektivdurchmesser: 90 mm<\/li>\n<li>Vergr\u00f6\u00dferung: K25 mm: 28x, 84x; K9 mm: 78x, 234x<\/li>\n<li>Brennweite: 700 mm<\/li>\n<li>Gewicht: 5,52 kg (mit Verpackung)<\/li>\n<li>Abmessungen: 880x260x150 mm<\/li>\n<li>Linsenbeschichtung: Vollverg\u00fctet<\/li>\n<li>Brennweitenverh\u00e4ltnis: 7,78<\/li>\n<\/ul>\n<h3>Verpackungsdetails:<\/h3>\n<ul>\n<li>1 x 90700 mm Weltraum-Astronomieteleskop<\/li>\n<li>1 x K25 mm Okular<\/li>\n<li>1 x K9 mm Okular<\/li>\n<li>1 x Barlow3X<\/li>\n<li>1 x Sucherfernrohr<\/li>\n<li>1 x Sucherfernrohrhalter<\/li>\n<li>1 x Bedienungsanleitung<\/li>\n<li>1 x Reinigungstuch<\/li>\n<li>1 x Aluminiumstativ<\/li>\n<li>1 x Transporttasche<\/li>\n<\/ul>","protected":false},"excerpt":{"rendered":"<p>Dieses Visionking 700\u00d790 Refraktor ist ein kompaktes und universelles Teleskop mit heller Bildqualit\u00e4t und hoher Vergr\u00f6\u00dferungskraft. Es eignet sich f\u00fcr astronomische Beobachtungen und f\u00fcr terrestrische Anwendungen als leistungsstarker Beobachtungsfernrohr, mit sehr gro\u00dfem 90 mm Objektivdurchmesser und vollverg\u00fctet, sodass es auch bei schlechten Lichtverh\u00e4ltnissen sehr klare Bilder liefert.<\/p>","protected":false},"featured_media":1147,"template":"","meta":[],"product_brand":[],"product_cat":[24],"product_tag":[],"class_list":{"0":"post-1055","1":"product","2":"type-product","3":"status-publish","4":"has-post-thumbnail","6":"product_cat-telescope","8":"first","9":"instock","10":"shipping-taxable","11":"product-type-simple"},"_links":{"self":[{"href":"https:\/\/visionkingscope.com\/de\/wp-json\/wp\/v2\/product\/1055","targetHints":{"allow":["GET"]}}],"collection":[{"href":"https:\/\/visionkingscope.com\/de\/wp-json\/wp\/v2\/product"}],"about":[{"href":"https:\/\/visionkingscope.com\/de\/wp-json\/wp\/v2\/types\/product"}],"wp:featuredmedia":[{"embeddable":true,"href":"https:\/\/visionkingscope.com\/de\/wp-json\/wp\/v2\/media\/1147"}],"wp:attachment":[{"href":"https:\/\/visionkingscope.com\/de\/wp-json\/wp\/v2\/media?parent=1055"}],"wp:term":[{"taxonomy":"product_brand","embeddable":true,"href":"https:\/\/visionkingscope.com\/de\/wp-json\/wp\/v2\/product_brand?post=1055"},{"taxonomy":"product_cat","embeddable":true,"href":"https:\/\/visionkingscope.com\/de\/wp-json\/wp\/v2\/product_cat?post=1055"},{"taxonomy":"product_tag","embeddable":true,"href":"https:\/\/visionkingscope.com\/de\/wp-json\/wp\/v2\/product_tag?post=1055"}],"curies":[{"name":"wp","href":"https:\/\/api.w.org\/{rel}","templated":true}]}}