{"id":1039,"date":"2026-02-02T07:11:25","date_gmt":"2026-02-02T07:11:25","guid":{"rendered":"https:\/\/visionkingscope.com\/?post_type=product&#038;p=1039"},"modified":"2026-02-02T07:11:25","modified_gmt":"2026-02-02T07:11:25","slug":"smart-cell-phone-adapter-for-spotting-scope-telescopes-binoculars-28-47mm-lens","status":"publish","type":"product","link":"https:\/\/visionkingscope.com\/de\/smart-cell-phone-adapter-for-spotting-scope-telescopes-binoculars-28-47mm-lens\/","title":{"rendered":"Smart Handy-Adapter f\u00fcr Spotting-Scopes Teleskope Ferngl\u00e4ser 28-47mm Objektiv"},"content":{"rendered":"<p>Dieser Handy-Adapter ist f\u00fcr die meisten Produkte von Visionking geeignet, au\u00dfer Visionking 30-90x100SS &amp; 15-45X60ED &amp; 12-36X50SS Spotting Scopes (diese drei Modelle haben Okulare mit mehr als 52 mm Durchmesser).<\/p>\n<p>und passt auf alle anderen Visionking Astronomieteleskope &amp; Ferngl\u00e4ser &amp; Monokulare &amp; Spotting Scopes mit 28-47 mm Okulardurchmesser.<\/p>\n<p style=\"font-weight: 900;\"><strong>Spezifikationen:<\/strong><\/p>\n<ul>\n<li><strong>Geh\u00e4usematerial: Hauptaluminium<\/strong><\/li>\n<li><strong>Passendes Objektiv: 28-47 mm<\/strong><\/li>\n<li><strong>Passende Handy-Breite: 54-92 mm<\/strong><\/li>\n<\/ul>","protected":false},"excerpt":{"rendered":"<p>Dieser Handy-Adapter kann f\u00fcr alle Handys mit einer Breite von 54-92mm verwendet werden.<\/p>\n<p>&nbsp;<\/p>","protected":false},"featured_media":1041,"template":"","meta":[],"product_brand":[],"product_cat":[25],"product_tag":[],"class_list":{"0":"post-1039","1":"product","2":"type-product","3":"status-publish","4":"has-post-thumbnail","6":"product_cat-accessories","8":"first","9":"instock","10":"shipping-taxable","11":"product-type-simple"},"_links":{"self":[{"href":"https:\/\/visionkingscope.com\/de\/wp-json\/wp\/v2\/product\/1039","targetHints":{"allow":["GET"]}}],"collection":[{"href":"https:\/\/visionkingscope.com\/de\/wp-json\/wp\/v2\/product"}],"about":[{"href":"https:\/\/visionkingscope.com\/de\/wp-json\/wp\/v2\/types\/product"}],"wp:featuredmedia":[{"embeddable":true,"href":"https:\/\/visionkingscope.com\/de\/wp-json\/wp\/v2\/media\/1041"}],"wp:attachment":[{"href":"https:\/\/visionkingscope.com\/de\/wp-json\/wp\/v2\/media?parent=1039"}],"wp:term":[{"taxonomy":"product_brand","embeddable":true,"href":"https:\/\/visionkingscope.com\/de\/wp-json\/wp\/v2\/product_brand?post=1039"},{"taxonomy":"product_cat","embeddable":true,"href":"https:\/\/visionkingscope.com\/de\/wp-json\/wp\/v2\/product_cat?post=1039"},{"taxonomy":"product_tag","embeddable":true,"href":"https:\/\/visionkingscope.com\/de\/wp-json\/wp\/v2\/product_tag?post=1039"}],"curies":[{"name":"wp","href":"https:\/\/api.w.org\/{rel}","templated":true}]}}