{"id":1031,"date":"2026-02-02T07:04:17","date_gmt":"2026-02-02T07:04:17","guid":{"rendered":"https:\/\/visionkingscope.com\/?post_type=product&#038;p=1031"},"modified":"2026-02-02T07:04:17","modified_gmt":"2026-02-02T07:04:17","slug":"large-eye-lens-universal-camera-adapter-for-spotting-scope-telescope-44-mm-65-mm","status":"publish","type":"product","link":"https:\/\/visionkingscope.com\/de\/large-eye-lens-universal-camera-adapter-for-spotting-scope-telescope-44-mm-65-mm\/","title":{"rendered":"Gro\u00dfes Objektiv-Universal-Kamera-Adapter f\u00fcr Spotting Scope Teleskop 44 mm-65 mm"},"content":{"rendered":"<p><strong>Spezifikationen:<\/strong><\/p>\n<ul>\n<li><strong>Geh\u00e4usematerial: Aluminium<\/strong><\/li>\n<li><strong>Gewicht: 12,4 oz<\/strong><\/li>\n<li><strong>H\u00f6he: 7,8\u2033<\/strong><\/li>\n<li><strong>Geeignete Okul\u00e4rgr\u00f6\u00dfe des Spektivs: 44 mm-65 mm<\/strong><\/li>\n<\/ul>\n<p>&nbsp;<\/p>\n<p><strong>Verpackungsdetails<\/strong>:<\/p>\n<ul>\n<li><strong>Ein Visionking Universal-Kamera-Adapter f\u00fcr gro\u00dfe Augenlinsen.<br \/>\n(Kamera und Spotting-Scope sind nicht enthalten)<\/strong><\/li>\n<\/ul>","protected":false},"excerpt":{"rendered":"<p>Dieser Visionking Universal-Kamera-Adapter erm\u00f6glicht es Ihnen, digitale Bilder durch das Spektiv mit gro\u00dfem Objektiv von 44 mm-65 mm aufzunehmen. Er eignet sich f\u00fcr gro\u00dfe Objektiv-Spotting-Scopes, Gewehr-Scopes.<\/p>","protected":false},"featured_media":1032,"template":"","meta":[],"product_brand":[],"product_cat":[25],"product_tag":[],"class_list":{"0":"post-1031","1":"product","2":"type-product","3":"status-publish","4":"has-post-thumbnail","6":"product_cat-accessories","8":"first","9":"instock","10":"shipping-taxable","11":"product-type-simple"},"_links":{"self":[{"href":"https:\/\/visionkingscope.com\/de\/wp-json\/wp\/v2\/product\/1031","targetHints":{"allow":["GET"]}}],"collection":[{"href":"https:\/\/visionkingscope.com\/de\/wp-json\/wp\/v2\/product"}],"about":[{"href":"https:\/\/visionkingscope.com\/de\/wp-json\/wp\/v2\/types\/product"}],"wp:featuredmedia":[{"embeddable":true,"href":"https:\/\/visionkingscope.com\/de\/wp-json\/wp\/v2\/media\/1032"}],"wp:attachment":[{"href":"https:\/\/visionkingscope.com\/de\/wp-json\/wp\/v2\/media?parent=1031"}],"wp:term":[{"taxonomy":"product_brand","embeddable":true,"href":"https:\/\/visionkingscope.com\/de\/wp-json\/wp\/v2\/product_brand?post=1031"},{"taxonomy":"product_cat","embeddable":true,"href":"https:\/\/visionkingscope.com\/de\/wp-json\/wp\/v2\/product_cat?post=1031"},{"taxonomy":"product_tag","embeddable":true,"href":"https:\/\/visionkingscope.com\/de\/wp-json\/wp\/v2\/product_tag?post=1031"}],"curies":[{"name":"wp","href":"https:\/\/api.w.org\/{rel}","templated":true}]}}