{"id":1026,"date":"2026-02-02T07:00:41","date_gmt":"2026-02-02T07:00:41","guid":{"rendered":"https:\/\/visionkingscope.com\/?post_type=product&#038;p=1026"},"modified":"2026-02-02T07:00:41","modified_gmt":"2026-02-02T07:00:41","slug":"visionking-rifle-scope-rings-35-mm-mounting-223-308-50-cal-6061-picatinny","status":"publish","type":"product","link":"https:\/\/visionkingscope.com\/de\/visionking-rifle-scope-rings-35-mm-mounting-223-308-50-cal-6061-picatinny\/","title":{"rendered":"Visionking Gewehrschaft-Ringe 35 mm Montage .223 .308 .50 cal 6061 Picatinny"},"content":{"rendered":"<h3>Spezifikationen:<\/h3>\n<ul>\n<li>Geh\u00e4usematerial: Hochwertiges 6061 Aluminium<\/li>\n<li>Gewicht(g): 240 g (vor Verpackung)<\/li>\n<li>Ringdurchmesser: 35 mm<\/li>\n<\/ul>\n<h3>\nVerpackungsdetails:<\/h3>\n<ul>\n<li>2 x Ringe<\/li>\n<li>Inbusschl\u00fcssel<\/li>\n<\/ul>","protected":false},"excerpt":{"rendered":"<p>Diese Gewehrglasmontage passt f\u00fcr Gewehrgl\u00e4ser mit 35mm Rohrdurchmesser. Passt f\u00fcr 21mm Picatinny-Schienen. Mit hochwertigem 6061 Aluminium und sechs Schrauben kann sie schwere Lasten bis zu .50 cal tragen.<\/p>","protected":false},"featured_media":1028,"template":"","meta":[],"product_brand":[],"product_cat":[25],"product_tag":[],"class_list":{"0":"post-1026","1":"product","2":"type-product","3":"status-publish","4":"has-post-thumbnail","6":"product_cat-accessories","8":"first","9":"instock","10":"shipping-taxable","11":"product-type-simple"},"_links":{"self":[{"href":"https:\/\/visionkingscope.com\/de\/wp-json\/wp\/v2\/product\/1026","targetHints":{"allow":["GET"]}}],"collection":[{"href":"https:\/\/visionkingscope.com\/de\/wp-json\/wp\/v2\/product"}],"about":[{"href":"https:\/\/visionkingscope.com\/de\/wp-json\/wp\/v2\/types\/product"}],"wp:featuredmedia":[{"embeddable":true,"href":"https:\/\/visionkingscope.com\/de\/wp-json\/wp\/v2\/media\/1028"}],"wp:attachment":[{"href":"https:\/\/visionkingscope.com\/de\/wp-json\/wp\/v2\/media?parent=1026"}],"wp:term":[{"taxonomy":"product_brand","embeddable":true,"href":"https:\/\/visionkingscope.com\/de\/wp-json\/wp\/v2\/product_brand?post=1026"},{"taxonomy":"product_cat","embeddable":true,"href":"https:\/\/visionkingscope.com\/de\/wp-json\/wp\/v2\/product_cat?post=1026"},{"taxonomy":"product_tag","embeddable":true,"href":"https:\/\/visionkingscope.com\/de\/wp-json\/wp\/v2\/product_tag?post=1026"}],"curies":[{"name":"wp","href":"https:\/\/api.w.org\/{rel}","templated":true}]}}